{"id":15420,"date":"2022-11-11T16:22:53","date_gmt":"2022-11-11T16:22:53","guid":{"rendered":"https:\/\/nurigroup.eu\/?page_id=15420"},"modified":"2026-01-20T19:23:34","modified_gmt":"2026-01-20T19:23:34","slug":"avis","status":"publish","type":"page","link":"https:\/\/nurident.com\/fr\/avis\/","title":{"rendered":"avis"},"content":{"rendered":"\t\t<div data-elementor-type=\"wp-page\" data-elementor-id=\"15420\" class=\"elementor elementor-15420\" data-elementor-post-type=\"page\">\n\t\t\t\t\t\t<section class=\"elementor-section elementor-top-section elementor-element elementor-element-49c51f73 elementor-section-boxed elementor-section-height-default elementor-section-height-default\" data-id=\"49c51f73\" data-element_type=\"section\">\n\t\t\t\t\t\t<div class=\"elementor-container elementor-column-gap-default\">\n\t\t\t\t\t<div class=\"elementor-column elementor-col-100 elementor-top-column elementor-element elementor-element-73ca6a0b\" data-id=\"73ca6a0b\" data-element_type=\"column\">\n\t\t\t<div class=\"elementor-widget-wrap elementor-element-populated\">\n\t\t\t\t\t\t<div class=\"elementor-element elementor-element-475ad24 elementor-blockquote--skin-quotation elementor-blockquote--align-center elementor-widget elementor-widget-blockquote\" data-id=\"475ad24\" data-element_type=\"widget\" data-widget_type=\"blockquote.default\">\n\t\t\t\t<div class=\"elementor-widget-container\">\n\t\t\t\t\t\t\t<blockquote class=\"elementor-blockquote\">\n\t\t\t<p class=\"elementor-blockquote__content\">\n\t\t\t\tUn grand bonjour \u00e0u dct Nuri et toutes son \u00e9quipe mais surtout un grand merci pour m'avoir permis de retrouver un sourire et pouvoir m\u00e2cher croquer mastiquer bref une dentition en b\u00e9ton et cela depuis plus de un an PS merci du fond du c\u0153ur dct Nuri et \u00e0 toutes son \u00e9quipe toutes les personnes qui ont vu mon sourire je dis bien toutes mon dis que c'\u00e9tait vraiment du tr\u00e8s tr\u00e8s Bon travail y compris mon ancien dentiste qui m'a dit \u00e0 voi basse mince il nous fait vraiment de la concurrence et pour l'heure nous ne pouvons rivaliser sur tous les plans que ce soit d'ordres financier sur la m\u00e9thode implant \u00e0 charge imm\u00e9diat et rien \u00e0 redire sur le professionnellisme et le s\u00e9rieux vraiment je n'en rajoute pas bref je vais en rester l\u00e0 pour aujourd'hui sans encore une fois vous dire merci.\n\n\t\t\t<\/p>\n\t\t\t\t\t\t\t<div class=\"e-q-footer\">\n\t\t\t\t\t\t\t\t\t\t\t<cite class=\"elementor-blockquote__author\">MOURAD IDER<\/cite>\n\t\t\t\t\t\t\t\t\t\t\t\t\t\t<\/div>\n\t\t\t\t\t<\/blockquote>\n\t\t\t\t\t\t<\/div>\n\t\t\t\t<\/div>\n\t\t\t\t<div class=\"elementor-element elementor-element-18639c1c elementor-testimonial--skin-bubble elementor-testimonial--layout-image_inline elementor-testimonial--align-center elementor-arrows-yes elementor-pagination-type-bullets elementor-widget elementor-widget-testimonial-carousel\" data-id=\"18639c1c\" data-element_type=\"widget\" data-settings=\"{&quot;autoplay_speed&quot;:6000,&quot;show_arrows&quot;:&quot;yes&quot;,&quot;pagination&quot;:&quot;bullets&quot;,&quot;speed&quot;:500,&quot;autoplay&quot;:&quot;yes&quot;,&quot;loop&quot;:&quot;yes&quot;,&quot;pause_on_hover&quot;:&quot;yes&quot;,&quot;pause_on_interaction&quot;:&quot;yes&quot;,&quot;space_between&quot;:{&quot;unit&quot;:&quot;px&quot;,&quot;size&quot;:10,&quot;sizes&quot;:[]},&quot;space_between_tablet&quot;:{&quot;unit&quot;:&quot;px&quot;,&quot;size&quot;:10,&quot;sizes&quot;:[]},&quot;space_between_mobile&quot;:{&quot;unit&quot;:&quot;px&quot;,&quot;size&quot;:10,&quot;sizes&quot;:[]}}\" data-widget_type=\"testimonial-carousel.default\">\n\t\t\t\t<div class=\"elementor-widget-container\">\n\t\t\t\t\t\t\t\t\t<div class=\"elementor-swiper\">\n\t\t\t\t\t<div class=\"elementor-main-swiper swiper\" role=\"region\" aria-roledescription=\"carousel\" aria-label=\"Slides\">\n\t\t\t\t<div class=\"swiper-wrapper\">\n\t\t\t\t\t\t\t\t\t\t\t<div class=\"swiper-slide\" role=\"group\" aria-roledescription=\"slide\">\n\t\t\t\t\t\t\t\t\t<div class=\"elementor-testimonial\">\n\t\t\t\t\t\t\t<div class=\"elementor-testimonial__content\">\n\t\t\t\t\t<div class=\"elementor-testimonial__text\">\n\t\t\t\t\t\tJe remercie cette clinique Nurident et je l'a recommande. Aujourd'hui, je revis gr\u00e2ce \u00e0 Nurident, j'ai des implants \u00e0 vie et vraiment ce sont de bons professionnels dentaires, et ils prennent soin de leurs patients toujours \u00e0 notre \u00e9coute. Je les remercie tous, ils sont tellement gentil accueillant. Merci merci beaucoup.\n\n\t\t\t\t\t<\/div>\n\t\t\t\t\t\t\t\t\t<\/div>\n\t\t\t\t\t\t<div class=\"elementor-testimonial__footer\">\n\t\t\t\t\t\t\t\t<cite class=\"elementor-testimonial__cite\"><span class=\"elementor-testimonial__name\">NATY MAMY-<\/span><\/cite>\t\t\t<\/div>\n\t\t<\/div>\n\t\t\t\t\t\t\t\t<\/div>\n\t\t\t\t\t\t\t\t\t\t\t<div class=\"swiper-slide\" role=\"group\" aria-roledescription=\"slide\">\n\t\t\t\t\t\t\t\t\t<div class=\"elementor-testimonial\">\n\t\t\t\t\t\t\t<div class=\"elementor-testimonial__content\">\n\t\t\t\t\t<div class=\"elementor-testimonial__text\">\n\t\t\t\t\t\tUne \u00e9quipe remarquable d'\u00e9fficassit\u00e9 et de gentillesse. Je vous remercie du confort de vie que vous m'avez redonn\u00e9. Toute ma gratitude Serge Barnel\n\n\t\t\t\t\t<\/div>\n\t\t\t\t\t\t\t\t\t<\/div>\n\t\t\t\t\t\t<div class=\"elementor-testimonial__footer\">\n\t\t\t\t\t\t\t\t<cite class=\"elementor-testimonial__cite\"><span class=\"elementor-testimonial__name\">SERGE BARNEL-<\/span><\/cite>\t\t\t<\/div>\n\t\t<\/div>\n\t\t\t\t\t\t\t\t<\/div>\n\t\t\t\t\t\t\t\t\t\t\t<div class=\"swiper-slide\" role=\"group\" aria-roledescription=\"slide\">\n\t\t\t\t\t\t\t\t\t<div class=\"elementor-testimonial\">\n\t\t\t\t\t\t\t<div class=\"elementor-testimonial__content\">\n\t\t\t\t\t<div class=\"elementor-testimonial__text\">\n\t\t\t\t\t\tJ ai eu la chance de b\u00e9n\u00e9ficier de soins tr\u00e8s importants dans cette clinique, il y a plus de 2 ans maintenant et tout va bien. Cette \u00e9quipe adorable m a redonn\u00e9 le sourire et je ne regrette rien... Bien au contraire je leur dois dor\u00e9navant reconnaissance et affection.\n\n\t\t\t\t\t<\/div>\n\t\t\t\t\t\t\t\t\t<\/div>\n\t\t\t\t\t\t<div class=\"elementor-testimonial__footer\">\n\t\t\t\t\t\t\t\t<cite class=\"elementor-testimonial__cite\"><span class=\"elementor-testimonial__name\">NALI CHOU-<\/span><\/cite>\t\t\t<\/div>\n\t\t<\/div>\n\t\t\t\t\t\t\t\t<\/div>\n\t\t\t\t\t\t\t\t\t\t\t<div class=\"swiper-slide\" role=\"group\" aria-roledescription=\"slide\">\n\t\t\t\t\t\t\t\t\t<div class=\"elementor-testimonial\">\n\t\t\t\t\t\t\t<div class=\"elementor-testimonial__content\">\n\t\t\t\t\t<div class=\"elementor-testimonial__text\">\n\t\t\t\t\t\tD\u00e9j\u00e0 trois ans ,aucun probl\u00e8me,un travail bien fait,aucune douleurs depuis et on appr\u00e9cie de ne plus avoir d\u2019appareils ,une \u00e9quipe accueillante,\u00e0 vos petits soins et d\u2019une rapidit\u00e9 efficace s\u00e9jour agr\u00e9able m\u00eame pouvoir profiter de visiter Sofia sous la neige Encore un grand merci au docteur Nuri et \u00e0 son \u00e9quipe Tous nos v\u0153ux pour l\u2019ann\u00e9e 2020\n\n\t\t\t\t\t<\/div>\n\t\t\t\t\t\t\t\t\t<\/div>\n\t\t\t\t\t\t<div class=\"elementor-testimonial__footer\">\n\t\t\t\t\t\t\t\t<cite class=\"elementor-testimonial__cite\"><span class=\"elementor-testimonial__name\">ROLAND DELAPORTE-<\/span><\/cite>\t\t\t<\/div>\n\t\t<\/div>\n\t\t\t\t\t\t\t\t<\/div>\n\t\t\t\t\t\t\t\t\t\t\t<div class=\"swiper-slide\" role=\"group\" aria-roledescription=\"slide\">\n\t\t\t\t\t\t\t\t\t<div class=\"elementor-testimonial\">\n\t\t\t\t\t\t\t<div class=\"elementor-testimonial__content\">\n\t\t\t\t\t<div class=\"elementor-testimonial__text\">\n\t\t\t\t\t\tje revis avec mon nouveau sourire jamais je n aurais pu le faire en France moins cher a sofia et confiance totale a toute l equipe\n\n\t\t\t\t\t<\/div>\n\t\t\t\t\t\t\t\t\t<\/div>\n\t\t\t\t\t\t<div class=\"elementor-testimonial__footer\">\n\t\t\t\t\t\t\t\t<cite class=\"elementor-testimonial__cite\"><span class=\"elementor-testimonial__name\">EVE BELANGE-<\/span><\/cite>\t\t\t<\/div>\n\t\t<\/div>\n\t\t\t\t\t\t\t\t<\/div>\n\t\t\t\t\t\t\t\t\t\t\t<div class=\"swiper-slide\" role=\"group\" aria-roledescription=\"slide\">\n\t\t\t\t\t\t\t\t\t<div class=\"elementor-testimonial\">\n\t\t\t\t\t\t\t<div class=\"elementor-testimonial__content\">\n\t\t\t\t\t<div class=\"elementor-testimonial__text\">\n\t\t\t\t\t\tDrNuri et son \u00e9quipe extraordinaires !! Le cabinet tr\u00e8s moderne !! N\u2019h\u00e9sitez plus!!! Notre confiance leur est assur\u00e9e \u00e0 100%. F\u00e9licitations\n\n\t\t\t\t\t<\/div>\n\t\t\t\t\t\t\t\t\t<\/div>\n\t\t\t\t\t\t<div class=\"elementor-testimonial__footer\">\n\t\t\t\t\t\t\t\t<cite class=\"elementor-testimonial__cite\"><span class=\"elementor-testimonial__name\">MISAK DEMIRCIOGLU-<\/span><\/cite>\t\t\t<\/div>\n\t\t<\/div>\n\t\t\t\t\t\t\t\t<\/div>\n\t\t\t\t\t\t\t\t\t\t\t<div class=\"swiper-slide\" role=\"group\" aria-roledescription=\"slide\">\n\t\t\t\t\t\t\t\t\t<div class=\"elementor-testimonial\">\n\t\t\t\t\t\t\t<div class=\"elementor-testimonial__content\">\n\t\t\t\t\t<div class=\"elementor-testimonial__text\">\n\t\t\t\t\t\tJ'ai rencontr\u00e9 le Dr. Nuri qui me semble \u00eatre un excellent stomatologue, sp\u00e9cialiste de l'implantation basal dont le s\u00e9rieux et la comp\u00e9tence sont reconnus dans sa communaut\u00e9 professionelle.\n\n\t\t\t\t\t<\/div>\n\t\t\t\t\t\t\t\t\t<\/div>\n\t\t\t\t\t\t<div class=\"elementor-testimonial__footer\">\n\t\t\t\t\t\t\t\t<cite class=\"elementor-testimonial__cite\"><span class=\"elementor-testimonial__name\">CHLOMOU SBOUBINETTE-<\/span><\/cite>\t\t\t<\/div>\n\t\t<\/div>\n\t\t\t\t\t\t\t\t<\/div>\n\t\t\t\t\t\t\t\t\t<\/div>\n\t\t\t\t\t\t\t\t\t\t\t\t\t\t\t<div class=\"elementor-swiper-button elementor-swiper-button-prev\" role=\"button\" tabindex=\"0\" aria-label=\"Previous\">\n\t\t\t\t\t\t\t<i aria-hidden=\"true\" class=\"eicon-chevron-left\"><\/i>\t\t\t\t\t\t<\/div>\n\t\t\t\t\t\t<div class=\"elementor-swiper-button elementor-swiper-button-next\" role=\"button\" tabindex=\"0\" aria-label=\"Next\">\n\t\t\t\t\t\t\t<i aria-hidden=\"true\" class=\"eicon-chevron-right\"><\/i>\t\t\t\t\t\t<\/div>\n\t\t\t\t\t\t\t\t\t\t\t\t\t\t\t\t<div class=\"swiper-pagination\"><\/div>\n\t\t\t\t\t\t\t\t\t\t\t\t<\/div>\n\t\t\t\t<\/div>\n\t\t\t\t\t\t\t\t<\/div>\n\t\t\t\t<\/div>\n\t\t\t\t<div class=\"elementor-element elementor-element-62dc132a elementor-blockquote--skin-quotation elementor-blockquote--align-center elementor-widget elementor-widget-blockquote\" data-id=\"62dc132a\" data-element_type=\"widget\" data-widget_type=\"blockquote.default\">\n\t\t\t\t<div class=\"elementor-widget-container\">\n\t\t\t\t\t\t\t<blockquote class=\"elementor-blockquote\">\n\t\t\t<p class=\"elementor-blockquote__content\">\n\t\t\t\tJe vous \u00e9cris aujourd'hui pour l'excellent travail du Dr S.M Nuri et son \u00e9quipe concernant mon op\u00e9ration dentaire dans votre clinique. J'ai retrouv\u00e9 le plaisir de manger et surtout de m\u00e2cher. Un grand merci pour l'op\u00e9ration dentaire et pour votre accueil dans votre clinique ainsi que professionnalisme. Je suis un patient satisfait et pas facile \u00e0 vivre, je l'admets volontiers. En cette ann\u00e9e de COVID19, Le d\u00e9placement n'a pas \u00e9t\u00e9 simple (confinement) mais, j'ai pass\u00e9 un agr\u00e9able moment \u00e0 Sofia avec un accueil chaleureux et convivial. N'h\u00e9sitez pas \u00e0 faire appelle au service de la clinique pour vos dents, on vous renseignera en fran\u00e7ais avec, je suis sur, une attention toute particuli\u00e8re et personnalis\u00e9. Je vous renouvelle mes remerciements \u00e0 toute l'\u00e9quipe de Nurident pour la qualit\u00e9 du travail. Franck\n\n\t\t\t<\/p>\n\t\t\t\t\t\t\t<div class=\"e-q-footer\">\n\t\t\t\t\t\t\t\t\t\t\t<cite class=\"elementor-blockquote__author\">FRANCK LANK<\/cite>\n\t\t\t\t\t\t\t\t\t\t\t\t\t\t<\/div>\n\t\t\t\t\t<\/blockquote>\n\t\t\t\t\t\t<\/div>\n\t\t\t\t<\/div>\n\t\t\t\t\t<\/div>\n\t\t<\/div>\n\t\t\t\t\t<\/div>\n\t\t<\/section>\n\t\t\t\t<\/div>\n\t\t","protected":false},"excerpt":{"rendered":"<p>Un grand bonjour \u00e0u dct Nuri et toutes son \u00e9quipe mais surtout un grand merci pour m&#8217;avoir permis de retrouver un sourire et pouvoir m\u00e2cher croquer mastiquer bref une dentition en b\u00e9ton et cela depuis plus de un an PS merci du fond du c\u0153ur dct Nuri et \u00e0 toutes son \u00e9quipe toutes les personnes [&hellip;]<\/p>\n","protected":false},"author":2,"featured_media":0,"parent":0,"menu_order":0,"comment_status":"closed","ping_status":"closed","template":"","meta":{"footnotes":""},"class_list":["post-15420","page","type-page","status-publish","hentry"],"_links":{"self":[{"href":"https:\/\/nurident.com\/fr\/wp-json\/wp\/v2\/pages\/15420","targetHints":{"allow":["GET"]}}],"collection":[{"href":"https:\/\/nurident.com\/fr\/wp-json\/wp\/v2\/pages"}],"about":[{"href":"https:\/\/nurident.com\/fr\/wp-json\/wp\/v2\/types\/page"}],"author":[{"embeddable":true,"href":"https:\/\/nurident.com\/fr\/wp-json\/wp\/v2\/users\/2"}],"replies":[{"embeddable":true,"href":"https:\/\/nurident.com\/fr\/wp-json\/wp\/v2\/comments?post=15420"}],"version-history":[{"count":26,"href":"https:\/\/nurident.com\/fr\/wp-json\/wp\/v2\/pages\/15420\/revisions"}],"predecessor-version":[{"id":19542,"href":"https:\/\/nurident.com\/fr\/wp-json\/wp\/v2\/pages\/15420\/revisions\/19542"}],"wp:attachment":[{"href":"https:\/\/nurident.com\/fr\/wp-json\/wp\/v2\/media?parent=15420"}],"curies":[{"name":"wp","href":"https:\/\/api.w.org\/{rel}","templated":true}]}}