{"id":15133,"date":"2022-11-11T15:14:25","date_gmt":"2022-11-11T15:14:25","guid":{"rendered":"https:\/\/nurigroup.eu\/?page_id=15133"},"modified":"2024-03-19T07:59:36","modified_gmt":"2024-03-19T07:59:36","slug":"implant-dentaire","status":"publish","type":"page","link":"https:\/\/nurident.com\/fr\/implant-dentaire\/","title":{"rendered":"implant-dentaire"},"content":{"rendered":"\t\t<div data-elementor-type=\"wp-page\" data-elementor-id=\"15133\" class=\"elementor elementor-15133\" data-elementor-post-type=\"page\">\n\t\t\t\t\t\t<section class=\"elementor-section elementor-top-section elementor-element elementor-element-36ca2706 elementor-section-boxed elementor-section-height-default elementor-section-height-default\" data-id=\"36ca2706\" data-element_type=\"section\">\n\t\t\t\t\t\t<div class=\"elementor-container elementor-column-gap-default\">\n\t\t\t\t\t<div class=\"elementor-column elementor-col-100 elementor-top-column elementor-element elementor-element-274f2042\" data-id=\"274f2042\" data-element_type=\"column\">\n\t\t\t<div class=\"elementor-widget-wrap elementor-element-populated\">\n\t\t\t\t\t\t<div class=\"elementor-element elementor-element-4b51bb3f elementor-widget elementor-widget-heading\" data-id=\"4b51bb3f\" data-element_type=\"widget\" data-widget_type=\"heading.default\">\n\t\t\t\t<div class=\"elementor-widget-container\">\n\t\t\t\t\t<h2 class=\"elementor-heading-title elementor-size-default\">Pourquoi Implants dentaires!\n<\/h2>\t\t\t\t<\/div>\n\t\t\t\t<\/div>\n\t\t\t\t<div class=\"elementor-element elementor-element-3c983425 elementor-widget elementor-widget-text-editor\" data-id=\"3c983425\" data-element_type=\"widget\" data-widget_type=\"text-editor.default\">\n\t\t\t\t<div class=\"elementor-widget-container\">\n\t\t\t\t\t\t\t\t\t<p><b>Qu\u2019est-ce que des implants dentaires ?<\/b><br \/>L&#8217;implant dentaire remplace les racines d&#8217;une ou plusieurs dents manquantes. Apr\u00e8s fixation des couronnes, la fonction masticatoire est restaur\u00e9e.<br \/><b>De quoi sont faits les implants dentaires et dans quels cas sont-ils utilis\u00e9s ?<\/b><br \/>Les implants dentaires sont construits en titane, qui est biocompatible avec le corps humain. Ils peuvent \u00eatre utilis\u00e9s pour traiter une \u00e9dentation partielle ou compl\u00e8te. Lorsque les dents adjacentes sont intactes et qu&#8217;une dent est manquante, il est pr\u00e9f\u00e9rable de placer un implant dentaire avant de scier les dents naturelles pour y fixer des couronnes en mati\u00e8re m\u00e9tallo-c\u00e9ramique. L&#8217;implant dentaire prot\u00e8ge l&#8217;os de la r\u00e9sorption (perte de volume), gr\u00e2ce \u00e0 la charge fonctionnelle qui lui est appliqu\u00e9e suite \u00e0 l&#8217;acte masticatoire. Am\u00e9liore la stabilisation d&#8217;une proth\u00e8se amovible. Les implants dentaires aident \u00e9galement au traitement orthodontique dans certains cas.<\/p>\t\t\t\t\t\t\t\t<\/div>\n\t\t\t\t<\/div>\n\t\t\t\t\t<\/div>\n\t\t<\/div>\n\t\t\t\t\t<\/div>\n\t\t<\/section>\n\t\t\t\t<section class=\"elementor-section elementor-top-section elementor-element elementor-element-3314b54d elementor-section-boxed elementor-section-height-default elementor-section-height-default\" data-id=\"3314b54d\" data-element_type=\"section\">\n\t\t\t\t\t\t<div class=\"elementor-container elementor-column-gap-default\">\n\t\t\t\t\t<div class=\"elementor-column elementor-col-50 elementor-top-column elementor-element elementor-element-31c76386\" data-id=\"31c76386\" data-element_type=\"column\">\n\t\t\t<div class=\"elementor-widget-wrap elementor-element-populated\">\n\t\t\t\t\t\t<div class=\"elementor-element elementor-element-109578d0 elementor-widget elementor-widget-heading\" data-id=\"109578d0\" data-element_type=\"widget\" data-widget_type=\"heading.default\">\n\t\t\t\t<div class=\"elementor-widget-container\">\n\t\t\t\t\t<h2 class=\"elementor-heading-title elementor-size-default\">Pourquoi choisir un traitement d'implant dentaire \u00e0 la place d'une proth\u00e8se mobile ?\n<\/h2>\t\t\t\t<\/div>\n\t\t\t\t<\/div>\n\t\t\t\t<div class=\"elementor-element elementor-element-4aeda14c elementor-widget elementor-widget-text-editor\" data-id=\"4aeda14c\" data-element_type=\"widget\" data-widget_type=\"text-editor.default\">\n\t\t\t\t<div class=\"elementor-widget-container\">\n\t\t\t\t\t\t\t\t\t<div class=\"col-md-6 mr-auto text-bi\"><div class=\"col-md-6 mr-auto text-bi\"><p class=\"mb-4\">Les implants dentaires pr\u00e9sentent un certain nombre d&#8217;avantages par rapport aux proth\u00e8ses dentaires mobiles. La premi\u00e8re raison de choisir un traitement avec des implants dentaires devant la proth\u00e8se mobile est le confort que vous \u00e9prouverez. Les proth\u00e8ses mobiles doivent \u00eatre fix\u00e9s avec de la colle \u00e0 longueur de journ\u00e9e, m\u00eame apr\u00e8s les ayant coll\u00e9 les patients sentent une g\u00eane et la proth\u00e8se se d\u00e9colle tout le temps. Ils craignent souvent que leur proth\u00e8se ne tombe en parlant ou en souriant. De plus, lorsqu&#8217;ils portent des proth\u00e8ses, les patients ne peut pas manger ce qu&#8217;ils veulent et il est n\u00e9cessaire de suivre un r\u00e9gime. Les proth\u00e8ses sont difficiles \u00e0 nettoyer, \u00e0 porter et doivent \u00eatre remplac\u00e9es.Cela n\u2019est pas le cas avec les implants dentaires et les structures proth\u00e9tiques. Les implants ne sont pas amovibles, sont nettoy\u00e9s comme des dents naturelles et n&#8217;ont pas de &#8220;limite d\u2019utilisation&#8221;.<\/p><\/div><\/div>\t\t\t\t\t\t\t\t<\/div>\n\t\t\t\t<\/div>\n\t\t\t\t\t<\/div>\n\t\t<\/div>\n\t\t\t\t<div class=\"elementor-column elementor-col-50 elementor-top-column elementor-element elementor-element-6dbb3fd1\" data-id=\"6dbb3fd1\" data-element_type=\"column\">\n\t\t\t<div class=\"elementor-widget-wrap elementor-element-populated\">\n\t\t\t\t\t\t<div class=\"elementor-element elementor-element-1da38864 elementor-flip-box--effect-flip elementor-flip-box--direction-up elementor-widget elementor-widget-flip-box\" data-id=\"1da38864\" data-element_type=\"widget\" data-widget_type=\"flip-box.default\">\n\t\t\t\t<div class=\"elementor-widget-container\">\n\t\t\t\t\t\t\t<div class=\"elementor-flip-box\" tabindex=\"0\">\n\t\t\t<div class=\"elementor-flip-box__layer elementor-flip-box__front\">\n\t\t\t\t<div class=\"elementor-flip-box__layer__overlay\">\n\t\t\t\t\t<div class=\"elementor-flip-box__layer__inner\">\n\t\t\t\t\t\t\n\t\t\t\t\t\t\n\t\t\t\t\t\t\t\t\t\t\t<\/div>\n\t\t\t\t<\/div>\n\t\t\t<\/div>\n\t\t\t<div class=\"elementor-flip-box__layer elementor-flip-box__back\">\n\t\t\t<div class=\"elementor-flip-box__layer__overlay\">\n\t\t\t\t<div class=\"elementor-flip-box__layer__inner\">\n\t\t\t\t\t\t\t\t\t\t\t<h3 class=\"elementor-flip-box__layer__title\">\n\t\t\t\t\t\t\tWhy choose a treatment with dental implants instead of a removable denture?\t\t\t\t\t\t<\/h3>\n\t\t\t\t\t\n\t\t\t\t\t\t\t\t\t\t\t<div class=\"elementor-flip-box__layer__description\">\n\t\t\t\t\t\t\tDental implants have a number of advantages over removable dentures. The first reason to choose a treatment with dental implants instead of placing removable dentures is the comfort you will feel.\t\t\t\t\t\t<\/div>\n\t\t\t\t\t\n\t\t\t\t\t\t\t\t\t\t\t<a class=\"elementor-flip-box__button elementor-button elementor-size-sm\">\n\t\t\t\t\t\t\tContact\t\t\t\t\t\t<\/a>\n\t\t\t\t\t\t\t\t<\/div>\n\t\t<\/div>\n\t\t<\/div>\n\t\t<\/div>\n\t\t\t\t\t\t<\/div>\n\t\t\t\t<\/div>\n\t\t\t\t\t<\/div>\n\t\t<\/div>\n\t\t\t\t\t<\/div>\n\t\t<\/section>\n\t\t\t\t<section class=\"elementor-section elementor-top-section elementor-element elementor-element-65776661 elementor-section-boxed elementor-section-height-default elementor-section-height-default\" data-id=\"65776661\" data-element_type=\"section\">\n\t\t\t\t\t\t<div class=\"elementor-container elementor-column-gap-default\">\n\t\t\t\t\t<div class=\"elementor-column elementor-col-50 elementor-top-column elementor-element elementor-element-263db0e1\" data-id=\"263db0e1\" data-element_type=\"column\">\n\t\t\t<div class=\"elementor-widget-wrap elementor-element-populated\">\n\t\t\t\t\t\t<div class=\"elementor-element elementor-element-2d53e93d elementor-hidden-mobile elementor-flip-box--effect-flip elementor-flip-box--direction-up elementor-widget elementor-widget-flip-box\" data-id=\"2d53e93d\" data-element_type=\"widget\" data-widget_type=\"flip-box.default\">\n\t\t\t\t<div class=\"elementor-widget-container\">\n\t\t\t\t\t\t\t<div class=\"elementor-flip-box\" tabindex=\"0\">\n\t\t\t<div class=\"elementor-flip-box__layer elementor-flip-box__front\">\n\t\t\t\t<div class=\"elementor-flip-box__layer__overlay\">\n\t\t\t\t\t<div class=\"elementor-flip-box__layer__inner\">\n\t\t\t\t\t\t\n\t\t\t\t\t\t\n\t\t\t\t\t\t\t\t\t\t\t<\/div>\n\t\t\t\t<\/div>\n\t\t\t<\/div>\n\t\t\t<div class=\"elementor-flip-box__layer elementor-flip-box__back\">\n\t\t\t<div class=\"elementor-flip-box__layer__overlay\">\n\t\t\t\t<div class=\"elementor-flip-box__layer__inner\">\n\t\t\t\t\t\t\t\t\t\t\t<h3 class=\"elementor-flip-box__layer__title\">\n\t\t\t\t\t\t\tWhat types of dental implants exist?\t\t\t\t\t\t<\/h3>\n\t\t\t\t\t\n\t\t\t\t\t\t\t\t\t\t\t<div class=\"elementor-flip-box__layer__description\">\n\t\t\t\t\t\t\tThere are different types of dental implants - two-part (classical) and one-part (basal and compressive).\n\t\t\t\t\t\t<\/div>\n\t\t\t\t\t\n\t\t\t\t\t\t\t\t\t\t\t<a class=\"elementor-flip-box__button elementor-button elementor-size-sm\">\n\t\t\t\t\t\t\tContact\t\t\t\t\t\t<\/a>\n\t\t\t\t\t\t\t\t<\/div>\n\t\t<\/div>\n\t\t<\/div>\n\t\t<\/div>\n\t\t\t\t\t\t<\/div>\n\t\t\t\t<\/div>\n\t\t\t\t\t<\/div>\n\t\t<\/div>\n\t\t\t\t<div class=\"elementor-column elementor-col-50 elementor-top-column elementor-element elementor-element-778eac02\" data-id=\"778eac02\" data-element_type=\"column\">\n\t\t\t<div class=\"elementor-widget-wrap elementor-element-populated\">\n\t\t\t\t\t\t<div class=\"elementor-element elementor-element-6d853216 elementor-widget elementor-widget-heading\" data-id=\"6d853216\" data-element_type=\"widget\" data-widget_type=\"heading.default\">\n\t\t\t\t<div class=\"elementor-widget-container\">\n\t\t\t\t\t<h2 class=\"elementor-heading-title elementor-size-default\">Quels types d'implants dentaires existe-il ?\n<\/h2>\t\t\t\t<\/div>\n\t\t\t\t<\/div>\n\t\t\t\t<div class=\"elementor-element elementor-element-705a274d elementor-widget elementor-widget-text-editor\" data-id=\"705a274d\" data-element_type=\"widget\" data-widget_type=\"text-editor.default\">\n\t\t\t\t<div class=\"elementor-widget-container\">\n\t\t\t\t\t\t\t\t\t<p>Il existe diff\u00e9rents types d&#8217;implants dentaires : en deux parties (classique) et en une partie (basale et de compression).<\/p><p><b>Quelle est la diff\u00e9rence entre les implants dentaires classiques et les implants dentaires basaux ?<\/b><\/p><div class=\"col-md-6 ml-auto order-2 text-bi\"><p class=\"mb-4\">Les implants dentaires classiques sont en deux parties. Ils sont plac\u00e9s dans l\u2019os spongieux. Une fois les implants dentaires pos\u00e9s, un certain temps est n\u00e9cessaire pour permettre l&#8217;ost\u00e9oint\u00e9gration (cr\u00e9ation de tissu qui lie l&#8217;os vivant et la surface de l\u2019implant), avant que l\u2019on puisse y fixer des couronnes adapt\u00e9es \u00e0 l&#8217;anatomie des m\u00e2choires (pour la m\u00e2choire sup\u00e9rieure : une dur\u00e9e de 6 mois et pour la partie inf\u00e9rieure : 3 mois). Le succ\u00e8s de ces implants dentaires d\u00e9pend de la sant\u00e9 g\u00e9n\u00e9rale du patient, de l&#8217;\u00e9tat des tissus de la cavit\u00e9 buccale et de la r\u00e9ussite du processus d&#8217;ost\u00e9oint\u00e9gration (il s\u2019agit de ne pas surcharger les implants).<\/p><\/div>\t\t\t\t\t\t\t\t<\/div>\n\t\t\t\t<\/div>\n\t\t\t\t<div class=\"elementor-element elementor-element-8ac4ef1 elementor-hidden-desktop elementor-hidden-tablet elementor-flip-box--effect-flip elementor-flip-box--direction-up elementor-widget elementor-widget-flip-box\" data-id=\"8ac4ef1\" data-element_type=\"widget\" data-widget_type=\"flip-box.default\">\n\t\t\t\t<div class=\"elementor-widget-container\">\n\t\t\t\t\t\t\t<div class=\"elementor-flip-box\" tabindex=\"0\">\n\t\t\t<div class=\"elementor-flip-box__layer elementor-flip-box__front\">\n\t\t\t\t<div class=\"elementor-flip-box__layer__overlay\">\n\t\t\t\t\t<div class=\"elementor-flip-box__layer__inner\">\n\t\t\t\t\t\t\n\t\t\t\t\t\t\n\t\t\t\t\t\t\t\t\t\t\t<\/div>\n\t\t\t\t<\/div>\n\t\t\t<\/div>\n\t\t\t<div class=\"elementor-flip-box__layer elementor-flip-box__back\">\n\t\t\t<div class=\"elementor-flip-box__layer__overlay\">\n\t\t\t\t<div class=\"elementor-flip-box__layer__inner\">\n\t\t\t\t\t\t\t\t\t\t\t<h3 class=\"elementor-flip-box__layer__title\">\n\t\t\t\t\t\t\tWhy choose a treatment with dental implants instead of a removable denture?\t\t\t\t\t\t<\/h3>\n\t\t\t\t\t\n\t\t\t\t\t\t\t\t\t\t\t<div class=\"elementor-flip-box__layer__description\">\n\t\t\t\t\t\t\tDental implants have a number of advantages over removable dentures. The first reason to choose a treatment with dental implants instead of placing removable dentures is the comfort you will feel.\t\t\t\t\t\t<\/div>\n\t\t\t\t\t\n\t\t\t\t\t\t\t\t\t\t\t<a class=\"elementor-flip-box__button elementor-button elementor-size-sm\">\n\t\t\t\t\t\t\tContact\t\t\t\t\t\t<\/a>\n\t\t\t\t\t\t\t\t<\/div>\n\t\t<\/div>\n\t\t<\/div>\n\t\t<\/div>\n\t\t\t\t\t\t<\/div>\n\t\t\t\t<\/div>\n\t\t\t\t\t<\/div>\n\t\t<\/div>\n\t\t\t\t\t<\/div>\n\t\t<\/section>\n\t\t\t\t<section class=\"elementor-section elementor-top-section elementor-element elementor-element-4edbb83b elementor-section-boxed elementor-section-height-default elementor-section-height-default\" data-id=\"4edbb83b\" data-element_type=\"section\">\n\t\t\t\t\t\t<div class=\"elementor-container elementor-column-gap-default\">\n\t\t\t\t\t<div class=\"elementor-column elementor-col-33 elementor-top-column elementor-element elementor-element-6d3ee230\" data-id=\"6d3ee230\" data-element_type=\"column\">\n\t\t\t<div class=\"elementor-widget-wrap\">\n\t\t\t\t\t\t\t<\/div>\n\t\t<\/div>\n\t\t\t\t<div class=\"elementor-column elementor-col-33 elementor-top-column elementor-element elementor-element-20b006fe\" data-id=\"20b006fe\" data-element_type=\"column\">\n\t\t\t<div class=\"elementor-widget-wrap elementor-element-populated\">\n\t\t\t\t\t\t<div class=\"elementor-element elementor-element-629258bb elementor-widget elementor-widget-text-editor\" data-id=\"629258bb\" data-element_type=\"widget\" data-widget_type=\"text-editor.default\">\n\t\t\t\t<div class=\"elementor-widget-container\">\n\t\t\t\t\t\t\t\t\t<p>Lors de la planification de leur placement, il est souvent n\u00e9cessaire de faire une tomodensitom\u00e9trie (scanographie) pour \u00e9valuer le volume osseux disponible. Dans le cas de plus grandes cavit\u00e9s sinusales volumineuses et en pr\u00e9sence d&#8217;une petite quantit\u00e9 d&#8217;os, les implants dentaires ne peuvent pas \u00eatre plac\u00e9s. Tr\u00e8s souvent, le traitement avec des implants dentaires classiques est pr\u00e9c\u00e9d\u00e9 d&#8217;une \u00e9l\u00e9vation des sinus (sinus lift) et d&#8217;une augmentation osseuse, ce qui prolonge le traitement et rend le succ\u00e8s moins pr\u00e9visible. Apr\u00e8s le processus d&#8217;ost\u00e9oint\u00e9gration de l&#8217;implant dentaire, il est n\u00e9cessaire d&#8217;ouvrir et de placer un vis de couverture (qui a pour fonction de former les tissus mous autour de la future couronne). Il est n\u00e9cessaire que le patient attende 15 jours apr\u00e8s la mise en place du vis de couverture, puis des empreintes digitales (directes ou indirectes) sont prises pour la pr\u00e9paration de futures constructions.<br \/><br \/>Les implants dentaires classiques peuvent ne pas aider dans tous les cas, en particulier chez les patients atteints de parodontite s\u00e9v\u00e8re, de perte osseuse importante, ou simplement dans les cas o\u00f9 le patient souhaite retrouver sa fonction masticatoire plus rapidement. Ces cas peuvent \u00eatre trait\u00e9s avec des implants dentaires bicorticaux imm\u00e9diats (implants basaux). Ce sont des implants dentaires monoblocs pour lesquels il n&#8217;est pas n\u00e9cessaire d&#8217;attendre une p\u00e9riode d&#8217;ost\u00e9oint\u00e9gration avant de les ins\u00e9rer. Ils sont plac\u00e9s dans l\u2019os cortical (l&#8217;os le plus dur). Ils peuvent \u00eatre plac\u00e9s m\u00eame en cas de m\u00e2choires partiellement ou compl\u00e8tement \u00e9dent\u00e9es.<br \/>Les implants basaux ne n\u00e9cessitent pas d&#8217;\u00e9l\u00e9vation des sinus ni d&#8217;augmentation osseuse. Le traitement avec des implants basaux peut \u00eatre effectu\u00e9 en seulement quelques jours, avec des bridges. Ils conviennent aux patients fumeurs et aux patients atteints de diab\u00e8te, car ils sont plac\u00e9s dans les couches profondes de l&#8217;os, ne n\u00e9cessitent pas l\u2019\u00e9l\u00e9vation du rabat (comme avec les implants dentaires classiques). Il n&#8217;y a pas non plus de l\u00e9sion tissulaire : aucune blessure n&#8217;est form\u00e9e. En cons\u00e9quence, les tissus r\u00e9cup\u00e8rent plus rapidement et il n&#8217;y a pas de facteurs d\u2019infection bact\u00e9rienne, ce qui garantit le succ\u00e8s du r\u00e9sultat final de ce traitement avec des implants dentaires imm\u00e9diats.<\/p>\t\t\t\t\t\t\t\t<\/div>\n\t\t\t\t<\/div>\n\t\t\t\t\t<\/div>\n\t\t<\/div>\n\t\t\t\t<div class=\"elementor-column elementor-col-33 elementor-top-column elementor-element elementor-element-61326c92\" data-id=\"61326c92\" data-element_type=\"column\">\n\t\t\t<div class=\"elementor-widget-wrap\">\n\t\t\t\t\t\t\t<\/div>\n\t\t<\/div>\n\t\t\t\t\t<\/div>\n\t\t<\/section>\n\t\t\t\t<section class=\"elementor-section elementor-top-section elementor-element elementor-element-784aa4e6 elementor-section-boxed elementor-section-height-default elementor-section-height-default\" data-id=\"784aa4e6\" data-element_type=\"section\">\n\t\t\t\t\t\t<div class=\"elementor-container elementor-column-gap-default\">\n\t\t\t\t\t<div class=\"elementor-column elementor-col-100 elementor-top-column elementor-element elementor-element-45ba871c\" data-id=\"45ba871c\" data-element_type=\"column\">\n\t\t\t<div class=\"elementor-widget-wrap elementor-element-populated\">\n\t\t\t\t\t\t<div class=\"elementor-element elementor-element-78af76a3 elementor-widget elementor-widget-heading\" data-id=\"78af76a3\" data-element_type=\"widget\" data-widget_type=\"heading.default\">\n\t\t\t\t<div class=\"elementor-widget-container\">\n\t\t\t\t\t<h2 class=\"elementor-heading-title elementor-size-default\">Les implants dentaires conviennent-ils aux personnes atteintes de maladies chroniques ?\n<\/h2>\t\t\t\t<\/div>\n\t\t\t\t<\/div>\n\t\t\t\t<div class=\"elementor-element elementor-element-12e54b0a elementor-widget elementor-widget-text-editor\" data-id=\"12e54b0a\" data-element_type=\"widget\" data-widget_type=\"text-editor.default\">\n\t\t\t\t<div class=\"elementor-widget-container\">\n\t\t\t\t\t\t\t\t\t<p>La m\u00e9thode innovante d&#8217;implantologie basale convient aux personnes souffrant de diab\u00e8te, d&#8217;hypertension art\u00e9rielle, de parodontite, ainsi que pour les fumeurs.<br \/><br \/><b>Comment se d\u00e9roule le processus de cicatrisation apr\u00e8s la mise en place des implants dentaires ?<\/b><br \/><br \/>Pendant la p\u00e9riode postop\u00e9ratoire, des gonflements, tensions et un inconfort au niveau de certaines dents sont possibles, mais ce sont de possibles r\u00e9actions physiologiques tout \u00e0 fait normales, qui dispara\u00eetrons assez rapidement tout naturellement. Il est seulement n\u00e9cessaire que vous suiviez vos prescriptions m\u00e9dicamenteuses telles que recommand\u00e9es par votre m\u00e9decin et de ne pas vous nourrir pendant les deux heures suivant la proc\u00e9dure.<br \/><br \/><b>Y a-t-il des douleurs lors de la pose d&#8217;implants dentaires ?<\/b><br \/>Les patients ne ressentent aucune douleur pendant la manipulation, car la proc\u00e9dure est r\u00e9alis\u00e9e sous anesth\u00e9sie locale.<\/p>\t\t\t\t\t\t\t\t<\/div>\n\t\t\t\t<\/div>\n\t\t\t\t\t<\/div>\n\t\t<\/div>\n\t\t\t\t\t<\/div>\n\t\t<\/section>\n\t\t\t\t<\/div>\n\t\t","protected":false},"excerpt":{"rendered":"<p>Pourquoi Implants dentaires! Qu\u2019est-ce que des implants dentaires ?L&#8217;implant dentaire remplace les racines d&#8217;une ou plusieurs dents manquantes. Apr\u00e8s fixation des couronnes, la fonction masticatoire est restaur\u00e9e.De quoi sont faits les implants dentaires et dans quels cas sont-ils utilis\u00e9s ?Les implants dentaires sont construits en titane, qui est biocompatible avec le corps humain. Ils peuvent [&hellip;]<\/p>\n","protected":false},"author":2,"featured_media":0,"parent":0,"menu_order":0,"comment_status":"closed","ping_status":"closed","template":"","meta":{"footnotes":""},"class_list":["post-15133","page","type-page","status-publish","hentry"],"_links":{"self":[{"href":"https:\/\/nurident.com\/fr\/wp-json\/wp\/v2\/pages\/15133","targetHints":{"allow":["GET"]}}],"collection":[{"href":"https:\/\/nurident.com\/fr\/wp-json\/wp\/v2\/pages"}],"about":[{"href":"https:\/\/nurident.com\/fr\/wp-json\/wp\/v2\/types\/page"}],"author":[{"embeddable":true,"href":"https:\/\/nurident.com\/fr\/wp-json\/wp\/v2\/users\/2"}],"replies":[{"embeddable":true,"href":"https:\/\/nurident.com\/fr\/wp-json\/wp\/v2\/comments?post=15133"}],"version-history":[{"count":35,"href":"https:\/\/nurident.com\/fr\/wp-json\/wp\/v2\/pages\/15133\/revisions"}],"predecessor-version":[{"id":19436,"href":"https:\/\/nurident.com\/fr\/wp-json\/wp\/v2\/pages\/15133\/revisions\/19436"}],"wp:attachment":[{"href":"https:\/\/nurident.com\/fr\/wp-json\/wp\/v2\/media?parent=15133"}],"curies":[{"name":"wp","href":"https:\/\/api.w.org\/{rel}","templated":true}]}}