{"id":13988,"date":"2022-11-10T09:49:25","date_gmt":"2022-11-10T09:49:25","guid":{"rendered":"https:\/\/nurigroup.eu\/?page_id=13988"},"modified":"2022-11-21T07:08:08","modified_gmt":"2022-11-21T07:08:08","slug":"27-2","status":"publish","type":"page","link":"https:\/\/nurident.com\/fr\/detail-cas\/27-2\/","title":{"rendered":"27"},"content":{"rendered":"\t\t<div data-elementor-type=\"wp-page\" data-elementor-id=\"13988\" class=\"elementor elementor-13988\" data-elementor-post-type=\"page\">\n\t\t\t\t\t\t<section class=\"elementor-section elementor-top-section elementor-element elementor-element-53fcd5bb elementor-section-boxed elementor-section-height-default elementor-section-height-default\" data-id=\"53fcd5bb\" data-element_type=\"section\">\n\t\t\t\t\t\t<div class=\"elementor-container elementor-column-gap-default\">\n\t\t\t\t\t<div class=\"elementor-column elementor-col-50 elementor-top-column elementor-element elementor-element-43875574\" data-id=\"43875574\" data-element_type=\"column\">\n\t\t\t<div class=\"elementor-widget-wrap elementor-element-populated\">\n\t\t\t\t\t\t<div class=\"elementor-element elementor-element-526ea9c4 elementor-widget elementor-widget-image\" data-id=\"526ea9c4\" data-element_type=\"widget\" data-widget_type=\"image.default\">\n\t\t\t\t<div class=\"elementor-widget-container\">\n\t\t\t\t\t\t\t\t\t\t\t\t\t\t\t\t<a href=\"https:\/\/nurident.com\/fr\/wp-content\/uploads\/2022\/11\/nurident27-1.webp\" data-elementor-open-lightbox=\"yes\" data-elementor-lightbox-title=\"nurident27 (1)\" data-e-action-hash=\"#elementor-action%3Aaction%3Dlightbox%26settings%3DeyJpZCI6OTA0OSwidXJsIjoiaHR0cHM6XC9cL251cmlkZW50LmNvbVwvZnJcL3dwLWNvbnRlbnRcL3VwbG9hZHNcLzIwMjJcLzExXC9udXJpZGVudDI3LTEud2VicCJ9\">\n\t\t\t\t\t\t\t<img fetchpriority=\"high\" decoding=\"async\" width=\"1050\" height=\"789\" src=\"https:\/\/nurident.com\/fr\/wp-content\/uploads\/2022\/11\/nurident27-1.webp\" class=\"attachment-full size-full wp-image-9049\" alt=\"\" srcset=\"https:\/\/nurident.com\/fr\/wp-content\/uploads\/2022\/11\/nurident27-1.webp 1050w, https:\/\/nurident.com\/fr\/wp-content\/uploads\/2022\/11\/nurident27-1-300x225.webp 300w, https:\/\/nurident.com\/fr\/wp-content\/uploads\/2022\/11\/nurident27-1-1024x769.webp 1024w, https:\/\/nurident.com\/fr\/wp-content\/uploads\/2022\/11\/nurident27-1-768x577.webp 768w\" sizes=\"(max-width: 1050px) 100vw, 1050px\" \/>\t\t\t\t\t\t\t\t<\/a>\n\t\t\t\t\t\t\t\t\t\t\t\t\t\t\t<\/div>\n\t\t\t\t<\/div>\n\t\t\t\t<div class=\"elementor-element elementor-element-5891e4b7 elementor-align-justify elementor-hidden-desktop elementor-hidden-mobile elementor-widget elementor-widget-button\" data-id=\"5891e4b7\" data-element_type=\"widget\" data-widget_type=\"button.default\">\n\t\t\t\t<div class=\"elementor-widget-container\">\n\t\t\t\t\t\t\t\t\t<div class=\"elementor-button-wrapper\">\n\t\t\t\t\t<a class=\"elementor-button elementor-button-link elementor-size-md\" href=\"https:\/\/nurident.com\/fr\/contacts\/\">\n\t\t\t\t\t\t<span class=\"elementor-button-content-wrapper\">\n\t\t\t\t\t\t\t\t\t<span class=\"elementor-button-text\">Demande de devis gratuit<\/span>\n\t\t\t\t\t<\/span>\n\t\t\t\t\t<\/a>\n\t\t\t\t<\/div>\n\t\t\t\t\t\t\t\t<\/div>\n\t\t\t\t<\/div>\n\t\t\t\t<div class=\"elementor-element elementor-element-650eb99c elementor-hidden-desktop elementor-hidden-mobile elementor-widget elementor-widget-heading\" data-id=\"650eb99c\" data-element_type=\"widget\" data-widget_type=\"heading.default\">\n\t\t\t\t<div class=\"elementor-widget-container\">\n\t\t\t\t\t<h2 class=\"elementor-heading-title elementor-size-default\">Docteur en charge : Dr. Nuri\n\n<\/h2>\t\t\t\t<\/div>\n\t\t\t\t<\/div>\n\t\t\t\t\t<\/div>\n\t\t<\/div>\n\t\t\t\t<div class=\"elementor-column elementor-col-50 elementor-top-column elementor-element elementor-element-6cdaf6d5\" data-id=\"6cdaf6d5\" data-element_type=\"column\">\n\t\t\t<div class=\"elementor-widget-wrap elementor-element-populated\">\n\t\t\t\t\t\t<div class=\"elementor-element elementor-element-6a31a967 elementor-widget elementor-widget-text-editor\" data-id=\"6a31a967\" data-element_type=\"widget\" data-widget_type=\"text-editor.default\">\n\t\t\t\t<div class=\"elementor-widget-container\">\n\t\t\t\t\t\t\t\t\t<p>Patiente fran\u00e7aise de 44 ans. Cas clinique : Parodontite chronique, \u00e9dentation partielle sur les deux m\u00e2choires, atrophie osseuse s\u00e9v\u00e8re sur m\u00e2choire sup\u00e9rieure, plusieurs l\u00e9sions de carries, couronnes fractur\u00e9es. Esth\u00e9tique, fonction et occlusion perturb\u00e9es. Plan de traitement Extraction de toutes les dents M\u00e2choire sup\u00e9rieure Mise en place de 11 implants dentaires basaux compressifs \u00e0 charge imm\u00e9diate M\u00e2choire inf\u00e9rieure Mise en place de 9 implants dentaires basaux compressifs \u00e0 charge imm\u00e9diate Remodelage des tissus mous et durs, constructions par<b>\u00a0laser avec de la c\u00e9ramique esth\u00e9tique IPS e. Max Ceram\u00a0<\/b>Restauration de l\u2019esth\u00e9tique, la fonction et de l\u2019occlusion\u00a0<b>Dur\u00e9e du traitement : 6 jours<\/b><\/p>\t\t\t\t\t\t\t\t<\/div>\n\t\t\t\t<\/div>\n\t\t\t\t<div class=\"elementor-element elementor-element-71032e65 elementor-hidden-tablet elementor-widget elementor-widget-heading\" data-id=\"71032e65\" data-element_type=\"widget\" data-widget_type=\"heading.default\">\n\t\t\t\t<div class=\"elementor-widget-container\">\n\t\t\t\t\t<h2 class=\"elementor-heading-title elementor-size-default\">Docteur en charge : Dr. Nuri\n\n<\/h2>\t\t\t\t<\/div>\n\t\t\t\t<\/div>\n\t\t\t\t<div class=\"elementor-element elementor-element-2f3f94cd elementor-align-justify elementor-hidden-tablet elementor-widget elementor-widget-button\" data-id=\"2f3f94cd\" data-element_type=\"widget\" data-widget_type=\"button.default\">\n\t\t\t\t<div class=\"elementor-widget-container\">\n\t\t\t\t\t\t\t\t\t<div class=\"elementor-button-wrapper\">\n\t\t\t\t\t<a class=\"elementor-button elementor-button-link elementor-size-md\" href=\"https:\/\/nurident.com\/fr\/contacts\/\">\n\t\t\t\t\t\t<span class=\"elementor-button-content-wrapper\">\n\t\t\t\t\t\t\t\t\t<span class=\"elementor-button-text\">Demande de devis gratuit<\/span>\n\t\t\t\t\t<\/span>\n\t\t\t\t\t<\/a>\n\t\t\t\t<\/div>\n\t\t\t\t\t\t\t\t<\/div>\n\t\t\t\t<\/div>\n\t\t\t\t\t<\/div>\n\t\t<\/div>\n\t\t\t\t\t<\/div>\n\t\t<\/section>\n\t\t\t\t<section class=\"elementor-section elementor-top-section elementor-element elementor-element-4642ebe8 elementor-section-boxed elementor-section-height-default elementor-section-height-default\" data-id=\"4642ebe8\" data-element_type=\"section\">\n\t\t\t\t\t\t<div class=\"elementor-container elementor-column-gap-default\">\n\t\t\t\t\t<div class=\"elementor-column elementor-col-50 elementor-top-column elementor-element elementor-element-2c4eb195\" data-id=\"2c4eb195\" data-element_type=\"column\">\n\t\t\t<div class=\"elementor-widget-wrap elementor-element-populated\">\n\t\t\t\t\t\t<div class=\"elementor-element elementor-element-3754bdbe elementor-widget elementor-widget-image\" data-id=\"3754bdbe\" data-element_type=\"widget\" data-widget_type=\"image.default\">\n\t\t\t\t<div class=\"elementor-widget-container\">\n\t\t\t\t\t\t\t\t\t\t\t\t\t\t\t\t<a href=\"https:\/\/nurident.com\/fr\/wp-content\/uploads\/2022\/11\/nurident27-5.webp\" data-elementor-open-lightbox=\"yes\" data-elementor-lightbox-title=\"nurident27 (5)\" data-e-action-hash=\"#elementor-action%3Aaction%3Dlightbox%26settings%3DeyJpZCI6OTA1MywidXJsIjoiaHR0cHM6XC9cL251cmlkZW50LmNvbVwvZnJcL3dwLWNvbnRlbnRcL3VwbG9hZHNcLzIwMjJcLzExXC9udXJpZGVudDI3LTUud2VicCJ9\">\n\t\t\t\t\t\t\t<img decoding=\"async\" width=\"1200\" height=\"700\" src=\"https:\/\/nurident.com\/fr\/wp-content\/uploads\/2022\/11\/nurident27-5.webp\" class=\"elementor-animation-grow attachment-full size-full wp-image-9053\" alt=\"\" srcset=\"https:\/\/nurident.com\/fr\/wp-content\/uploads\/2022\/11\/nurident27-5.webp 1200w, https:\/\/nurident.com\/fr\/wp-content\/uploads\/2022\/11\/nurident27-5-300x175.webp 300w, https:\/\/nurident.com\/fr\/wp-content\/uploads\/2022\/11\/nurident27-5-1024x597.webp 1024w, https:\/\/nurident.com\/fr\/wp-content\/uploads\/2022\/11\/nurident27-5-768x448.webp 768w\" sizes=\"(max-width: 1200px) 100vw, 1200px\" \/>\t\t\t\t\t\t\t\t<\/a>\n\t\t\t\t\t\t\t\t\t\t\t\t\t\t\t<\/div>\n\t\t\t\t<\/div>\n\t\t\t\t<div class=\"elementor-element elementor-element-3c6970ef elementor-widget elementor-widget-text-editor\" data-id=\"3c6970ef\" data-element_type=\"widget\" data-widget_type=\"text-editor.default\">\n\t\t\t\t<div class=\"elementor-widget-container\">\n\t\t\t\t\t\t\t\t\t<div class=\"col-md-6 box-pic\"><div class=\"col-md-6 box-pic\"><div class=\"col-md-6 box-pic\"><p class=\"detail-cases\" data-explain=\"1\">1- Apr\u00e8s traitement avec implants dentaires \u00e0 charge imm\u00e9diate et constructions faites par laser avec de la c\u00e9ramique esth\u00e9tique IPS e. Max Ceram chez NuriDent<\/p><\/div><\/div><\/div>\t\t\t\t\t\t\t\t<\/div>\n\t\t\t\t<\/div>\n\t\t\t\t\t<\/div>\n\t\t<\/div>\n\t\t\t\t<div class=\"elementor-column elementor-col-50 elementor-top-column elementor-element elementor-element-874a990\" data-id=\"874a990\" data-element_type=\"column\">\n\t\t\t<div class=\"elementor-widget-wrap elementor-element-populated\">\n\t\t\t\t\t\t<div class=\"elementor-element elementor-element-312239d2 elementor-widget elementor-widget-image\" data-id=\"312239d2\" data-element_type=\"widget\" data-widget_type=\"image.default\">\n\t\t\t\t<div class=\"elementor-widget-container\">\n\t\t\t\t\t\t\t\t\t\t\t\t\t\t\t\t<a href=\"https:\/\/nurident.com\/fr\/wp-content\/uploads\/2022\/11\/nurident27-9.webp\" data-elementor-open-lightbox=\"yes\" data-elementor-lightbox-title=\"nurident27 (9)\" data-e-action-hash=\"#elementor-action%3Aaction%3Dlightbox%26settings%3DeyJpZCI6OTA1NywidXJsIjoiaHR0cHM6XC9cL251cmlkZW50LmNvbVwvZnJcL3dwLWNvbnRlbnRcL3VwbG9hZHNcLzIwMjJcLzExXC9udXJpZGVudDI3LTkud2VicCJ9\">\n\t\t\t\t\t\t\t<img decoding=\"async\" width=\"1200\" height=\"700\" src=\"https:\/\/nurident.com\/fr\/wp-content\/uploads\/2022\/11\/nurident27-9.webp\" class=\"elementor-animation-grow attachment-full size-full wp-image-9057\" alt=\"\" srcset=\"https:\/\/nurident.com\/fr\/wp-content\/uploads\/2022\/11\/nurident27-9.webp 1200w, https:\/\/nurident.com\/fr\/wp-content\/uploads\/2022\/11\/nurident27-9-300x175.webp 300w, https:\/\/nurident.com\/fr\/wp-content\/uploads\/2022\/11\/nurident27-9-1024x597.webp 1024w, https:\/\/nurident.com\/fr\/wp-content\/uploads\/2022\/11\/nurident27-9-768x448.webp 768w\" sizes=\"(max-width: 1200px) 100vw, 1200px\" \/>\t\t\t\t\t\t\t\t<\/a>\n\t\t\t\t\t\t\t\t\t\t\t\t\t\t\t<\/div>\n\t\t\t\t<\/div>\n\t\t\t\t<div class=\"elementor-element elementor-element-2a973ee elementor-widget elementor-widget-text-editor\" data-id=\"2a973ee\" data-element_type=\"widget\" data-widget_type=\"text-editor.default\">\n\t\t\t\t<div class=\"elementor-widget-container\">\n\t\t\t\t\t\t\t\t\t<div class=\"col-md-6 box-pic\"><div class=\"col-md-6 box-pic\"><p class=\"detail-cases\" data-explain=\"1\">2- Avant traitement<\/p><\/div><\/div>\t\t\t\t\t\t\t\t<\/div>\n\t\t\t\t<\/div>\n\t\t\t\t\t<\/div>\n\t\t<\/div>\n\t\t\t\t\t<\/div>\n\t\t<\/section>\n\t\t\t\t<section class=\"elementor-section elementor-top-section elementor-element elementor-element-66badb64 elementor-section-boxed elementor-section-height-default elementor-section-height-default\" data-id=\"66badb64\" data-element_type=\"section\">\n\t\t\t\t\t\t<div class=\"elementor-container elementor-column-gap-default\">\n\t\t\t\t\t<div class=\"elementor-column elementor-col-50 elementor-top-column elementor-element elementor-element-766ad324\" data-id=\"766ad324\" data-element_type=\"column\">\n\t\t\t<div class=\"elementor-widget-wrap elementor-element-populated\">\n\t\t\t\t\t\t<div class=\"elementor-element elementor-element-4b52747d elementor-widget elementor-widget-image\" data-id=\"4b52747d\" data-element_type=\"widget\" data-widget_type=\"image.default\">\n\t\t\t\t<div class=\"elementor-widget-container\">\n\t\t\t\t\t\t\t\t\t\t\t\t\t\t\t\t<a href=\"https:\/\/nurident.com\/fr\/wp-content\/uploads\/2022\/11\/nurident27-2.webp\" data-elementor-open-lightbox=\"yes\" data-elementor-lightbox-title=\"nurident27 (2)\" data-e-action-hash=\"#elementor-action%3Aaction%3Dlightbox%26settings%3DeyJpZCI6OTA1MCwidXJsIjoiaHR0cHM6XC9cL251cmlkZW50LmNvbVwvZnJcL3dwLWNvbnRlbnRcL3VwbG9hZHNcLzIwMjJcLzExXC9udXJpZGVudDI3LTIud2VicCJ9\">\n\t\t\t\t\t\t\t<img loading=\"lazy\" decoding=\"async\" width=\"1200\" height=\"700\" src=\"https:\/\/nurident.com\/fr\/wp-content\/uploads\/2022\/11\/nurident27-2.webp\" class=\"elementor-animation-grow attachment-full size-full wp-image-9050\" alt=\"\" srcset=\"https:\/\/nurident.com\/fr\/wp-content\/uploads\/2022\/11\/nurident27-2.webp 1200w, https:\/\/nurident.com\/fr\/wp-content\/uploads\/2022\/11\/nurident27-2-300x175.webp 300w, https:\/\/nurident.com\/fr\/wp-content\/uploads\/2022\/11\/nurident27-2-1024x597.webp 1024w, https:\/\/nurident.com\/fr\/wp-content\/uploads\/2022\/11\/nurident27-2-768x448.webp 768w\" sizes=\"(max-width: 1200px) 100vw, 1200px\" \/>\t\t\t\t\t\t\t\t<\/a>\n\t\t\t\t\t\t\t\t\t\t\t\t\t\t\t<\/div>\n\t\t\t\t<\/div>\n\t\t\t\t<div class=\"elementor-element elementor-element-7b5a4887 elementor-widget elementor-widget-text-editor\" data-id=\"7b5a4887\" data-element_type=\"widget\" data-widget_type=\"text-editor.default\">\n\t\t\t\t<div class=\"elementor-widget-container\">\n\t\t\t\t\t\t\t\t\t<div class=\"col-md-6 box-pic\"><div class=\"col-md-6 box-pic\"><div class=\"col-md-6 box-pic\"><p class=\"detail-cases\" data-explain=\"1\">3- Radio panoramique avant traitement<\/p><\/div><\/div><\/div>\t\t\t\t\t\t\t\t<\/div>\n\t\t\t\t<\/div>\n\t\t\t\t\t<\/div>\n\t\t<\/div>\n\t\t\t\t<div class=\"elementor-column elementor-col-50 elementor-top-column elementor-element elementor-element-23458759\" data-id=\"23458759\" data-element_type=\"column\">\n\t\t\t<div class=\"elementor-widget-wrap elementor-element-populated\">\n\t\t\t\t\t\t<div class=\"elementor-element elementor-element-39312745 elementor-widget elementor-widget-image\" data-id=\"39312745\" data-element_type=\"widget\" data-widget_type=\"image.default\">\n\t\t\t\t<div class=\"elementor-widget-container\">\n\t\t\t\t\t\t\t\t\t\t\t\t\t\t\t\t<a href=\"https:\/\/nurident.com\/fr\/wp-content\/uploads\/2022\/11\/nurident27-4.webp\" data-elementor-open-lightbox=\"yes\" data-elementor-lightbox-title=\"nurident27 (4)\" data-e-action-hash=\"#elementor-action%3Aaction%3Dlightbox%26settings%3DeyJpZCI6OTA1MiwidXJsIjoiaHR0cHM6XC9cL251cmlkZW50LmNvbVwvZnJcL3dwLWNvbnRlbnRcL3VwbG9hZHNcLzIwMjJcLzExXC9udXJpZGVudDI3LTQud2VicCJ9\">\n\t\t\t\t\t\t\t<img loading=\"lazy\" decoding=\"async\" width=\"1200\" height=\"700\" src=\"https:\/\/nurident.com\/fr\/wp-content\/uploads\/2022\/11\/nurident27-4.webp\" class=\"elementor-animation-grow attachment-full size-full wp-image-9052\" alt=\"\" srcset=\"https:\/\/nurident.com\/fr\/wp-content\/uploads\/2022\/11\/nurident27-4.webp 1200w, https:\/\/nurident.com\/fr\/wp-content\/uploads\/2022\/11\/nurident27-4-300x175.webp 300w, https:\/\/nurident.com\/fr\/wp-content\/uploads\/2022\/11\/nurident27-4-1024x597.webp 1024w, https:\/\/nurident.com\/fr\/wp-content\/uploads\/2022\/11\/nurident27-4-768x448.webp 768w\" sizes=\"(max-width: 1200px) 100vw, 1200px\" \/>\t\t\t\t\t\t\t\t<\/a>\n\t\t\t\t\t\t\t\t\t\t\t\t\t\t\t<\/div>\n\t\t\t\t<\/div>\n\t\t\t\t<div class=\"elementor-element elementor-element-39b5b9c2 elementor-widget elementor-widget-text-editor\" data-id=\"39b5b9c2\" data-element_type=\"widget\" data-widget_type=\"text-editor.default\">\n\t\t\t\t<div class=\"elementor-widget-container\">\n\t\t\t\t\t\t\t\t\t<div class=\"col-md-6 box-pic\"><div class=\"col-md-6 box-pic\"><div class=\"col-md-6 box-pic\"><p class=\"detail-cases\" data-explain=\"1\">4- Radio panoramique avec implants dentaires \u00e0 charge imm\u00e9diate<\/p><\/div><\/div><\/div>\t\t\t\t\t\t\t\t<\/div>\n\t\t\t\t<\/div>\n\t\t\t\t\t<\/div>\n\t\t<\/div>\n\t\t\t\t\t<\/div>\n\t\t<\/section>\n\t\t\t\t<section class=\"elementor-section elementor-top-section elementor-element elementor-element-2038c5ae elementor-section-boxed elementor-section-height-default elementor-section-height-default\" data-id=\"2038c5ae\" data-element_type=\"section\">\n\t\t\t\t\t\t<div class=\"elementor-container elementor-column-gap-default\">\n\t\t\t\t\t<div class=\"elementor-column elementor-col-50 elementor-top-column elementor-element elementor-element-2cbd6d8e\" data-id=\"2cbd6d8e\" data-element_type=\"column\">\n\t\t\t<div class=\"elementor-widget-wrap elementor-element-populated\">\n\t\t\t\t\t\t<div class=\"elementor-element elementor-element-36f2dff0 elementor-widget elementor-widget-image\" data-id=\"36f2dff0\" data-element_type=\"widget\" data-widget_type=\"image.default\">\n\t\t\t\t<div class=\"elementor-widget-container\">\n\t\t\t\t\t\t\t\t\t\t\t\t\t\t\t\t<a href=\"https:\/\/nurident.com\/fr\/wp-content\/uploads\/2022\/11\/nurident27-7.webp\" data-elementor-open-lightbox=\"yes\" data-elementor-lightbox-title=\"nurident27 (7)\" data-e-action-hash=\"#elementor-action%3Aaction%3Dlightbox%26settings%3DeyJpZCI6OTA1NSwidXJsIjoiaHR0cHM6XC9cL251cmlkZW50LmNvbVwvZnJcL3dwLWNvbnRlbnRcL3VwbG9hZHNcLzIwMjJcLzExXC9udXJpZGVudDI3LTcud2VicCJ9\">\n\t\t\t\t\t\t\t<img loading=\"lazy\" decoding=\"async\" width=\"1200\" height=\"700\" src=\"https:\/\/nurident.com\/fr\/wp-content\/uploads\/2022\/11\/nurident27-7.webp\" class=\"elementor-animation-grow attachment-full size-full wp-image-9055\" alt=\"\" srcset=\"https:\/\/nurident.com\/fr\/wp-content\/uploads\/2022\/11\/nurident27-7.webp 1200w, https:\/\/nurident.com\/fr\/wp-content\/uploads\/2022\/11\/nurident27-7-300x175.webp 300w, https:\/\/nurident.com\/fr\/wp-content\/uploads\/2022\/11\/nurident27-7-1024x597.webp 1024w, https:\/\/nurident.com\/fr\/wp-content\/uploads\/2022\/11\/nurident27-7-768x448.webp 768w\" sizes=\"(max-width: 1200px) 100vw, 1200px\" \/>\t\t\t\t\t\t\t\t<\/a>\n\t\t\t\t\t\t\t\t\t\t\t\t\t\t\t<\/div>\n\t\t\t\t<\/div>\n\t\t\t\t<div class=\"elementor-element elementor-element-1dc8b99e elementor-widget elementor-widget-text-editor\" data-id=\"1dc8b99e\" data-element_type=\"widget\" data-widget_type=\"text-editor.default\">\n\t\t\t\t<div class=\"elementor-widget-container\">\n\t\t\t\t\t\t\t\t\t<div class=\"col-md-6 box-pic\"><div class=\"col-md-6 box-pic\"><div class=\"col-md-6 box-pic\"><p class=\"detail-cases\" data-explain=\"1\">5- M\u00e2choire sup\u00e9rieure avec implants dentaires \u00e0 charge imm\u00e9diate<\/p><\/div><\/div><\/div>\t\t\t\t\t\t\t\t<\/div>\n\t\t\t\t<\/div>\n\t\t\t\t\t<\/div>\n\t\t<\/div>\n\t\t\t\t<div class=\"elementor-column elementor-col-50 elementor-top-column elementor-element elementor-element-461e4aca\" data-id=\"461e4aca\" data-element_type=\"column\">\n\t\t\t<div class=\"elementor-widget-wrap elementor-element-populated\">\n\t\t\t\t\t\t<div class=\"elementor-element elementor-element-6e625975 elementor-widget elementor-widget-image\" data-id=\"6e625975\" data-element_type=\"widget\" data-widget_type=\"image.default\">\n\t\t\t\t<div class=\"elementor-widget-container\">\n\t\t\t\t\t\t\t\t\t\t\t\t\t\t\t\t<a href=\"https:\/\/nurident.com\/fr\/wp-content\/uploads\/2022\/11\/nurident27-6.webp\" data-elementor-open-lightbox=\"yes\" data-elementor-lightbox-title=\"nurident27 (6)\" data-e-action-hash=\"#elementor-action%3Aaction%3Dlightbox%26settings%3DeyJpZCI6OTA1NCwidXJsIjoiaHR0cHM6XC9cL251cmlkZW50LmNvbVwvZnJcL3dwLWNvbnRlbnRcL3VwbG9hZHNcLzIwMjJcLzExXC9udXJpZGVudDI3LTYud2VicCJ9\">\n\t\t\t\t\t\t\t<img loading=\"lazy\" decoding=\"async\" width=\"1200\" height=\"700\" src=\"https:\/\/nurident.com\/fr\/wp-content\/uploads\/2022\/11\/nurident27-6.webp\" class=\"elementor-animation-grow attachment-full size-full wp-image-9054\" alt=\"\" srcset=\"https:\/\/nurident.com\/fr\/wp-content\/uploads\/2022\/11\/nurident27-6.webp 1200w, https:\/\/nurident.com\/fr\/wp-content\/uploads\/2022\/11\/nurident27-6-300x175.webp 300w, https:\/\/nurident.com\/fr\/wp-content\/uploads\/2022\/11\/nurident27-6-1024x597.webp 1024w, https:\/\/nurident.com\/fr\/wp-content\/uploads\/2022\/11\/nurident27-6-768x448.webp 768w\" sizes=\"(max-width: 1200px) 100vw, 1200px\" \/>\t\t\t\t\t\t\t\t<\/a>\n\t\t\t\t\t\t\t\t\t\t\t\t\t\t\t<\/div>\n\t\t\t\t<\/div>\n\t\t\t\t<div class=\"elementor-element elementor-element-2dd79c18 elementor-widget elementor-widget-text-editor\" data-id=\"2dd79c18\" data-element_type=\"widget\" data-widget_type=\"text-editor.default\">\n\t\t\t\t<div class=\"elementor-widget-container\">\n\t\t\t\t\t\t\t\t\t<div class=\"col-md-6 box-pic\"><div class=\"col-md-6 box-pic\"><div class=\"col-md-6 box-pic\"><p class=\"detail-cases\" data-explain=\"1\">6- M\u00e2choire inf\u00e9rieure avec implants dentaires \u00e0 charge imm\u00e9diate<\/p><\/div><\/div><\/div>\t\t\t\t\t\t\t\t<\/div>\n\t\t\t\t<\/div>\n\t\t\t\t\t<\/div>\n\t\t<\/div>\n\t\t\t\t\t<\/div>\n\t\t<\/section>\n\t\t\t\t<section class=\"elementor-section elementor-top-section elementor-element elementor-element-4eacd466 elementor-section-boxed elementor-section-height-default elementor-section-height-default\" data-id=\"4eacd466\" data-element_type=\"section\">\n\t\t\t\t\t\t<div class=\"elementor-container elementor-column-gap-default\">\n\t\t\t\t\t<div class=\"elementor-column elementor-col-50 elementor-top-column elementor-element elementor-element-363d2eef\" data-id=\"363d2eef\" data-element_type=\"column\">\n\t\t\t<div class=\"elementor-widget-wrap elementor-element-populated\">\n\t\t\t\t\t\t<div class=\"elementor-element elementor-element-39d66efc elementor-widget elementor-widget-image\" data-id=\"39d66efc\" data-element_type=\"widget\" data-widget_type=\"image.default\">\n\t\t\t\t<div class=\"elementor-widget-container\">\n\t\t\t\t\t\t\t\t\t\t\t\t\t\t\t\t<a href=\"https:\/\/nurident.com\/fr\/wp-content\/uploads\/2022\/11\/nurident27-8.webp\" data-elementor-open-lightbox=\"yes\" data-elementor-lightbox-title=\"nurident27 (8)\" data-e-action-hash=\"#elementor-action%3Aaction%3Dlightbox%26settings%3DeyJpZCI6OTA1NiwidXJsIjoiaHR0cHM6XC9cL251cmlkZW50LmNvbVwvZnJcL3dwLWNvbnRlbnRcL3VwbG9hZHNcLzIwMjJcLzExXC9udXJpZGVudDI3LTgud2VicCJ9\">\n\t\t\t\t\t\t\t<img loading=\"lazy\" decoding=\"async\" width=\"1200\" height=\"700\" src=\"https:\/\/nurident.com\/fr\/wp-content\/uploads\/2022\/11\/nurident27-8.webp\" class=\"elementor-animation-grow attachment-full size-full wp-image-9056\" alt=\"\" srcset=\"https:\/\/nurident.com\/fr\/wp-content\/uploads\/2022\/11\/nurident27-8.webp 1200w, https:\/\/nurident.com\/fr\/wp-content\/uploads\/2022\/11\/nurident27-8-300x175.webp 300w, https:\/\/nurident.com\/fr\/wp-content\/uploads\/2022\/11\/nurident27-8-1024x597.webp 1024w, https:\/\/nurident.com\/fr\/wp-content\/uploads\/2022\/11\/nurident27-8-768x448.webp 768w\" sizes=\"(max-width: 1200px) 100vw, 1200px\" \/>\t\t\t\t\t\t\t\t<\/a>\n\t\t\t\t\t\t\t\t\t\t\t\t\t\t\t<\/div>\n\t\t\t\t<\/div>\n\t\t\t\t<div class=\"elementor-element elementor-element-4186d921 elementor-widget elementor-widget-text-editor\" data-id=\"4186d921\" data-element_type=\"widget\" data-widget_type=\"text-editor.default\">\n\t\t\t\t<div class=\"elementor-widget-container\">\n\t\t\t\t\t\t\t\t\t<div class=\"col-md-6 box-pic\"><div class=\"col-md-6 box-pic\"><div class=\"col-md-6 box-pic\"><p class=\"detail-cases\" data-explain=\"1\">7- Sourire avant traitement<\/p><\/div><\/div><\/div>\t\t\t\t\t\t\t\t<\/div>\n\t\t\t\t<\/div>\n\t\t\t\t\t<\/div>\n\t\t<\/div>\n\t\t\t\t<div class=\"elementor-column elementor-col-50 elementor-top-column elementor-element elementor-element-29a8c6a3\" data-id=\"29a8c6a3\" data-element_type=\"column\">\n\t\t\t<div class=\"elementor-widget-wrap elementor-element-populated\">\n\t\t\t\t\t\t<div class=\"elementor-element elementor-element-6c798805 elementor-widget elementor-widget-image\" data-id=\"6c798805\" data-element_type=\"widget\" data-widget_type=\"image.default\">\n\t\t\t\t<div class=\"elementor-widget-container\">\n\t\t\t\t\t\t\t\t\t\t\t\t\t\t\t\t<a href=\"https:\/\/nurident.com\/fr\/wp-content\/uploads\/2022\/11\/nurident27-3.webp\" data-elementor-open-lightbox=\"yes\" data-elementor-lightbox-title=\"nurident27 (3)\" data-e-action-hash=\"#elementor-action%3Aaction%3Dlightbox%26settings%3DeyJpZCI6OTA1MSwidXJsIjoiaHR0cHM6XC9cL251cmlkZW50LmNvbVwvZnJcL3dwLWNvbnRlbnRcL3VwbG9hZHNcLzIwMjJcLzExXC9udXJpZGVudDI3LTMud2VicCJ9\">\n\t\t\t\t\t\t\t<img loading=\"lazy\" decoding=\"async\" width=\"1200\" height=\"700\" src=\"https:\/\/nurident.com\/fr\/wp-content\/uploads\/2022\/11\/nurident27-3.webp\" class=\"elementor-animation-grow attachment-full size-full wp-image-9051\" alt=\"\" srcset=\"https:\/\/nurident.com\/fr\/wp-content\/uploads\/2022\/11\/nurident27-3.webp 1200w, https:\/\/nurident.com\/fr\/wp-content\/uploads\/2022\/11\/nurident27-3-300x175.webp 300w, https:\/\/nurident.com\/fr\/wp-content\/uploads\/2022\/11\/nurident27-3-1024x597.webp 1024w, https:\/\/nurident.com\/fr\/wp-content\/uploads\/2022\/11\/nurident27-3-768x448.webp 768w\" sizes=\"(max-width: 1200px) 100vw, 1200px\" \/>\t\t\t\t\t\t\t\t<\/a>\n\t\t\t\t\t\t\t\t\t\t\t\t\t\t\t<\/div>\n\t\t\t\t<\/div>\n\t\t\t\t<div class=\"elementor-element elementor-element-528c9dad elementor-widget elementor-widget-text-editor\" data-id=\"528c9dad\" data-element_type=\"widget\" data-widget_type=\"text-editor.default\">\n\t\t\t\t<div class=\"elementor-widget-container\">\n\t\t\t\t\t\t\t\t\t<div class=\"col-md-6 box-pic\"><p>8- Restauration compl\u00e8te chez NuriDent Clinic<\/p><\/div>\t\t\t\t\t\t\t\t<\/div>\n\t\t\t\t<\/div>\n\t\t\t\t\t<\/div>\n\t\t<\/div>\n\t\t\t\t\t<\/div>\n\t\t<\/section>\n\t\t\t\t<\/div>\n\t\t","protected":false},"excerpt":{"rendered":"<p>Demande de devis gratuit Docteur en charge : Dr. Nuri Patiente fran\u00e7aise de 44 ans. Cas clinique : Parodontite chronique, \u00e9dentation partielle sur les deux m\u00e2choires, atrophie osseuse s\u00e9v\u00e8re sur m\u00e2choire sup\u00e9rieure, plusieurs l\u00e9sions de carries, couronnes fractur\u00e9es. Esth\u00e9tique, fonction et occlusion perturb\u00e9es. Plan de traitement Extraction de toutes les dents M\u00e2choire sup\u00e9rieure Mise en [&hellip;]<\/p>\n","protected":false},"author":2,"featured_media":0,"parent":18865,"menu_order":0,"comment_status":"closed","ping_status":"closed","template":"","meta":{"footnotes":""},"class_list":["post-13988","page","type-page","status-publish","hentry"],"_links":{"self":[{"href":"https:\/\/nurident.com\/fr\/wp-json\/wp\/v2\/pages\/13988","targetHints":{"allow":["GET"]}}],"collection":[{"href":"https:\/\/nurident.com\/fr\/wp-json\/wp\/v2\/pages"}],"about":[{"href":"https:\/\/nurident.com\/fr\/wp-json\/wp\/v2\/types\/page"}],"author":[{"embeddable":true,"href":"https:\/\/nurident.com\/fr\/wp-json\/wp\/v2\/users\/2"}],"replies":[{"embeddable":true,"href":"https:\/\/nurident.com\/fr\/wp-json\/wp\/v2\/comments?post=13988"}],"version-history":[{"count":29,"href":"https:\/\/nurident.com\/fr\/wp-json\/wp\/v2\/pages\/13988\/revisions"}],"predecessor-version":[{"id":18886,"href":"https:\/\/nurident.com\/fr\/wp-json\/wp\/v2\/pages\/13988\/revisions\/18886"}],"up":[{"embeddable":true,"href":"https:\/\/nurident.com\/fr\/wp-json\/wp\/v2\/pages\/18865"}],"wp:attachment":[{"href":"https:\/\/nurident.com\/fr\/wp-json\/wp\/v2\/media?parent=13988"}],"curies":[{"name":"wp","href":"https:\/\/api.w.org\/{rel}","templated":true}]}}