{"id":7016,"date":"2022-11-03T11:13:22","date_gmt":"2022-11-03T11:13:22","guid":{"rendered":"https:\/\/nurigroup.eu\/?page_id=7016"},"modified":"2022-11-24T14:16:47","modified_gmt":"2022-11-24T14:16:47","slug":"zahnimplantat","status":"publish","type":"page","link":"https:\/\/nurident.com\/de\/zahnimplantat\/","title":{"rendered":"dental-implants"},"content":{"rendered":"\t\t<div data-elementor-type=\"wp-page\" data-elementor-id=\"7016\" class=\"elementor elementor-7016\" data-elementor-post-type=\"page\">\n\t\t\t\t\t\t<section class=\"elementor-section elementor-top-section elementor-element elementor-element-789ba05 elementor-section-boxed elementor-section-height-default elementor-section-height-default\" data-id=\"789ba05\" data-element_type=\"section\">\n\t\t\t\t\t\t<div class=\"elementor-container elementor-column-gap-default\">\n\t\t\t\t\t<div class=\"elementor-column elementor-col-100 elementor-top-column elementor-element elementor-element-7e1baf6\" data-id=\"7e1baf6\" data-element_type=\"column\">\n\t\t\t<div class=\"elementor-widget-wrap elementor-element-populated\">\n\t\t\t\t\t\t<div class=\"elementor-element elementor-element-55b25cf elementor-widget elementor-widget-heading\" data-id=\"55b25cf\" data-element_type=\"widget\" data-widget_type=\"heading.default\">\n\t\t\t\t<div class=\"elementor-widget-container\">\n\t\t\t\t\t<h2 class=\"elementor-heading-title elementor-size-default\">Warum Zahnimplantat\n<\/h2>\t\t\t\t<\/div>\n\t\t\t\t<\/div>\n\t\t\t\t<div class=\"elementor-element elementor-element-7bcb5aa elementor-widget elementor-widget-text-editor\" data-id=\"7bcb5aa\" data-element_type=\"widget\" data-widget_type=\"text-editor.default\">\n\t\t\t\t<div class=\"elementor-widget-container\">\n\t\t\t\t\t\t\t\t\t<div class=\"col-md-8 titr-basal\"><p>Ein Zahnimplantat ersetzt die Zahnwurzel eines oder mehrerer fehlender Z\u00e4hne. Nach der prothetischen Versorgung mit Zahnkronen wird die Kaufunktion (Kauen) wiederhergestellt.\u00a0<b>Woraus werden Zahnimplantate hergestellt und in welchen F\u00e4llen werden Zahnimplantate gesetzt?\u00a0<\/b>Zahnimplantate werden aus Titan hergestellt, welches mit dem menschlichen K\u00f6rper biokompatibel ist. Sie k\u00f6nnen zur Behandlung von partieller oder vollst\u00e4ndiger Zahnlosigkeit verwendet werden. Wenn die Nachbarz\u00e4hne intakt sind und nur ein Zahn fehlt, ist es vorzuziehen, ein Zahnimplantat einzusetzen, bevor die nat\u00fcrlichen Z\u00e4hne f\u00fcr Metallkeramikkronen abgeschliffen werden. Das Zahnimplantat sch\u00fctzt den Knochen vor funktioneller Resorption (Volumenverlust) dank der funktionellen Belastung, die durch den Kauakt auf ihn ausge\u00fcbt wird. Zahnimplantate helfen in bestimmten F\u00e4llen auch bei der kieferorthop\u00e4dischen Behandlung.<\/p><\/div>\t\t\t\t\t\t\t\t<\/div>\n\t\t\t\t<\/div>\n\t\t\t\t\t<\/div>\n\t\t<\/div>\n\t\t\t\t\t<\/div>\n\t\t<\/section>\n\t\t\t\t<section class=\"elementor-section elementor-top-section elementor-element elementor-element-a45768c elementor-section-boxed elementor-section-height-default elementor-section-height-default\" data-id=\"a45768c\" data-element_type=\"section\">\n\t\t\t\t\t\t<div class=\"elementor-container elementor-column-gap-default\">\n\t\t\t\t\t<div class=\"elementor-column elementor-col-50 elementor-top-column elementor-element elementor-element-af3bd4a\" data-id=\"af3bd4a\" data-element_type=\"column\">\n\t\t\t<div class=\"elementor-widget-wrap elementor-element-populated\">\n\t\t\t\t\t\t<div class=\"elementor-element elementor-element-6b05df6 elementor-widget elementor-widget-heading\" data-id=\"6b05df6\" data-element_type=\"widget\" data-widget_type=\"heading.default\">\n\t\t\t\t<div class=\"elementor-widget-container\">\n\t\t\t\t\t<h2 class=\"elementor-heading-title elementor-size-default\">Warum die Behandlung mit Zahnimplantaten statt einer herausnehmbaren Prothese?<\/h2>\t\t\t\t<\/div>\n\t\t\t\t<\/div>\n\t\t\t\t<div class=\"elementor-element elementor-element-c7f4fa0 elementor-widget elementor-widget-text-editor\" data-id=\"c7f4fa0\" data-element_type=\"widget\" data-widget_type=\"text-editor.default\">\n\t\t\t\t<div class=\"elementor-widget-container\">\n\t\t\t\t\t\t\t\t\t<div class=\"col-md-6 mr-auto text-bi\"><div class=\"col-md-6 mr-auto text-bi\"><p class=\"mb-4\">Zahnimplantate haben gegen\u00fcber herausnehmbarem Zahnersatz eine Reihe von Vorteilen. Der erste Grund, sich f\u00fcr eine Behandlung mit Zahnimplantaten anstelle von herausnehmbarem Zahnersatz zu entscheiden, ist der Komfort, den Sie empfinden werden. Wenn man herausnehmbaren Zahnersatz tr\u00e4gt, wird dieser oft mit Klebstoff befestigt und bewegt sich trotzdem den ganzen Tag \u00fcber, was f\u00fcr den Patienten unangenehm ist. Die Patienten bef\u00fcrchten oft, dass ihre Prothese beim Sprechen oder L\u00e4cheln herausfallen k\u00f6nnte. Au\u00dferdem kann der Patient beim Tragen von Prothesen nicht essen, was er m\u00f6chte, es ist erforderlich, eine bestimmte Di\u00e4t einzuhalten. Die Prothesen sind schwer zu reinigen, sie nutzen sich ab und m\u00fcssen ersetzt werden. Dies ist bei Zahnimplantaten und den darauf gesetzten Kronen nicht der Fall. Sie sind nicht herausnehmbar, werden wie nat\u00fcrliche Z\u00e4hne gereinigt und haben kein Verfallsdatum.<\/p><\/div><\/div>\t\t\t\t\t\t\t\t<\/div>\n\t\t\t\t<\/div>\n\t\t\t\t\t<\/div>\n\t\t<\/div>\n\t\t\t\t<div class=\"elementor-column elementor-col-50 elementor-top-column elementor-element elementor-element-ce7a97f\" data-id=\"ce7a97f\" data-element_type=\"column\">\n\t\t\t<div class=\"elementor-widget-wrap elementor-element-populated\">\n\t\t\t\t\t\t<div class=\"elementor-element elementor-element-c32f278 elementor-flip-box--effect-flip elementor-flip-box--direction-up elementor-widget elementor-widget-flip-box\" data-id=\"c32f278\" data-element_type=\"widget\" data-widget_type=\"flip-box.default\">\n\t\t\t\t<div class=\"elementor-widget-container\">\n\t\t\t\t\t\t\t<div class=\"elementor-flip-box\" tabindex=\"0\">\n\t\t\t<div class=\"elementor-flip-box__layer elementor-flip-box__front\">\n\t\t\t\t<div class=\"elementor-flip-box__layer__overlay\">\n\t\t\t\t\t<div class=\"elementor-flip-box__layer__inner\">\n\t\t\t\t\t\t\n\t\t\t\t\t\t\n\t\t\t\t\t\t\t\t\t\t\t<\/div>\n\t\t\t\t<\/div>\n\t\t\t<\/div>\n\t\t\t<div class=\"elementor-flip-box__layer elementor-flip-box__back\">\n\t\t\t<div class=\"elementor-flip-box__layer__overlay\">\n\t\t\t\t<div class=\"elementor-flip-box__layer__inner\">\n\t\t\t\t\t\t\t\t\t\t\t<h3 class=\"elementor-flip-box__layer__title\">\n\t\t\t\t\t\t\tWhy choose a treatment with dental implants instead of a removable denture?\t\t\t\t\t\t<\/h3>\n\t\t\t\t\t\n\t\t\t\t\t\t\t\t\t\t\t<div class=\"elementor-flip-box__layer__description\">\n\t\t\t\t\t\t\tDental implants have a number of advantages over removable dentures. The first reason to choose a treatment with dental implants instead of placing removable dentures is the comfort you will feel.\t\t\t\t\t\t<\/div>\n\t\t\t\t\t\n\t\t\t\t\t\t\t\t\t\t\t<a class=\"elementor-flip-box__button elementor-button elementor-size-sm\" href=\"https:\/\/nurident.com\/de\/kontak\/\">\n\t\t\t\t\t\t\tContact\t\t\t\t\t\t<\/a>\n\t\t\t\t\t\t\t\t<\/div>\n\t\t<\/div>\n\t\t<\/div>\n\t\t<\/div>\n\t\t\t\t\t\t<\/div>\n\t\t\t\t<\/div>\n\t\t\t\t\t<\/div>\n\t\t<\/div>\n\t\t\t\t\t<\/div>\n\t\t<\/section>\n\t\t\t\t<section class=\"elementor-section elementor-top-section elementor-element elementor-element-f167e42 elementor-section-boxed elementor-section-height-default elementor-section-height-default\" data-id=\"f167e42\" data-element_type=\"section\">\n\t\t\t\t\t\t<div class=\"elementor-container elementor-column-gap-default\">\n\t\t\t\t\t<div class=\"elementor-column elementor-col-50 elementor-top-column elementor-element elementor-element-4178d4c\" data-id=\"4178d4c\" data-element_type=\"column\">\n\t\t\t<div class=\"elementor-widget-wrap elementor-element-populated\">\n\t\t\t\t\t\t<div class=\"elementor-element elementor-element-c3c0a76 elementor-hidden-mobile elementor-flip-box--effect-flip elementor-flip-box--direction-up elementor-widget elementor-widget-flip-box\" data-id=\"c3c0a76\" data-element_type=\"widget\" data-widget_type=\"flip-box.default\">\n\t\t\t\t<div class=\"elementor-widget-container\">\n\t\t\t\t\t\t\t<div class=\"elementor-flip-box\" tabindex=\"0\">\n\t\t\t<div class=\"elementor-flip-box__layer elementor-flip-box__front\">\n\t\t\t\t<div class=\"elementor-flip-box__layer__overlay\">\n\t\t\t\t\t<div class=\"elementor-flip-box__layer__inner\">\n\t\t\t\t\t\t\n\t\t\t\t\t\t\n\t\t\t\t\t\t\t\t\t\t\t<\/div>\n\t\t\t\t<\/div>\n\t\t\t<\/div>\n\t\t\t<div class=\"elementor-flip-box__layer elementor-flip-box__back\">\n\t\t\t<div class=\"elementor-flip-box__layer__overlay\">\n\t\t\t\t<div class=\"elementor-flip-box__layer__inner\">\n\t\t\t\t\t\t\t\t\t\t\t<h3 class=\"elementor-flip-box__layer__title\">\n\t\t\t\t\t\t\tWhat types of dental implants exist?\t\t\t\t\t\t<\/h3>\n\t\t\t\t\t\n\t\t\t\t\t\t\t\t\t\t\t<div class=\"elementor-flip-box__layer__description\">\n\t\t\t\t\t\t\tThere are different types of dental implants - two-part (classical) and one-part (basal and compressive).\n\t\t\t\t\t\t<\/div>\n\t\t\t\t\t\n\t\t\t\t\t\t\t\t\t\t\t<a class=\"elementor-flip-box__button elementor-button elementor-size-sm\" href=\"https:\/\/nurident.com\/de\/kontak\/\">\n\t\t\t\t\t\t\tContact\t\t\t\t\t\t<\/a>\n\t\t\t\t\t\t\t\t<\/div>\n\t\t<\/div>\n\t\t<\/div>\n\t\t<\/div>\n\t\t\t\t\t\t<\/div>\n\t\t\t\t<\/div>\n\t\t\t\t\t<\/div>\n\t\t<\/div>\n\t\t\t\t<div class=\"elementor-column elementor-col-50 elementor-top-column elementor-element elementor-element-c34c249\" data-id=\"c34c249\" data-element_type=\"column\">\n\t\t\t<div class=\"elementor-widget-wrap elementor-element-populated\">\n\t\t\t\t\t\t<div class=\"elementor-element elementor-element-a8888f8 elementor-widget elementor-widget-heading\" data-id=\"a8888f8\" data-element_type=\"widget\" data-widget_type=\"heading.default\">\n\t\t\t\t<div class=\"elementor-widget-container\">\n\t\t\t\t\t<h2 class=\"elementor-heading-title elementor-size-default\">Welche Arten von Zahnimplantaten gibt es?<\/h2>\t\t\t\t<\/div>\n\t\t\t\t<\/div>\n\t\t\t\t<div class=\"elementor-element elementor-element-128a254 elementor-widget elementor-widget-text-editor\" data-id=\"128a254\" data-element_type=\"widget\" data-widget_type=\"text-editor.default\">\n\t\t\t\t<div class=\"elementor-widget-container\">\n\t\t\t\t\t\t\t\t\t<p>Es gibt verschiedene Arten von Zahnimplantaten &#8211; zweiteilige (klassische) und einteilige (basale und kompressive) Zahnimplantate.<br \/><br \/><b>Was ist der Unterschied zwischen klassischen Zahnimplantaten und basalen Zahnimplantaten?<\/b><br \/>Klassische Zahnimplantate sind zweiteilige Implantate. Sie werden in die Spongiosa (weicher spongi\u00f6ser Knochen) eingesetzt. Sobald die Zahnimplantate eingesetzt sind, dauert es aufgrund der Osseointegration einige Zeit, bis die Kronen eingesetzt werden k\u00f6nnen. Je nach der Anatomie der Kiefer m\u00fcssen die Patienten mehrere Monate warten (f\u00fcr den Oberkiefer &#8211; 6 Monate und f\u00fcr den Unterkiefer &#8211; 3 Monate). Der Erfolg dieser Zahnimplantate h\u00e4ngt vom allgemeinen Gesundheitszustand des Patienten, vom Zustand des Gewebes in der Mundh\u00f6hle und davon ab, ob der Prozess der Osseointegration erfolgreich verlaufen ist (die Zahnimplantate d\u00fcrfen nicht \u00fcberlastet werden).<\/p>\t\t\t\t\t\t\t\t<\/div>\n\t\t\t\t<\/div>\n\t\t\t\t<div class=\"elementor-element elementor-element-d9e3989 elementor-hidden-desktop elementor-hidden-tablet elementor-flip-box--effect-flip elementor-flip-box--direction-up elementor-widget elementor-widget-flip-box\" data-id=\"d9e3989\" data-element_type=\"widget\" data-widget_type=\"flip-box.default\">\n\t\t\t\t<div class=\"elementor-widget-container\">\n\t\t\t\t\t\t\t<div class=\"elementor-flip-box\" tabindex=\"0\">\n\t\t\t<div class=\"elementor-flip-box__layer elementor-flip-box__front\">\n\t\t\t\t<div class=\"elementor-flip-box__layer__overlay\">\n\t\t\t\t\t<div class=\"elementor-flip-box__layer__inner\">\n\t\t\t\t\t\t\n\t\t\t\t\t\t\n\t\t\t\t\t\t\t\t\t\t\t<\/div>\n\t\t\t\t<\/div>\n\t\t\t<\/div>\n\t\t\t<div class=\"elementor-flip-box__layer elementor-flip-box__back\">\n\t\t\t<div class=\"elementor-flip-box__layer__overlay\">\n\t\t\t\t<div class=\"elementor-flip-box__layer__inner\">\n\t\t\t\t\t\t\t\t\t\t\t<h3 class=\"elementor-flip-box__layer__title\">\n\t\t\t\t\t\t\tWhy choose a treatment with dental implants instead of a removable denture?\t\t\t\t\t\t<\/h3>\n\t\t\t\t\t\n\t\t\t\t\t\t\t\t\t\t\t<div class=\"elementor-flip-box__layer__description\">\n\t\t\t\t\t\t\tDental implants have a number of advantages over removable dentures. The first reason to choose a treatment with dental implants instead of placing removable dentures is the comfort you will feel.\t\t\t\t\t\t<\/div>\n\t\t\t\t\t\n\t\t\t\t\t\t\t\t\t\t\t<a class=\"elementor-flip-box__button elementor-button elementor-size-sm\">\n\t\t\t\t\t\t\tContact\t\t\t\t\t\t<\/a>\n\t\t\t\t\t\t\t\t<\/div>\n\t\t<\/div>\n\t\t<\/div>\n\t\t<\/div>\n\t\t\t\t\t\t<\/div>\n\t\t\t\t<\/div>\n\t\t\t\t\t<\/div>\n\t\t<\/div>\n\t\t\t\t\t<\/div>\n\t\t<\/section>\n\t\t\t\t<section class=\"elementor-section elementor-top-section elementor-element elementor-element-99016f3 elementor-section-boxed elementor-section-height-default elementor-section-height-default\" data-id=\"99016f3\" data-element_type=\"section\">\n\t\t\t\t\t\t<div class=\"elementor-container elementor-column-gap-default\">\n\t\t\t\t\t<div class=\"elementor-column elementor-col-33 elementor-top-column elementor-element elementor-element-b17c0eb\" data-id=\"b17c0eb\" data-element_type=\"column\">\n\t\t\t<div class=\"elementor-widget-wrap\">\n\t\t\t\t\t\t\t<\/div>\n\t\t<\/div>\n\t\t\t\t<div class=\"elementor-column elementor-col-33 elementor-top-column elementor-element elementor-element-0a78e32\" data-id=\"0a78e32\" data-element_type=\"column\">\n\t\t\t<div class=\"elementor-widget-wrap elementor-element-populated\">\n\t\t\t\t\t\t<div class=\"elementor-element elementor-element-731bf7d elementor-widget elementor-widget-text-editor\" data-id=\"731bf7d\" data-element_type=\"widget\" data-widget_type=\"text-editor.default\">\n\t\t\t\t<div class=\"elementor-widget-container\">\n\t\t\t\t\t\t\t\t\t<p>Bei der Planung ihrer Platzierung ist h\u00e4ufig eine Computertomographie erforderlich, um das verf\u00fcgbare Knochenvolumen zu beurteilen. Bei gr\u00f6\u00dferen volumin\u00f6sen Sinush\u00f6hlen und bei geringem Knochenangebot k\u00f6nnen klassische Zahnimplantate nicht immer gesetzt werden. Sehr oft verlangt die Behandlung mit klassischen Zahnimplantaten einen Sinuslift und eine Knochenaugmentation. Dies verl\u00e4ngert die Behandlung und der Erfolg ist nicht immer vorhersagbar. Nach dem Prozess der Osseointegration der Zahnimplantate ist es notwendig, einen Gingivaformer einzusetzen (er hat die Funktion, das Weichgewebe um die zuk\u00fcnftige Krone herum zu formen). Der Patient muss den Gingivaformer 15 Tage lang tragen, dann werden Abdr\u00fccke genommen (direkt oder indirekt), um die zuk\u00fcnftigen Konstruktionen vorzubereiten.<br \/>Klassische Zahnimplantate helfen nicht in allen F\u00e4llen, insbesondere bei Patienten mit schwerer Parodontitis, gro\u00dfem Knochenverlust oder einfach in F\u00e4llen, in denen der Patient seine Kaufunktion schneller wiedererlangen m\u00f6chte. Solche F\u00e4lle k\u00f6nnen mit bi-kortikalen sofort-belastbaren Zahnimplantaten (basalen Zahnimplantaten) behandelt werden. Dabei handelt es sich um einteilige Zahnimplantate. Es ist nicht notwendig, die Osseointegration abzuwarten, bevor sie belastet werden. Die Zahnimplantate werden in den kortikalen Knochen (den harten Kieferknochen) eingesetzt. Sie k\u00f6nnen bei teilweise oder vollst\u00e4ndig zahnlosen Kiefern eingesetzt werden. Die basalen Zahnimplantate erfordern weder einen Sinuslift noch eine Knochenaugmentation. Die Behandlung mit solchen Zahnimplantaten kann nur innerhalb weniger Arbeitstage durchgef\u00fchrt werden, einschlie\u00dflich des Einsetzens der Kronen. Die neue Technologie der basalen Zahnimplantaten eignet sich f\u00fcr Patienten, die rauchen, und f\u00fcr Patienten mit Diabetes, da sie in die tieferen Schichten des Knochens gesetzt werden, keine Gewebeverletzungen auftreten und sich keine Wunden bilden. Dementsprechend erholen sich die Gewebe schneller und es besteht keine Voraussetzung f\u00fcr eine bakterielle Infektion, was den Erfolg der Behandlung mit sofortigen Zahnimplantaten gew\u00e4hrleistet.<\/p>\t\t\t\t\t\t\t\t<\/div>\n\t\t\t\t<\/div>\n\t\t\t\t\t<\/div>\n\t\t<\/div>\n\t\t\t\t<div class=\"elementor-column elementor-col-33 elementor-top-column elementor-element elementor-element-864b2eb\" data-id=\"864b2eb\" data-element_type=\"column\">\n\t\t\t<div class=\"elementor-widget-wrap\">\n\t\t\t\t\t\t\t<\/div>\n\t\t<\/div>\n\t\t\t\t\t<\/div>\n\t\t<\/section>\n\t\t\t\t<section class=\"elementor-section elementor-top-section elementor-element elementor-element-d69ac1d elementor-section-boxed elementor-section-height-default elementor-section-height-default\" data-id=\"d69ac1d\" data-element_type=\"section\">\n\t\t\t\t\t\t<div class=\"elementor-container elementor-column-gap-default\">\n\t\t\t\t\t<div class=\"elementor-column elementor-col-100 elementor-top-column elementor-element elementor-element-fb57e2b\" data-id=\"fb57e2b\" data-element_type=\"column\">\n\t\t\t<div class=\"elementor-widget-wrap elementor-element-populated\">\n\t\t\t\t\t\t<div class=\"elementor-element elementor-element-009c419 elementor-widget elementor-widget-heading\" data-id=\"009c419\" data-element_type=\"widget\" data-widget_type=\"heading.default\">\n\t\t\t\t<div class=\"elementor-widget-container\">\n\t\t\t\t\t<h2 class=\"elementor-heading-title elementor-size-default\">Sind Zahnimplantate f\u00fcr Menschen mit chronischen Krankheiten geeignet?\n<\/h2>\t\t\t\t<\/div>\n\t\t\t\t<\/div>\n\t\t\t\t<div class=\"elementor-element elementor-element-9b84f37 elementor-widget elementor-widget-text-editor\" data-id=\"9b84f37\" data-element_type=\"widget\" data-widget_type=\"text-editor.default\">\n\t\t\t\t<div class=\"elementor-widget-container\">\n\t\t\t\t\t\t\t\t\t<p>Die innovative Methode der basalen Zahnimplantologie eignet sich f\u00fcr Menschen, die an Diabetes, Bluthochdruck, Parodontitis leiden, sowie f\u00fcr Raucher.<br \/><br \/><b>Wie verl\u00e4uft der Restaurationsprozess nach Zahnimplantaten?<\/b><br \/>In der postoperativen Phase sind Schwellungen, Spannungen und Beschwerden im Bereich einiger Z\u00e4hne m\u00f6glich, aber dies ist eine ganz normale Reaktion des K\u00f6rpers, die bald auf nat\u00fcrlichem Wege (innerhalb weniger Tage) verschwindet. Es ist nur notwendig, die von Ihrem Arzt verschriebenen Medikamente wie vom Arzt empfohlen einzunehmen und zwei Stunden lang nach dem Eingriff keine Nahrungsmittel zu sich zu nehmen.<br \/><br \/><b>Gibt es Schmerzen beim Einsetzen von Zahnimplantaten?<\/b><br \/>W\u00e4hrend der Manipulation versp\u00fcren die Patienten keine Schmerzen, da der Eingriff unter \u00f6rtlicher Bet\u00e4ubung durchgef\u00fchrt wird.<\/p>\t\t\t\t\t\t\t\t<\/div>\n\t\t\t\t<\/div>\n\t\t\t\t<div class=\"elementor-element elementor-element-3db699c elementor-align-center elementor-mobile-align-justify elementor-widget elementor-widget-button\" data-id=\"3db699c\" data-element_type=\"widget\" data-widget_type=\"button.default\">\n\t\t\t\t<div class=\"elementor-widget-container\">\n\t\t\t\t\t\t\t\t\t<div class=\"elementor-button-wrapper\">\n\t\t\t\t\t<a class=\"elementor-button elementor-button-link elementor-size-md\" href=\"https:\/\/nurident.com\/de\/kontak\/\">\n\t\t\t\t\t\t<span class=\"elementor-button-content-wrapper\">\n\t\t\t\t\t\t\t\t\t<span class=\"elementor-button-text\">Kostenlose Angebotsanfrage<\/span>\n\t\t\t\t\t<\/span>\n\t\t\t\t\t<\/a>\n\t\t\t\t<\/div>\n\t\t\t\t\t\t\t\t<\/div>\n\t\t\t\t<\/div>\n\t\t\t\t\t<\/div>\n\t\t<\/div>\n\t\t\t\t\t<\/div>\n\t\t<\/section>\n\t\t\t\t<\/div>\n\t\t","protected":false},"excerpt":{"rendered":"<p>Warum Zahnimplantat Ein Zahnimplantat ersetzt die Zahnwurzel eines oder mehrerer fehlender Z\u00e4hne. Nach der prothetischen Versorgung mit Zahnkronen wird die Kaufunktion (Kauen) wiederhergestellt.\u00a0Woraus werden Zahnimplantate hergestellt und in welchen F\u00e4llen werden Zahnimplantate gesetzt?\u00a0Zahnimplantate werden aus Titan hergestellt, welches mit dem menschlichen K\u00f6rper biokompatibel ist. Sie k\u00f6nnen zur Behandlung von partieller oder vollst\u00e4ndiger Zahnlosigkeit verwendet werden. [&hellip;]<\/p>\n","protected":false},"author":1,"featured_media":0,"parent":0,"menu_order":0,"comment_status":"closed","ping_status":"closed","template":"","meta":{"footnotes":""},"class_list":["post-7016","page","type-page","status-publish","hentry"],"_links":{"self":[{"href":"https:\/\/nurident.com\/de\/wp-json\/wp\/v2\/pages\/7016","targetHints":{"allow":["GET"]}}],"collection":[{"href":"https:\/\/nurident.com\/de\/wp-json\/wp\/v2\/pages"}],"about":[{"href":"https:\/\/nurident.com\/de\/wp-json\/wp\/v2\/types\/page"}],"author":[{"embeddable":true,"href":"https:\/\/nurident.com\/de\/wp-json\/wp\/v2\/users\/1"}],"replies":[{"embeddable":true,"href":"https:\/\/nurident.com\/de\/wp-json\/wp\/v2\/comments?post=7016"}],"version-history":[{"count":7,"href":"https:\/\/nurident.com\/de\/wp-json\/wp\/v2\/pages\/7016\/revisions"}],"predecessor-version":[{"id":21430,"href":"https:\/\/nurident.com\/de\/wp-json\/wp\/v2\/pages\/7016\/revisions\/21430"}],"wp:attachment":[{"href":"https:\/\/nurident.com\/de\/wp-json\/wp\/v2\/media?parent=7016"}],"curies":[{"name":"wp","href":"https:\/\/api.w.org\/{rel}","templated":true}]}}