{"id":14217,"date":"2022-11-10T11:54:12","date_gmt":"2022-11-10T11:54:12","guid":{"rendered":"https:\/\/nurigroup.eu\/?page_id=14217"},"modified":"2022-11-20T13:28:13","modified_gmt":"2022-11-20T13:28:13","slug":"43-2","status":"publish","type":"page","link":"https:\/\/nurident.com\/de\/detail-fall\/43-2\/","title":{"rendered":"43"},"content":{"rendered":"\t\t<div data-elementor-type=\"wp-page\" data-elementor-id=\"14217\" class=\"elementor elementor-14217\" data-elementor-post-type=\"page\">\n\t\t\t\t\t\t<section class=\"elementor-section elementor-top-section elementor-element elementor-element-362dec6f elementor-section-boxed elementor-section-height-default elementor-section-height-default\" data-id=\"362dec6f\" data-element_type=\"section\">\n\t\t\t\t\t\t<div class=\"elementor-container elementor-column-gap-default\">\n\t\t\t\t\t<div class=\"elementor-column elementor-col-50 elementor-top-column elementor-element elementor-element-463e9d38\" data-id=\"463e9d38\" data-element_type=\"column\">\n\t\t\t<div class=\"elementor-widget-wrap elementor-element-populated\">\n\t\t\t\t\t\t<div class=\"elementor-element elementor-element-1bbcb638 elementor-widget elementor-widget-image\" data-id=\"1bbcb638\" data-element_type=\"widget\" data-widget_type=\"image.default\">\n\t\t\t\t<div class=\"elementor-widget-container\">\n\t\t\t\t\t\t\t\t\t\t\t\t\t\t\t\t<a href=\"https:\/\/nurident.com\/de\/wp-content\/uploads\/2022\/11\/nurident43-1.webp\" data-elementor-open-lightbox=\"yes\" data-elementor-lightbox-title=\"nurident43 (1)\" data-e-action-hash=\"#elementor-action%3Aaction%3Dlightbox%26settings%3DeyJpZCI6OTM2MywidXJsIjoiaHR0cHM6XC9cL251cmlkZW50LmNvbVwvZGVcL3dwLWNvbnRlbnRcL3VwbG9hZHNcLzIwMjJcLzExXC9udXJpZGVudDQzLTEud2VicCJ9\">\n\t\t\t\t\t\t\t<img fetchpriority=\"high\" decoding=\"async\" width=\"1050\" height=\"789\" src=\"https:\/\/nurident.com\/de\/wp-content\/uploads\/2022\/11\/nurident43-1.webp\" class=\"attachment-full size-full wp-image-9363\" alt=\"\" srcset=\"https:\/\/nurident.com\/de\/wp-content\/uploads\/2022\/11\/nurident43-1.webp 1050w, https:\/\/nurident.com\/de\/wp-content\/uploads\/2022\/11\/nurident43-1-300x225.webp 300w, https:\/\/nurident.com\/de\/wp-content\/uploads\/2022\/11\/nurident43-1-1024x769.webp 1024w, https:\/\/nurident.com\/de\/wp-content\/uploads\/2022\/11\/nurident43-1-768x577.webp 768w\" sizes=\"(max-width: 1050px) 100vw, 1050px\" \/>\t\t\t\t\t\t\t\t<\/a>\n\t\t\t\t\t\t\t\t\t\t\t\t\t\t\t<\/div>\n\t\t\t\t<\/div>\n\t\t\t\t<div class=\"elementor-element elementor-element-4103af8d elementor-align-justify elementor-hidden-desktop elementor-hidden-mobile elementor-widget elementor-widget-button\" data-id=\"4103af8d\" data-element_type=\"widget\" data-widget_type=\"button.default\">\n\t\t\t\t<div class=\"elementor-widget-container\">\n\t\t\t\t\t\t\t\t\t<div class=\"elementor-button-wrapper\">\n\t\t\t\t\t<a class=\"elementor-button elementor-button-link elementor-size-md\" href=\"https:\/\/nurident.com\/de\/kontak\/\">\n\t\t\t\t\t\t<span class=\"elementor-button-content-wrapper\">\n\t\t\t\t\t\t\t\t\t<span class=\"elementor-button-text\">Kostenlose Angebotsanfrage<\/span>\n\t\t\t\t\t<\/span>\n\t\t\t\t\t<\/a>\n\t\t\t\t<\/div>\n\t\t\t\t\t\t\t\t<\/div>\n\t\t\t\t<\/div>\n\t\t\t\t<div class=\"elementor-element elementor-element-76fe958c elementor-hidden-desktop elementor-hidden-mobile elementor-widget elementor-widget-heading\" data-id=\"76fe958c\" data-element_type=\"widget\" data-widget_type=\"heading.default\">\n\t\t\t\t<div class=\"elementor-widget-container\">\n\t\t\t\t\t<h2 class=\"elementor-heading-title elementor-size-default\">Dr Noori\n\n<\/h2>\t\t\t\t<\/div>\n\t\t\t\t<\/div>\n\t\t\t\t\t<\/div>\n\t\t<\/div>\n\t\t\t\t<div class=\"elementor-column elementor-col-50 elementor-top-column elementor-element elementor-element-7543e95\" data-id=\"7543e95\" data-element_type=\"column\">\n\t\t\t<div class=\"elementor-widget-wrap elementor-element-populated\">\n\t\t\t\t\t\t<div class=\"elementor-element elementor-element-5e8b9069 elementor-widget elementor-widget-text-editor\" data-id=\"5e8b9069\" data-element_type=\"widget\" data-widget_type=\"text-editor.default\">\n\t\t\t\t<div class=\"elementor-widget-container\">\n\t\t\t\t\t\t\t\t\t<p>Der Patient ist 33 Jahre alt. Die klinischen Befunde umfassen: Teilzahnlosigkeit, chronische Parodontitis, multiple kari\u00f6se L\u00e4sionen, gro\u00dfer Knochenverlust und schwere Atrophie in den distalen Segmenten des Oberkiefers. Beeintr\u00e4chtigte \u00c4sthetik, Okklusion und Funktion. Begleiterkrankung: Bluthochdruck und Diabetes. Der Behandlungsplan umfasst: Extraktion aller Z\u00e4hne, Platzierung von 11 sofort-belastbare Basal- und Kompressionszahnimplantaten BasalFix im Oberkiefer und 8 sofort-belastbare Basal- und Kompressionszahnimplantate (einteilig) im Unterkiefer, Reparaturvorg\u00e4nge von Weich- und Hartgewebe und Prothetik mit<b>\u00a0Laser mit \u00e4sthetischer Keramik IPS e. Max Ceram.\u00a0<\/b>V\u00f6llig schmerzlos. Keine Notwendigkeit f\u00fcr Sinuslift und Knochenaufbau.<\/p><p><b>Behandlungsdauer: 6 Tage<\/b><\/p>\t\t\t\t\t\t\t\t<\/div>\n\t\t\t\t<\/div>\n\t\t\t\t<div class=\"elementor-element elementor-element-6bd28cdd elementor-hidden-tablet elementor-widget elementor-widget-heading\" data-id=\"6bd28cdd\" data-element_type=\"widget\" data-widget_type=\"heading.default\">\n\t\t\t\t<div class=\"elementor-widget-container\">\n\t\t\t\t\t<h2 class=\"elementor-heading-title elementor-size-default\">Dr Noori\n\n<\/h2>\t\t\t\t<\/div>\n\t\t\t\t<\/div>\n\t\t\t\t<div class=\"elementor-element elementor-element-724b9c03 elementor-align-justify elementor-hidden-tablet elementor-widget elementor-widget-button\" data-id=\"724b9c03\" data-element_type=\"widget\" data-widget_type=\"button.default\">\n\t\t\t\t<div class=\"elementor-widget-container\">\n\t\t\t\t\t\t\t\t\t<div class=\"elementor-button-wrapper\">\n\t\t\t\t\t<a class=\"elementor-button elementor-button-link elementor-size-md\" href=\"https:\/\/nurident.com\/de\/kontak\/\">\n\t\t\t\t\t\t<span class=\"elementor-button-content-wrapper\">\n\t\t\t\t\t\t\t\t\t<span class=\"elementor-button-text\">Kostenlose Angebotsanfrage<\/span>\n\t\t\t\t\t<\/span>\n\t\t\t\t\t<\/a>\n\t\t\t\t<\/div>\n\t\t\t\t\t\t\t\t<\/div>\n\t\t\t\t<\/div>\n\t\t\t\t\t<\/div>\n\t\t<\/div>\n\t\t\t\t\t<\/div>\n\t\t<\/section>\n\t\t\t\t<section class=\"elementor-section elementor-top-section elementor-element elementor-element-4a2b298 elementor-section-boxed elementor-section-height-default elementor-section-height-default\" data-id=\"4a2b298\" data-element_type=\"section\">\n\t\t\t\t\t\t<div class=\"elementor-container elementor-column-gap-default\">\n\t\t\t\t\t<div class=\"elementor-column elementor-col-50 elementor-top-column elementor-element elementor-element-4b50228e\" data-id=\"4b50228e\" data-element_type=\"column\">\n\t\t\t<div class=\"elementor-widget-wrap elementor-element-populated\">\n\t\t\t\t\t\t<div class=\"elementor-element elementor-element-69f23eac elementor-widget elementor-widget-image\" data-id=\"69f23eac\" data-element_type=\"widget\" data-widget_type=\"image.default\">\n\t\t\t\t<div class=\"elementor-widget-container\">\n\t\t\t\t\t\t\t\t\t\t\t\t\t\t\t\t<a href=\"https:\/\/nurident.com\/de\/wp-content\/uploads\/2022\/11\/nurident43-7.webp\" data-elementor-open-lightbox=\"yes\" data-elementor-lightbox-title=\"nurident43 (7)\" data-e-action-hash=\"#elementor-action%3Aaction%3Dlightbox%26settings%3DeyJpZCI6OTM2OSwidXJsIjoiaHR0cHM6XC9cL251cmlkZW50LmNvbVwvZGVcL3dwLWNvbnRlbnRcL3VwbG9hZHNcLzIwMjJcLzExXC9udXJpZGVudDQzLTcud2VicCJ9\">\n\t\t\t\t\t\t\t<img decoding=\"async\" width=\"1200\" height=\"700\" src=\"https:\/\/nurident.com\/de\/wp-content\/uploads\/2022\/11\/nurident43-7.webp\" class=\"elementor-animation-grow attachment-full size-full wp-image-9369\" alt=\"\" srcset=\"https:\/\/nurident.com\/de\/wp-content\/uploads\/2022\/11\/nurident43-7.webp 1200w, https:\/\/nurident.com\/de\/wp-content\/uploads\/2022\/11\/nurident43-7-300x175.webp 300w, https:\/\/nurident.com\/de\/wp-content\/uploads\/2022\/11\/nurident43-7-1024x597.webp 1024w, https:\/\/nurident.com\/de\/wp-content\/uploads\/2022\/11\/nurident43-7-768x448.webp 768w\" sizes=\"(max-width: 1200px) 100vw, 1200px\" \/>\t\t\t\t\t\t\t\t<\/a>\n\t\t\t\t\t\t\t\t\t\t\t\t\t\t\t<\/div>\n\t\t\t\t<\/div>\n\t\t\t\t<div class=\"elementor-element elementor-element-6f930852 elementor-widget elementor-widget-text-editor\" data-id=\"6f930852\" data-element_type=\"widget\" data-widget_type=\"text-editor.default\">\n\t\t\t\t<div class=\"elementor-widget-container\">\n\t\t\t\t\t\t\t\t\t<div class=\"col-md-6 box-pic\"><div class=\"col-md-6 box-pic\"><p class=\"detail-cases\" data-explain=\"1\">1. Nach Behandlung mit sofort-belastbaren Zahnimplantaten BasalFix und Prothetik mit Laser mit \u00e4sthetischer Keramik IPS e. Max Ceram in Nurident.<\/p><\/div><\/div>\t\t\t\t\t\t\t\t<\/div>\n\t\t\t\t<\/div>\n\t\t\t\t\t<\/div>\n\t\t<\/div>\n\t\t\t\t<div class=\"elementor-column elementor-col-50 elementor-top-column elementor-element elementor-element-2bfebda5\" data-id=\"2bfebda5\" data-element_type=\"column\">\n\t\t\t<div class=\"elementor-widget-wrap elementor-element-populated\">\n\t\t\t\t\t\t<div class=\"elementor-element elementor-element-3bd09169 elementor-widget elementor-widget-image\" data-id=\"3bd09169\" data-element_type=\"widget\" data-widget_type=\"image.default\">\n\t\t\t\t<div class=\"elementor-widget-container\">\n\t\t\t\t\t\t\t\t\t\t\t\t\t\t\t\t<a href=\"https:\/\/nurident.com\/de\/wp-content\/uploads\/2022\/11\/nurident43-4.webp\" data-elementor-open-lightbox=\"yes\" data-elementor-lightbox-title=\"nurident43 (4)\" data-e-action-hash=\"#elementor-action%3Aaction%3Dlightbox%26settings%3DeyJpZCI6OTM2NiwidXJsIjoiaHR0cHM6XC9cL251cmlkZW50LmNvbVwvZGVcL3dwLWNvbnRlbnRcL3VwbG9hZHNcLzIwMjJcLzExXC9udXJpZGVudDQzLTQud2VicCJ9\">\n\t\t\t\t\t\t\t<img decoding=\"async\" width=\"1200\" height=\"700\" src=\"https:\/\/nurident.com\/de\/wp-content\/uploads\/2022\/11\/nurident43-4.webp\" class=\"elementor-animation-grow attachment-full size-full wp-image-9366\" alt=\"\" srcset=\"https:\/\/nurident.com\/de\/wp-content\/uploads\/2022\/11\/nurident43-4.webp 1200w, https:\/\/nurident.com\/de\/wp-content\/uploads\/2022\/11\/nurident43-4-300x175.webp 300w, https:\/\/nurident.com\/de\/wp-content\/uploads\/2022\/11\/nurident43-4-1024x597.webp 1024w, https:\/\/nurident.com\/de\/wp-content\/uploads\/2022\/11\/nurident43-4-768x448.webp 768w\" sizes=\"(max-width: 1200px) 100vw, 1200px\" \/>\t\t\t\t\t\t\t\t<\/a>\n\t\t\t\t\t\t\t\t\t\t\t\t\t\t\t<\/div>\n\t\t\t\t<\/div>\n\t\t\t\t<div class=\"elementor-element elementor-element-1da86f0 elementor-widget elementor-widget-text-editor\" data-id=\"1da86f0\" data-element_type=\"widget\" data-widget_type=\"text-editor.default\">\n\t\t\t\t<div class=\"elementor-widget-container\">\n\t\t\t\t\t\t\t\t\t<div class=\"col-md-6 box-pic\"><div class=\"col-md-6 box-pic\"><p class=\"detail-cases\" data-explain=\"1\">2. Vor Beginn der Behandlung.<\/p><\/div><\/div>\t\t\t\t\t\t\t\t<\/div>\n\t\t\t\t<\/div>\n\t\t\t\t\t<\/div>\n\t\t<\/div>\n\t\t\t\t\t<\/div>\n\t\t<\/section>\n\t\t\t\t<section class=\"elementor-section elementor-top-section elementor-element elementor-element-f7aca26 elementor-section-boxed elementor-section-height-default elementor-section-height-default\" data-id=\"f7aca26\" data-element_type=\"section\">\n\t\t\t\t\t\t<div class=\"elementor-container elementor-column-gap-default\">\n\t\t\t\t\t<div class=\"elementor-column elementor-col-50 elementor-top-column elementor-element elementor-element-3c7e5dfc\" data-id=\"3c7e5dfc\" data-element_type=\"column\">\n\t\t\t<div class=\"elementor-widget-wrap elementor-element-populated\">\n\t\t\t\t\t\t<div class=\"elementor-element elementor-element-78c8a9a0 elementor-widget elementor-widget-image\" data-id=\"78c8a9a0\" data-element_type=\"widget\" data-widget_type=\"image.default\">\n\t\t\t\t<div class=\"elementor-widget-container\">\n\t\t\t\t\t\t\t\t\t\t\t\t\t\t\t\t<a href=\"https:\/\/nurident.com\/de\/wp-content\/uploads\/2022\/11\/nurident43-8.webp\" data-elementor-open-lightbox=\"yes\" data-elementor-lightbox-title=\"nurident43 (8)\" data-e-action-hash=\"#elementor-action%3Aaction%3Dlightbox%26settings%3DeyJpZCI6OTM3MCwidXJsIjoiaHR0cHM6XC9cL251cmlkZW50LmNvbVwvZGVcL3dwLWNvbnRlbnRcL3VwbG9hZHNcLzIwMjJcLzExXC9udXJpZGVudDQzLTgud2VicCJ9\">\n\t\t\t\t\t\t\t<img loading=\"lazy\" decoding=\"async\" width=\"1200\" height=\"700\" src=\"https:\/\/nurident.com\/de\/wp-content\/uploads\/2022\/11\/nurident43-8.webp\" class=\"elementor-animation-grow attachment-full size-full wp-image-9370\" alt=\"\" srcset=\"https:\/\/nurident.com\/de\/wp-content\/uploads\/2022\/11\/nurident43-8.webp 1200w, https:\/\/nurident.com\/de\/wp-content\/uploads\/2022\/11\/nurident43-8-300x175.webp 300w, https:\/\/nurident.com\/de\/wp-content\/uploads\/2022\/11\/nurident43-8-1024x597.webp 1024w, https:\/\/nurident.com\/de\/wp-content\/uploads\/2022\/11\/nurident43-8-768x448.webp 768w\" sizes=\"(max-width: 1200px) 100vw, 1200px\" \/>\t\t\t\t\t\t\t\t<\/a>\n\t\t\t\t\t\t\t\t\t\t\t\t\t\t\t<\/div>\n\t\t\t\t<\/div>\n\t\t\t\t<div class=\"elementor-element elementor-element-64d2eaea elementor-widget elementor-widget-text-editor\" data-id=\"64d2eaea\" data-element_type=\"widget\" data-widget_type=\"text-editor.default\">\n\t\t\t\t<div class=\"elementor-widget-container\">\n\t\t\t\t\t\t\t\t\t<div class=\"col-md-6 box-pic\"><div class=\"col-md-6 box-pic\"><p class=\"detail-cases\" data-explain=\"1\">3. R\u00f6ntgenaufnahme vor der Behandlung.<\/p><\/div><\/div>\t\t\t\t\t\t\t\t<\/div>\n\t\t\t\t<\/div>\n\t\t\t\t\t<\/div>\n\t\t<\/div>\n\t\t\t\t<div class=\"elementor-column elementor-col-50 elementor-top-column elementor-element elementor-element-4824efe4\" data-id=\"4824efe4\" data-element_type=\"column\">\n\t\t\t<div class=\"elementor-widget-wrap elementor-element-populated\">\n\t\t\t\t\t\t<div class=\"elementor-element elementor-element-12afca46 elementor-widget elementor-widget-image\" data-id=\"12afca46\" data-element_type=\"widget\" data-widget_type=\"image.default\">\n\t\t\t\t<div class=\"elementor-widget-container\">\n\t\t\t\t\t\t\t\t\t\t\t\t\t\t\t\t<a href=\"https:\/\/nurident.com\/de\/wp-content\/uploads\/2022\/11\/nurident43-3.webp\" data-elementor-open-lightbox=\"yes\" data-elementor-lightbox-title=\"nurident43 (3)\" data-e-action-hash=\"#elementor-action%3Aaction%3Dlightbox%26settings%3DeyJpZCI6OTM2NSwidXJsIjoiaHR0cHM6XC9cL251cmlkZW50LmNvbVwvZGVcL3dwLWNvbnRlbnRcL3VwbG9hZHNcLzIwMjJcLzExXC9udXJpZGVudDQzLTMud2VicCJ9\">\n\t\t\t\t\t\t\t<img loading=\"lazy\" decoding=\"async\" width=\"1200\" height=\"700\" src=\"https:\/\/nurident.com\/de\/wp-content\/uploads\/2022\/11\/nurident43-3.webp\" class=\"elementor-animation-grow attachment-full size-full wp-image-9365\" alt=\"\" srcset=\"https:\/\/nurident.com\/de\/wp-content\/uploads\/2022\/11\/nurident43-3.webp 1200w, https:\/\/nurident.com\/de\/wp-content\/uploads\/2022\/11\/nurident43-3-300x175.webp 300w, https:\/\/nurident.com\/de\/wp-content\/uploads\/2022\/11\/nurident43-3-1024x597.webp 1024w, https:\/\/nurident.com\/de\/wp-content\/uploads\/2022\/11\/nurident43-3-768x448.webp 768w\" sizes=\"(max-width: 1200px) 100vw, 1200px\" \/>\t\t\t\t\t\t\t\t<\/a>\n\t\t\t\t\t\t\t\t\t\t\t\t\t\t\t<\/div>\n\t\t\t\t<\/div>\n\t\t\t\t<div class=\"elementor-element elementor-element-789b4701 elementor-widget elementor-widget-text-editor\" data-id=\"789b4701\" data-element_type=\"widget\" data-widget_type=\"text-editor.default\">\n\t\t\t\t<div class=\"elementor-widget-container\">\n\t\t\t\t\t\t\t\t\t<div class=\"col-md-6 box-pic\"><div class=\"col-md-6 box-pic\"><p class=\"detail-cases\" data-explain=\"1\">4. R\u00f6ntgenaufnahme mit sofort-belastbaren BasalFix-Zahnimplantaten.<\/p><\/div><\/div>\t\t\t\t\t\t\t\t<\/div>\n\t\t\t\t<\/div>\n\t\t\t\t\t<\/div>\n\t\t<\/div>\n\t\t\t\t\t<\/div>\n\t\t<\/section>\n\t\t\t\t<section class=\"elementor-section elementor-top-section elementor-element elementor-element-4b59e685 elementor-section-boxed elementor-section-height-default elementor-section-height-default\" data-id=\"4b59e685\" data-element_type=\"section\">\n\t\t\t\t\t\t<div class=\"elementor-container elementor-column-gap-default\">\n\t\t\t\t\t<div class=\"elementor-column elementor-col-50 elementor-top-column elementor-element elementor-element-4e893699\" data-id=\"4e893699\" data-element_type=\"column\">\n\t\t\t<div class=\"elementor-widget-wrap elementor-element-populated\">\n\t\t\t\t\t\t<div class=\"elementor-element elementor-element-39e4ca87 elementor-widget elementor-widget-image\" data-id=\"39e4ca87\" data-element_type=\"widget\" data-widget_type=\"image.default\">\n\t\t\t\t<div class=\"elementor-widget-container\">\n\t\t\t\t\t\t\t\t\t\t\t\t\t\t\t\t<a href=\"https:\/\/nurident.com\/de\/wp-content\/uploads\/2022\/11\/nurident43-5.webp\" data-elementor-open-lightbox=\"yes\" data-elementor-lightbox-title=\"nurident43 (5)\" data-e-action-hash=\"#elementor-action%3Aaction%3Dlightbox%26settings%3DeyJpZCI6OTM2NywidXJsIjoiaHR0cHM6XC9cL251cmlkZW50LmNvbVwvZGVcL3dwLWNvbnRlbnRcL3VwbG9hZHNcLzIwMjJcLzExXC9udXJpZGVudDQzLTUud2VicCJ9\">\n\t\t\t\t\t\t\t<img loading=\"lazy\" decoding=\"async\" width=\"1200\" height=\"700\" src=\"https:\/\/nurident.com\/de\/wp-content\/uploads\/2022\/11\/nurident43-5.webp\" class=\"elementor-animation-grow attachment-full size-full wp-image-9367\" alt=\"\" srcset=\"https:\/\/nurident.com\/de\/wp-content\/uploads\/2022\/11\/nurident43-5.webp 1200w, https:\/\/nurident.com\/de\/wp-content\/uploads\/2022\/11\/nurident43-5-300x175.webp 300w, https:\/\/nurident.com\/de\/wp-content\/uploads\/2022\/11\/nurident43-5-1024x597.webp 1024w, https:\/\/nurident.com\/de\/wp-content\/uploads\/2022\/11\/nurident43-5-768x448.webp 768w\" sizes=\"(max-width: 1200px) 100vw, 1200px\" \/>\t\t\t\t\t\t\t\t<\/a>\n\t\t\t\t\t\t\t\t\t\t\t\t\t\t\t<\/div>\n\t\t\t\t<\/div>\n\t\t\t\t<div class=\"elementor-element elementor-element-5a6846b7 elementor-widget elementor-widget-text-editor\" data-id=\"5a6846b7\" data-element_type=\"widget\" data-widget_type=\"text-editor.default\">\n\t\t\t\t<div class=\"elementor-widget-container\">\n\t\t\t\t\t\t\t\t\t<div class=\"col-md-6 box-pic\"><div class=\"col-md-6 box-pic\"><p class=\"detail-cases\" data-explain=\"1\">5. Zementierte Konstruktion hergestellt durch Laser mit \u00e4sthetischer Keramik IPS e. Max Ceram in Nurident (Oberkiefer).<\/p><\/div><\/div>\t\t\t\t\t\t\t\t<\/div>\n\t\t\t\t<\/div>\n\t\t\t\t\t<\/div>\n\t\t<\/div>\n\t\t\t\t<div class=\"elementor-column elementor-col-50 elementor-top-column elementor-element elementor-element-3497212\" data-id=\"3497212\" data-element_type=\"column\">\n\t\t\t<div class=\"elementor-widget-wrap elementor-element-populated\">\n\t\t\t\t\t\t<div class=\"elementor-element elementor-element-6f5151db elementor-widget elementor-widget-image\" data-id=\"6f5151db\" data-element_type=\"widget\" data-widget_type=\"image.default\">\n\t\t\t\t<div class=\"elementor-widget-container\">\n\t\t\t\t\t\t\t\t\t\t\t\t\t\t\t\t<a href=\"https:\/\/nurident.com\/de\/wp-content\/uploads\/2022\/11\/nurident43-9.webp\" data-elementor-open-lightbox=\"yes\" data-elementor-lightbox-title=\"nurident43 (9)\" data-e-action-hash=\"#elementor-action%3Aaction%3Dlightbox%26settings%3DeyJpZCI6OTM3MSwidXJsIjoiaHR0cHM6XC9cL251cmlkZW50LmNvbVwvZGVcL3dwLWNvbnRlbnRcL3VwbG9hZHNcLzIwMjJcLzExXC9udXJpZGVudDQzLTkud2VicCJ9\">\n\t\t\t\t\t\t\t<img loading=\"lazy\" decoding=\"async\" width=\"1200\" height=\"700\" src=\"https:\/\/nurident.com\/de\/wp-content\/uploads\/2022\/11\/nurident43-9.webp\" class=\"elementor-animation-grow attachment-full size-full wp-image-9371\" alt=\"\" srcset=\"https:\/\/nurident.com\/de\/wp-content\/uploads\/2022\/11\/nurident43-9.webp 1200w, https:\/\/nurident.com\/de\/wp-content\/uploads\/2022\/11\/nurident43-9-300x175.webp 300w, https:\/\/nurident.com\/de\/wp-content\/uploads\/2022\/11\/nurident43-9-1024x597.webp 1024w, https:\/\/nurident.com\/de\/wp-content\/uploads\/2022\/11\/nurident43-9-768x448.webp 768w\" sizes=\"(max-width: 1200px) 100vw, 1200px\" \/>\t\t\t\t\t\t\t\t<\/a>\n\t\t\t\t\t\t\t\t\t\t\t\t\t\t\t<\/div>\n\t\t\t\t<\/div>\n\t\t\t\t<div class=\"elementor-element elementor-element-eb0b905 elementor-widget elementor-widget-text-editor\" data-id=\"eb0b905\" data-element_type=\"widget\" data-widget_type=\"text-editor.default\">\n\t\t\t\t<div class=\"elementor-widget-container\">\n\t\t\t\t\t\t\t\t\t<div class=\"col-md-6 box-pic\"><div class=\"col-md-6 box-pic\"><p class=\"detail-cases\" data-explain=\"1\">6. Zementierte Konstruktion hergestellt durch Laser mit \u00e4sthetischer Keramik IPS e. Max Ceram in Nurident (Unterkiefer).<\/p><\/div><\/div>\t\t\t\t\t\t\t\t<\/div>\n\t\t\t\t<\/div>\n\t\t\t\t\t<\/div>\n\t\t<\/div>\n\t\t\t\t\t<\/div>\n\t\t<\/section>\n\t\t\t\t<section class=\"elementor-section elementor-top-section elementor-element elementor-element-5665a666 elementor-section-boxed elementor-section-height-default elementor-section-height-default\" data-id=\"5665a666\" data-element_type=\"section\">\n\t\t\t\t\t\t<div class=\"elementor-container elementor-column-gap-default\">\n\t\t\t\t\t<div class=\"elementor-column elementor-col-50 elementor-top-column elementor-element elementor-element-6343c61c\" data-id=\"6343c61c\" data-element_type=\"column\">\n\t\t\t<div class=\"elementor-widget-wrap elementor-element-populated\">\n\t\t\t\t\t\t<div class=\"elementor-element elementor-element-32ecf302 elementor-widget elementor-widget-image\" data-id=\"32ecf302\" data-element_type=\"widget\" data-widget_type=\"image.default\">\n\t\t\t\t<div class=\"elementor-widget-container\">\n\t\t\t\t\t\t\t\t\t\t\t\t\t\t\t\t<a href=\"https:\/\/nurident.com\/de\/wp-content\/uploads\/2022\/11\/nurident43-2.webp\" data-elementor-open-lightbox=\"yes\" data-elementor-lightbox-title=\"nurident43 (2)\" data-e-action-hash=\"#elementor-action%3Aaction%3Dlightbox%26settings%3DeyJpZCI6OTM2NCwidXJsIjoiaHR0cHM6XC9cL251cmlkZW50LmNvbVwvZGVcL3dwLWNvbnRlbnRcL3VwbG9hZHNcLzIwMjJcLzExXC9udXJpZGVudDQzLTIud2VicCJ9\">\n\t\t\t\t\t\t\t<img loading=\"lazy\" decoding=\"async\" width=\"1200\" height=\"700\" src=\"https:\/\/nurident.com\/de\/wp-content\/uploads\/2022\/11\/nurident43-2.webp\" class=\"elementor-animation-grow attachment-full size-full wp-image-9364\" alt=\"\" srcset=\"https:\/\/nurident.com\/de\/wp-content\/uploads\/2022\/11\/nurident43-2.webp 1200w, https:\/\/nurident.com\/de\/wp-content\/uploads\/2022\/11\/nurident43-2-300x175.webp 300w, https:\/\/nurident.com\/de\/wp-content\/uploads\/2022\/11\/nurident43-2-1024x597.webp 1024w, https:\/\/nurident.com\/de\/wp-content\/uploads\/2022\/11\/nurident43-2-768x448.webp 768w\" sizes=\"(max-width: 1200px) 100vw, 1200px\" \/>\t\t\t\t\t\t\t\t<\/a>\n\t\t\t\t\t\t\t\t\t\t\t\t\t\t\t<\/div>\n\t\t\t\t<\/div>\n\t\t\t\t<div class=\"elementor-element elementor-element-4169817d elementor-widget elementor-widget-text-editor\" data-id=\"4169817d\" data-element_type=\"widget\" data-widget_type=\"text-editor.default\">\n\t\t\t\t<div class=\"elementor-widget-container\">\n\t\t\t\t\t\t\t\t\t<div class=\"col-md-6 box-pic\"><div class=\"col-md-6 box-pic\"><p class=\"detail-cases\" data-explain=\"1\">7. L\u00e4cheln vor der Behandlung.<\/p><\/div><\/div>\t\t\t\t\t\t\t\t<\/div>\n\t\t\t\t<\/div>\n\t\t\t\t\t<\/div>\n\t\t<\/div>\n\t\t\t\t<div class=\"elementor-column elementor-col-50 elementor-top-column elementor-element elementor-element-75695e70\" data-id=\"75695e70\" data-element_type=\"column\">\n\t\t\t<div class=\"elementor-widget-wrap elementor-element-populated\">\n\t\t\t\t\t\t<div class=\"elementor-element elementor-element-15a971d7 elementor-widget elementor-widget-image\" data-id=\"15a971d7\" data-element_type=\"widget\" data-widget_type=\"image.default\">\n\t\t\t\t<div class=\"elementor-widget-container\">\n\t\t\t\t\t\t\t\t\t\t\t\t\t\t\t\t<a href=\"https:\/\/nurident.com\/de\/wp-content\/uploads\/2022\/11\/nurident43-6.webp\" data-elementor-open-lightbox=\"yes\" data-elementor-lightbox-title=\"nurident43 (6)\" data-e-action-hash=\"#elementor-action%3Aaction%3Dlightbox%26settings%3DeyJpZCI6OTM2OCwidXJsIjoiaHR0cHM6XC9cL251cmlkZW50LmNvbVwvZGVcL3dwLWNvbnRlbnRcL3VwbG9hZHNcLzIwMjJcLzExXC9udXJpZGVudDQzLTYud2VicCJ9\">\n\t\t\t\t\t\t\t<img loading=\"lazy\" decoding=\"async\" width=\"1200\" height=\"700\" src=\"https:\/\/nurident.com\/de\/wp-content\/uploads\/2022\/11\/nurident43-6.webp\" class=\"elementor-animation-grow attachment-full size-full wp-image-9368\" alt=\"\" srcset=\"https:\/\/nurident.com\/de\/wp-content\/uploads\/2022\/11\/nurident43-6.webp 1200w, https:\/\/nurident.com\/de\/wp-content\/uploads\/2022\/11\/nurident43-6-300x175.webp 300w, https:\/\/nurident.com\/de\/wp-content\/uploads\/2022\/11\/nurident43-6-1024x597.webp 1024w, https:\/\/nurident.com\/de\/wp-content\/uploads\/2022\/11\/nurident43-6-768x448.webp 768w\" sizes=\"(max-width: 1200px) 100vw, 1200px\" \/>\t\t\t\t\t\t\t\t<\/a>\n\t\t\t\t\t\t\t\t\t\t\t\t\t\t\t<\/div>\n\t\t\t\t<\/div>\n\t\t\t\t<div class=\"elementor-element elementor-element-17cc8766 elementor-widget elementor-widget-text-editor\" data-id=\"17cc8766\" data-element_type=\"widget\" data-widget_type=\"text-editor.default\">\n\t\t\t\t<div class=\"elementor-widget-container\">\n\t\t\t\t\t\t\t\t\t<div class=\"col-md-6 box-pic\"><main id=\"main\"><div class=\"container\"><div class=\"row\"><div class=\"col-md-12 second-titrb text-center\"><div class=\"row firstday\"><div class=\"col-md-6 box-pic\"><p class=\"detail-cases\" data-explain=\"1\">8. Vollst\u00e4ndige Erneuerung im Implantologiezentrum Nurident<\/p><\/div><\/div><\/div><\/div><\/div><\/main><\/div>\t\t\t\t\t\t\t\t<\/div>\n\t\t\t\t<\/div>\n\t\t\t\t\t<\/div>\n\t\t<\/div>\n\t\t\t\t\t<\/div>\n\t\t<\/section>\n\t\t\t\t<\/div>\n\t\t","protected":false},"excerpt":{"rendered":"<p>Kostenlose Angebotsanfrage Dr Noori Der Patient ist 33 Jahre alt. Die klinischen Befunde umfassen: Teilzahnlosigkeit, chronische Parodontitis, multiple kari\u00f6se L\u00e4sionen, gro\u00dfer Knochenverlust und schwere Atrophie in den distalen Segmenten des Oberkiefers. Beeintr\u00e4chtigte \u00c4sthetik, Okklusion und Funktion. Begleiterkrankung: Bluthochdruck und Diabetes. Der Behandlungsplan umfasst: Extraktion aller Z\u00e4hne, Platzierung von 11 sofort-belastbare Basal- und Kompressionszahnimplantaten BasalFix im [&hellip;]<\/p>\n","protected":false},"author":1,"featured_media":0,"parent":7338,"menu_order":0,"comment_status":"closed","ping_status":"closed","template":"","meta":{"footnotes":""},"class_list":["post-14217","page","type-page","status-publish","hentry"],"_links":{"self":[{"href":"https:\/\/nurident.com\/de\/wp-json\/wp\/v2\/pages\/14217","targetHints":{"allow":["GET"]}}],"collection":[{"href":"https:\/\/nurident.com\/de\/wp-json\/wp\/v2\/pages"}],"about":[{"href":"https:\/\/nurident.com\/de\/wp-json\/wp\/v2\/types\/page"}],"author":[{"embeddable":true,"href":"https:\/\/nurident.com\/de\/wp-json\/wp\/v2\/users\/1"}],"replies":[{"embeddable":true,"href":"https:\/\/nurident.com\/de\/wp-json\/wp\/v2\/comments?post=14217"}],"version-history":[{"count":21,"href":"https:\/\/nurident.com\/de\/wp-json\/wp\/v2\/pages\/14217\/revisions"}],"predecessor-version":[{"id":21320,"href":"https:\/\/nurident.com\/de\/wp-json\/wp\/v2\/pages\/14217\/revisions\/21320"}],"up":[{"embeddable":true,"href":"https:\/\/nurident.com\/de\/wp-json\/wp\/v2\/pages\/7338"}],"wp:attachment":[{"href":"https:\/\/nurident.com\/de\/wp-json\/wp\/v2\/media?parent=14217"}],"curies":[{"name":"wp","href":"https:\/\/api.w.org\/{rel}","templated":true}]}}