{"id":13933,"date":"2022-11-10T09:29:10","date_gmt":"2022-11-10T09:29:10","guid":{"rendered":"https:\/\/nurigroup.eu\/?page_id=13933"},"modified":"2022-11-20T11:57:53","modified_gmt":"2022-11-20T11:57:53","slug":"24-2","status":"publish","type":"page","link":"https:\/\/nurident.com\/de\/detail-fall\/24-2\/","title":{"rendered":"24"},"content":{"rendered":"\t\t<div data-elementor-type=\"wp-page\" data-elementor-id=\"13933\" class=\"elementor elementor-13933\" data-elementor-post-type=\"page\">\n\t\t\t\t\t\t<section class=\"elementor-section elementor-top-section elementor-element elementor-element-12bee6bf elementor-section-boxed elementor-section-height-default elementor-section-height-default\" data-id=\"12bee6bf\" data-element_type=\"section\">\n\t\t\t\t\t\t<div class=\"elementor-container elementor-column-gap-default\">\n\t\t\t\t\t<div class=\"elementor-column elementor-col-50 elementor-top-column elementor-element elementor-element-66877ecc\" data-id=\"66877ecc\" data-element_type=\"column\">\n\t\t\t<div class=\"elementor-widget-wrap elementor-element-populated\">\n\t\t\t\t\t\t<div class=\"elementor-element elementor-element-50cea8a4 elementor-widget elementor-widget-image\" data-id=\"50cea8a4\" data-element_type=\"widget\" data-widget_type=\"image.default\">\n\t\t\t\t<div class=\"elementor-widget-container\">\n\t\t\t\t\t\t\t\t\t\t\t\t\t\t\t\t<a href=\"https:\/\/nurident.com\/de\/wp-content\/uploads\/2022\/11\/nurident24-1.webp\" data-elementor-open-lightbox=\"yes\" data-elementor-lightbox-title=\"nurident24 (1)\" data-e-action-hash=\"#elementor-action%3Aaction%3Dlightbox%26settings%3DeyJpZCI6OTAxMiwidXJsIjoiaHR0cHM6XC9cL251cmlkZW50LmNvbVwvZGVcL3dwLWNvbnRlbnRcL3VwbG9hZHNcLzIwMjJcLzExXC9udXJpZGVudDI0LTEud2VicCJ9\">\n\t\t\t\t\t\t\t<img fetchpriority=\"high\" decoding=\"async\" width=\"1050\" height=\"789\" src=\"https:\/\/nurident.com\/de\/wp-content\/uploads\/2022\/11\/nurident24-1.webp\" class=\"attachment-full size-full wp-image-9012\" alt=\"\" srcset=\"https:\/\/nurident.com\/de\/wp-content\/uploads\/2022\/11\/nurident24-1.webp 1050w, https:\/\/nurident.com\/de\/wp-content\/uploads\/2022\/11\/nurident24-1-300x225.webp 300w, https:\/\/nurident.com\/de\/wp-content\/uploads\/2022\/11\/nurident24-1-1024x769.webp 1024w, https:\/\/nurident.com\/de\/wp-content\/uploads\/2022\/11\/nurident24-1-768x577.webp 768w\" sizes=\"(max-width: 1050px) 100vw, 1050px\" \/>\t\t\t\t\t\t\t\t<\/a>\n\t\t\t\t\t\t\t\t\t\t\t\t\t\t\t<\/div>\n\t\t\t\t<\/div>\n\t\t\t\t<div class=\"elementor-element elementor-element-30f31b73 elementor-align-justify elementor-hidden-desktop elementor-hidden-mobile elementor-widget elementor-widget-button\" data-id=\"30f31b73\" data-element_type=\"widget\" data-widget_type=\"button.default\">\n\t\t\t\t<div class=\"elementor-widget-container\">\n\t\t\t\t\t\t\t\t\t<div class=\"elementor-button-wrapper\">\n\t\t\t\t\t<a class=\"elementor-button elementor-button-link elementor-size-md\" href=\"https:\/\/nurident.com\/de\/kontak\/\">\n\t\t\t\t\t\t<span class=\"elementor-button-content-wrapper\">\n\t\t\t\t\t\t\t\t\t<span class=\"elementor-button-text\">Kostenlose Angebotsanfrage<\/span>\n\t\t\t\t\t<\/span>\n\t\t\t\t\t<\/a>\n\t\t\t\t<\/div>\n\t\t\t\t\t\t\t\t<\/div>\n\t\t\t\t<\/div>\n\t\t\t\t<div class=\"elementor-element elementor-element-6711578a elementor-hidden-desktop elementor-hidden-mobile elementor-widget elementor-widget-heading\" data-id=\"6711578a\" data-element_type=\"widget\" data-widget_type=\"heading.default\">\n\t\t\t\t<div class=\"elementor-widget-container\">\n\t\t\t\t\t<h2 class=\"elementor-heading-title elementor-size-default\">Behandelnder Arzt: Dr. Nuri\n\n<\/h2>\t\t\t\t<\/div>\n\t\t\t\t<\/div>\n\t\t\t\t\t<\/div>\n\t\t<\/div>\n\t\t\t\t<div class=\"elementor-column elementor-col-50 elementor-top-column elementor-element elementor-element-1b59fb03\" data-id=\"1b59fb03\" data-element_type=\"column\">\n\t\t\t<div class=\"elementor-widget-wrap elementor-element-populated\">\n\t\t\t\t\t\t<div class=\"elementor-element elementor-element-4d976cd1 elementor-widget elementor-widget-text-editor\" data-id=\"4d976cd1\" data-element_type=\"widget\" data-widget_type=\"text-editor.default\">\n\t\t\t\t<div class=\"elementor-widget-container\">\n\t\t\t\t\t\t\t\t\t<p>Der Patient ist 62 Jahre alt. Zu den klinischen Befunden geh\u00f6ren: Chronische Parodontitis, Beeintr\u00e4chtigung der Funktion, Okkluzion und \u00c4sthetik. Begleiterkrankung &#8211; Diabetes. Der Behandlungsplan beinhaltet: Extraktion aller Z\u00e4hne, einsetzen von 12 sofort-belastbaren basalen und kompressiven Zahnimplantaten in den Oberkiefer und 10 sofort-belastbaren basalen und kompressiven Zahnimplantaten in den Unterkiefer, Reparaturvorg\u00e4nge von Weich- und Hartgeweben und Prothetik auf die Zahnimplantate durch\u202f<b>\u00a0Laser mit \u00e4sthetischen Keramik IPS e. Max Ceram.\u00a0<\/b><b>Dauer der Behandlung: 6 Tage<\/b><\/p>\t\t\t\t\t\t\t\t<\/div>\n\t\t\t\t<\/div>\n\t\t\t\t<div class=\"elementor-element elementor-element-6bbf46f0 elementor-hidden-tablet elementor-widget elementor-widget-heading\" data-id=\"6bbf46f0\" data-element_type=\"widget\" data-widget_type=\"heading.default\">\n\t\t\t\t<div class=\"elementor-widget-container\">\n\t\t\t\t\t<h2 class=\"elementor-heading-title elementor-size-default\">Behandelnder Arzt: Dr. Nuri\n\n<\/h2>\t\t\t\t<\/div>\n\t\t\t\t<\/div>\n\t\t\t\t<div class=\"elementor-element elementor-element-671a4d3f elementor-align-justify elementor-hidden-tablet elementor-widget elementor-widget-button\" data-id=\"671a4d3f\" data-element_type=\"widget\" data-widget_type=\"button.default\">\n\t\t\t\t<div class=\"elementor-widget-container\">\n\t\t\t\t\t\t\t\t\t<div class=\"elementor-button-wrapper\">\n\t\t\t\t\t<a class=\"elementor-button elementor-button-link elementor-size-md\" href=\"https:\/\/nurident.com\/de\/kontak\/\">\n\t\t\t\t\t\t<span class=\"elementor-button-content-wrapper\">\n\t\t\t\t\t\t\t\t\t<span class=\"elementor-button-text\">Kostenlose Angebotsanfrage<\/span>\n\t\t\t\t\t<\/span>\n\t\t\t\t\t<\/a>\n\t\t\t\t<\/div>\n\t\t\t\t\t\t\t\t<\/div>\n\t\t\t\t<\/div>\n\t\t\t\t\t<\/div>\n\t\t<\/div>\n\t\t\t\t\t<\/div>\n\t\t<\/section>\n\t\t\t\t<section class=\"elementor-section elementor-top-section elementor-element elementor-element-7b79fbd5 elementor-section-boxed elementor-section-height-default elementor-section-height-default\" data-id=\"7b79fbd5\" data-element_type=\"section\">\n\t\t\t\t\t\t<div class=\"elementor-container elementor-column-gap-default\">\n\t\t\t\t\t<div class=\"elementor-column elementor-col-50 elementor-top-column elementor-element elementor-element-345e3973\" data-id=\"345e3973\" data-element_type=\"column\">\n\t\t\t<div class=\"elementor-widget-wrap elementor-element-populated\">\n\t\t\t\t\t\t<div class=\"elementor-element elementor-element-4b79599 elementor-widget elementor-widget-image\" data-id=\"4b79599\" data-element_type=\"widget\" data-widget_type=\"image.default\">\n\t\t\t\t<div class=\"elementor-widget-container\">\n\t\t\t\t\t\t\t\t\t\t\t\t\t\t\t\t<a href=\"https:\/\/nurident.com\/de\/wp-content\/uploads\/2022\/11\/nurident24-6.webp\" data-elementor-open-lightbox=\"yes\" data-elementor-lightbox-title=\"nurident24 (6)\" data-e-action-hash=\"#elementor-action%3Aaction%3Dlightbox%26settings%3DeyJpZCI6OTAxNywidXJsIjoiaHR0cHM6XC9cL251cmlkZW50LmNvbVwvZGVcL3dwLWNvbnRlbnRcL3VwbG9hZHNcLzIwMjJcLzExXC9udXJpZGVudDI0LTYud2VicCJ9\">\n\t\t\t\t\t\t\t<img decoding=\"async\" width=\"1200\" height=\"700\" src=\"https:\/\/nurident.com\/de\/wp-content\/uploads\/2022\/11\/nurident24-6.webp\" class=\"elementor-animation-grow attachment-full size-full wp-image-9017\" alt=\"\" srcset=\"https:\/\/nurident.com\/de\/wp-content\/uploads\/2022\/11\/nurident24-6.webp 1200w, https:\/\/nurident.com\/de\/wp-content\/uploads\/2022\/11\/nurident24-6-300x175.webp 300w, https:\/\/nurident.com\/de\/wp-content\/uploads\/2022\/11\/nurident24-6-1024x597.webp 1024w, https:\/\/nurident.com\/de\/wp-content\/uploads\/2022\/11\/nurident24-6-768x448.webp 768w\" sizes=\"(max-width: 1200px) 100vw, 1200px\" \/>\t\t\t\t\t\t\t\t<\/a>\n\t\t\t\t\t\t\t\t\t\t\t\t\t\t\t<\/div>\n\t\t\t\t<\/div>\n\t\t\t\t<div class=\"elementor-element elementor-element-3603484c elementor-widget elementor-widget-text-editor\" data-id=\"3603484c\" data-element_type=\"widget\" data-widget_type=\"text-editor.default\">\n\t\t\t\t<div class=\"elementor-widget-container\">\n\t\t\t\t\t\t\t\t\t<div class=\"col-md-6 box-pic\"><div class=\"col-md-6 box-pic\"><p class=\"detail-cases\" data-explain=\"1\">1- Nach der Behandlung mit sofort-belastbaren Zahnimplantaten und platzierten Kronen hergstellt durch Laser mit \u00e4sthetischen Keramik IPS e. Max Ceram.<\/p><\/div><\/div>\t\t\t\t\t\t\t\t<\/div>\n\t\t\t\t<\/div>\n\t\t\t\t\t<\/div>\n\t\t<\/div>\n\t\t\t\t<div class=\"elementor-column elementor-col-50 elementor-top-column elementor-element elementor-element-46e12572\" data-id=\"46e12572\" data-element_type=\"column\">\n\t\t\t<div class=\"elementor-widget-wrap elementor-element-populated\">\n\t\t\t\t\t\t<div class=\"elementor-element elementor-element-7129d2ec elementor-widget elementor-widget-image\" data-id=\"7129d2ec\" data-element_type=\"widget\" data-widget_type=\"image.default\">\n\t\t\t\t<div class=\"elementor-widget-container\">\n\t\t\t\t\t\t\t\t\t\t\t\t\t\t\t\t<a href=\"https:\/\/nurident.com\/de\/wp-content\/uploads\/2022\/11\/nurident24-5.webp\" data-elementor-open-lightbox=\"yes\" data-elementor-lightbox-title=\"nurident24 (5)\" data-e-action-hash=\"#elementor-action%3Aaction%3Dlightbox%26settings%3DeyJpZCI6OTAxNiwidXJsIjoiaHR0cHM6XC9cL251cmlkZW50LmNvbVwvZGVcL3dwLWNvbnRlbnRcL3VwbG9hZHNcLzIwMjJcLzExXC9udXJpZGVudDI0LTUud2VicCJ9\">\n\t\t\t\t\t\t\t<img decoding=\"async\" width=\"1200\" height=\"700\" src=\"https:\/\/nurident.com\/de\/wp-content\/uploads\/2022\/11\/nurident24-5.webp\" class=\"elementor-animation-grow attachment-full size-full wp-image-9016\" alt=\"\" srcset=\"https:\/\/nurident.com\/de\/wp-content\/uploads\/2022\/11\/nurident24-5.webp 1200w, https:\/\/nurident.com\/de\/wp-content\/uploads\/2022\/11\/nurident24-5-300x175.webp 300w, https:\/\/nurident.com\/de\/wp-content\/uploads\/2022\/11\/nurident24-5-1024x597.webp 1024w, https:\/\/nurident.com\/de\/wp-content\/uploads\/2022\/11\/nurident24-5-768x448.webp 768w\" sizes=\"(max-width: 1200px) 100vw, 1200px\" \/>\t\t\t\t\t\t\t\t<\/a>\n\t\t\t\t\t\t\t\t\t\t\t\t\t\t\t<\/div>\n\t\t\t\t<\/div>\n\t\t\t\t<div class=\"elementor-element elementor-element-156ddf44 elementor-widget elementor-widget-text-editor\" data-id=\"156ddf44\" data-element_type=\"widget\" data-widget_type=\"text-editor.default\">\n\t\t\t\t<div class=\"elementor-widget-container\">\n\t\t\t\t\t\t\t\t\t<div class=\"col-md-6 box-pic\"><div class=\"col-md-6 box-pic\"><p class=\"detail-cases\" data-explain=\"1\">2- Vor Beginn der Behandlung.<\/p><\/div><\/div>\t\t\t\t\t\t\t\t<\/div>\n\t\t\t\t<\/div>\n\t\t\t\t\t<\/div>\n\t\t<\/div>\n\t\t\t\t\t<\/div>\n\t\t<\/section>\n\t\t\t\t<section class=\"elementor-section elementor-top-section elementor-element elementor-element-3de29ea2 elementor-section-boxed elementor-section-height-default elementor-section-height-default\" data-id=\"3de29ea2\" data-element_type=\"section\">\n\t\t\t\t\t\t<div class=\"elementor-container elementor-column-gap-default\">\n\t\t\t\t\t<div class=\"elementor-column elementor-col-50 elementor-top-column elementor-element elementor-element-2d7e066f\" data-id=\"2d7e066f\" data-element_type=\"column\">\n\t\t\t<div class=\"elementor-widget-wrap elementor-element-populated\">\n\t\t\t\t\t\t<div class=\"elementor-element elementor-element-354ac6b4 elementor-widget elementor-widget-image\" data-id=\"354ac6b4\" data-element_type=\"widget\" data-widget_type=\"image.default\">\n\t\t\t\t<div class=\"elementor-widget-container\">\n\t\t\t\t\t\t\t\t\t\t\t\t\t\t\t\t<a href=\"https:\/\/nurident.com\/de\/wp-content\/uploads\/2022\/11\/nurident24-7.webp\" data-elementor-open-lightbox=\"yes\" data-elementor-lightbox-title=\"nurident24 (7)\" data-e-action-hash=\"#elementor-action%3Aaction%3Dlightbox%26settings%3DeyJpZCI6OTAxOCwidXJsIjoiaHR0cHM6XC9cL251cmlkZW50LmNvbVwvZGVcL3dwLWNvbnRlbnRcL3VwbG9hZHNcLzIwMjJcLzExXC9udXJpZGVudDI0LTcud2VicCJ9\">\n\t\t\t\t\t\t\t<img loading=\"lazy\" decoding=\"async\" width=\"1200\" height=\"700\" src=\"https:\/\/nurident.com\/de\/wp-content\/uploads\/2022\/11\/nurident24-7.webp\" class=\"elementor-animation-grow attachment-full size-full wp-image-9018\" alt=\"\" srcset=\"https:\/\/nurident.com\/de\/wp-content\/uploads\/2022\/11\/nurident24-7.webp 1200w, https:\/\/nurident.com\/de\/wp-content\/uploads\/2022\/11\/nurident24-7-300x175.webp 300w, https:\/\/nurident.com\/de\/wp-content\/uploads\/2022\/11\/nurident24-7-1024x597.webp 1024w, https:\/\/nurident.com\/de\/wp-content\/uploads\/2022\/11\/nurident24-7-768x448.webp 768w\" sizes=\"(max-width: 1200px) 100vw, 1200px\" \/>\t\t\t\t\t\t\t\t<\/a>\n\t\t\t\t\t\t\t\t\t\t\t\t\t\t\t<\/div>\n\t\t\t\t<\/div>\n\t\t\t\t<div class=\"elementor-element elementor-element-43afadeb elementor-widget elementor-widget-text-editor\" data-id=\"43afadeb\" data-element_type=\"widget\" data-widget_type=\"text-editor.default\">\n\t\t\t\t<div class=\"elementor-widget-container\">\n\t\t\t\t\t\t\t\t\t<div class=\"col-md-6 box-pic\"><div class=\"col-md-6 box-pic\"><p class=\"detail-cases\" data-explain=\"1\">3- Obekiefer vor Beginn der Behandlung.<\/p><\/div><\/div>\t\t\t\t\t\t\t\t<\/div>\n\t\t\t\t<\/div>\n\t\t\t\t\t<\/div>\n\t\t<\/div>\n\t\t\t\t<div class=\"elementor-column elementor-col-50 elementor-top-column elementor-element elementor-element-795c0c4\" data-id=\"795c0c4\" data-element_type=\"column\">\n\t\t\t<div class=\"elementor-widget-wrap elementor-element-populated\">\n\t\t\t\t\t\t<div class=\"elementor-element elementor-element-509292b elementor-widget elementor-widget-image\" data-id=\"509292b\" data-element_type=\"widget\" data-widget_type=\"image.default\">\n\t\t\t\t<div class=\"elementor-widget-container\">\n\t\t\t\t\t\t\t\t\t\t\t\t\t\t\t\t<a href=\"https:\/\/nurident.com\/de\/wp-content\/uploads\/2022\/11\/nurident24-8.webp\" data-elementor-open-lightbox=\"yes\" data-elementor-lightbox-title=\"nurident24 (8)\" data-e-action-hash=\"#elementor-action%3Aaction%3Dlightbox%26settings%3DeyJpZCI6OTAxOSwidXJsIjoiaHR0cHM6XC9cL251cmlkZW50LmNvbVwvZGVcL3dwLWNvbnRlbnRcL3VwbG9hZHNcLzIwMjJcLzExXC9udXJpZGVudDI0LTgud2VicCJ9\">\n\t\t\t\t\t\t\t<img loading=\"lazy\" decoding=\"async\" width=\"1200\" height=\"700\" src=\"https:\/\/nurident.com\/de\/wp-content\/uploads\/2022\/11\/nurident24-8.webp\" class=\"elementor-animation-grow attachment-full size-full wp-image-9019\" alt=\"\" srcset=\"https:\/\/nurident.com\/de\/wp-content\/uploads\/2022\/11\/nurident24-8.webp 1200w, https:\/\/nurident.com\/de\/wp-content\/uploads\/2022\/11\/nurident24-8-300x175.webp 300w, https:\/\/nurident.com\/de\/wp-content\/uploads\/2022\/11\/nurident24-8-1024x597.webp 1024w, https:\/\/nurident.com\/de\/wp-content\/uploads\/2022\/11\/nurident24-8-768x448.webp 768w\" sizes=\"(max-width: 1200px) 100vw, 1200px\" \/>\t\t\t\t\t\t\t\t<\/a>\n\t\t\t\t\t\t\t\t\t\t\t\t\t\t\t<\/div>\n\t\t\t\t<\/div>\n\t\t\t\t<div class=\"elementor-element elementor-element-6a1c99f5 elementor-widget elementor-widget-text-editor\" data-id=\"6a1c99f5\" data-element_type=\"widget\" data-widget_type=\"text-editor.default\">\n\t\t\t\t<div class=\"elementor-widget-container\">\n\t\t\t\t\t\t\t\t\t<div class=\"col-md-6 box-pic\"><div class=\"col-md-6 box-pic\"><p class=\"detail-cases\" data-explain=\"1\">4- Unterkiefer vor Beginn der Behandlung.<\/p><\/div><\/div>\t\t\t\t\t\t\t\t<\/div>\n\t\t\t\t<\/div>\n\t\t\t\t\t<\/div>\n\t\t<\/div>\n\t\t\t\t\t<\/div>\n\t\t<\/section>\n\t\t\t\t<section class=\"elementor-section elementor-top-section elementor-element elementor-element-31656217 elementor-section-boxed elementor-section-height-default elementor-section-height-default\" data-id=\"31656217\" data-element_type=\"section\">\n\t\t\t\t\t\t<div class=\"elementor-container elementor-column-gap-default\">\n\t\t\t\t\t<div class=\"elementor-column elementor-col-50 elementor-top-column elementor-element elementor-element-40a2a67f\" data-id=\"40a2a67f\" data-element_type=\"column\">\n\t\t\t<div class=\"elementor-widget-wrap elementor-element-populated\">\n\t\t\t\t\t\t<div class=\"elementor-element elementor-element-209a456d elementor-widget elementor-widget-image\" data-id=\"209a456d\" data-element_type=\"widget\" data-widget_type=\"image.default\">\n\t\t\t\t<div class=\"elementor-widget-container\">\n\t\t\t\t\t\t\t\t\t\t\t\t\t\t\t\t<a href=\"https:\/\/nurident.com\/de\/wp-content\/uploads\/2022\/11\/nurident24-3.webp\" data-elementor-open-lightbox=\"yes\" data-elementor-lightbox-title=\"nurident24 (3)\" data-e-action-hash=\"#elementor-action%3Aaction%3Dlightbox%26settings%3DeyJpZCI6OTAxNCwidXJsIjoiaHR0cHM6XC9cL251cmlkZW50LmNvbVwvZGVcL3dwLWNvbnRlbnRcL3VwbG9hZHNcLzIwMjJcLzExXC9udXJpZGVudDI0LTMud2VicCJ9\">\n\t\t\t\t\t\t\t<img loading=\"lazy\" decoding=\"async\" width=\"1200\" height=\"700\" src=\"https:\/\/nurident.com\/de\/wp-content\/uploads\/2022\/11\/nurident24-3.webp\" class=\"elementor-animation-grow attachment-full size-full wp-image-9014\" alt=\"\" srcset=\"https:\/\/nurident.com\/de\/wp-content\/uploads\/2022\/11\/nurident24-3.webp 1200w, https:\/\/nurident.com\/de\/wp-content\/uploads\/2022\/11\/nurident24-3-300x175.webp 300w, https:\/\/nurident.com\/de\/wp-content\/uploads\/2022\/11\/nurident24-3-1024x597.webp 1024w, https:\/\/nurident.com\/de\/wp-content\/uploads\/2022\/11\/nurident24-3-768x448.webp 768w\" sizes=\"(max-width: 1200px) 100vw, 1200px\" \/>\t\t\t\t\t\t\t\t<\/a>\n\t\t\t\t\t\t\t\t\t\t\t\t\t\t\t<\/div>\n\t\t\t\t<\/div>\n\t\t\t\t<div class=\"elementor-element elementor-element-5f924cf0 elementor-widget elementor-widget-text-editor\" data-id=\"5f924cf0\" data-element_type=\"widget\" data-widget_type=\"text-editor.default\">\n\t\t\t\t<div class=\"elementor-widget-container\">\n\t\t\t\t\t\t\t\t\t<div class=\"col-md-6 box-pic\"><div class=\"col-md-6 box-pic\"><p class=\"detail-cases\" data-explain=\"1\">5- Orthopantmogramm vor Beginn der Behandlung.<\/p><\/div><\/div>\t\t\t\t\t\t\t\t<\/div>\n\t\t\t\t<\/div>\n\t\t\t\t\t<\/div>\n\t\t<\/div>\n\t\t\t\t<div class=\"elementor-column elementor-col-50 elementor-top-column elementor-element elementor-element-122a3dbb\" data-id=\"122a3dbb\" data-element_type=\"column\">\n\t\t\t<div class=\"elementor-widget-wrap elementor-element-populated\">\n\t\t\t\t\t\t<div class=\"elementor-element elementor-element-3b258c7a elementor-widget elementor-widget-image\" data-id=\"3b258c7a\" data-element_type=\"widget\" data-widget_type=\"image.default\">\n\t\t\t\t<div class=\"elementor-widget-container\">\n\t\t\t\t\t\t\t\t\t\t\t\t\t\t\t\t<a href=\"https:\/\/nurident.com\/de\/wp-content\/uploads\/2022\/11\/nurident24-2.webp\" data-elementor-open-lightbox=\"yes\" data-elementor-lightbox-title=\"nurident24 (2)\" data-e-action-hash=\"#elementor-action%3Aaction%3Dlightbox%26settings%3DeyJpZCI6OTAxMywidXJsIjoiaHR0cHM6XC9cL251cmlkZW50LmNvbVwvZGVcL3dwLWNvbnRlbnRcL3VwbG9hZHNcLzIwMjJcLzExXC9udXJpZGVudDI0LTIud2VicCJ9\">\n\t\t\t\t\t\t\t<img loading=\"lazy\" decoding=\"async\" width=\"1200\" height=\"700\" src=\"https:\/\/nurident.com\/de\/wp-content\/uploads\/2022\/11\/nurident24-2.webp\" class=\"elementor-animation-grow attachment-full size-full wp-image-9013\" alt=\"\" srcset=\"https:\/\/nurident.com\/de\/wp-content\/uploads\/2022\/11\/nurident24-2.webp 1200w, https:\/\/nurident.com\/de\/wp-content\/uploads\/2022\/11\/nurident24-2-300x175.webp 300w, https:\/\/nurident.com\/de\/wp-content\/uploads\/2022\/11\/nurident24-2-1024x597.webp 1024w, https:\/\/nurident.com\/de\/wp-content\/uploads\/2022\/11\/nurident24-2-768x448.webp 768w\" sizes=\"(max-width: 1200px) 100vw, 1200px\" \/>\t\t\t\t\t\t\t\t<\/a>\n\t\t\t\t\t\t\t\t\t\t\t\t\t\t\t<\/div>\n\t\t\t\t<\/div>\n\t\t\t\t<div class=\"elementor-element elementor-element-765a2be5 elementor-widget elementor-widget-text-editor\" data-id=\"765a2be5\" data-element_type=\"widget\" data-widget_type=\"text-editor.default\">\n\t\t\t\t<div class=\"elementor-widget-container\">\n\t\t\t\t\t\t\t\t\t<div class=\"col-md-6 box-pic\"><div class=\"col-md-6 box-pic\"><div class=\"col-md-6 box-pic\"><p class=\"detail-cases\" data-explain=\"1\">6- Orthopantomogramm nach der Behandlung mit sofort-belastbaren Zahnimplantaten.<\/p><\/div><\/div><\/div>\t\t\t\t\t\t\t\t<\/div>\n\t\t\t\t<\/div>\n\t\t\t\t\t<\/div>\n\t\t<\/div>\n\t\t\t\t\t<\/div>\n\t\t<\/section>\n\t\t\t\t<section class=\"elementor-section elementor-top-section elementor-element elementor-element-4e6f1526 elementor-section-boxed elementor-section-height-default elementor-section-height-default\" data-id=\"4e6f1526\" data-element_type=\"section\">\n\t\t\t\t\t\t<div class=\"elementor-container elementor-column-gap-default\">\n\t\t\t\t\t<div class=\"elementor-column elementor-col-50 elementor-top-column elementor-element elementor-element-fef5601\" data-id=\"fef5601\" data-element_type=\"column\">\n\t\t\t<div class=\"elementor-widget-wrap elementor-element-populated\">\n\t\t\t\t\t\t<div class=\"elementor-element elementor-element-7c973df4 elementor-widget elementor-widget-image\" data-id=\"7c973df4\" data-element_type=\"widget\" data-widget_type=\"image.default\">\n\t\t\t\t<div class=\"elementor-widget-container\">\n\t\t\t\t\t\t\t\t\t\t\t\t\t\t\t\t<a href=\"https:\/\/nurident.com\/de\/wp-content\/uploads\/2022\/11\/nurident24-9.webp\" data-elementor-open-lightbox=\"yes\" data-elementor-lightbox-title=\"nurident24 (9)\" data-e-action-hash=\"#elementor-action%3Aaction%3Dlightbox%26settings%3DeyJpZCI6OTAyMCwidXJsIjoiaHR0cHM6XC9cL251cmlkZW50LmNvbVwvZGVcL3dwLWNvbnRlbnRcL3VwbG9hZHNcLzIwMjJcLzExXC9udXJpZGVudDI0LTkud2VicCJ9\">\n\t\t\t\t\t\t\t<img loading=\"lazy\" decoding=\"async\" width=\"1200\" height=\"700\" src=\"https:\/\/nurident.com\/de\/wp-content\/uploads\/2022\/11\/nurident24-9.webp\" class=\"elementor-animation-grow attachment-full size-full wp-image-9020\" alt=\"\" srcset=\"https:\/\/nurident.com\/de\/wp-content\/uploads\/2022\/11\/nurident24-9.webp 1200w, https:\/\/nurident.com\/de\/wp-content\/uploads\/2022\/11\/nurident24-9-300x175.webp 300w, https:\/\/nurident.com\/de\/wp-content\/uploads\/2022\/11\/nurident24-9-1024x597.webp 1024w, https:\/\/nurident.com\/de\/wp-content\/uploads\/2022\/11\/nurident24-9-768x448.webp 768w\" sizes=\"(max-width: 1200px) 100vw, 1200px\" \/>\t\t\t\t\t\t\t\t<\/a>\n\t\t\t\t\t\t\t\t\t\t\t\t\t\t\t<\/div>\n\t\t\t\t<\/div>\n\t\t\t\t<div class=\"elementor-element elementor-element-755da515 elementor-widget elementor-widget-text-editor\" data-id=\"755da515\" data-element_type=\"widget\" data-widget_type=\"text-editor.default\">\n\t\t\t\t<div class=\"elementor-widget-container\">\n\t\t\t\t\t\t\t\t\t<div class=\"col-md-6 box-pic\"><div class=\"col-md-6 box-pic\"><div class=\"col-md-6 box-pic\"><p class=\"detail-cases\" data-explain=\"1\">7- Foto des L\u00e4chelns vor der Behandlung.<\/p><\/div><\/div><\/div>\t\t\t\t\t\t\t\t<\/div>\n\t\t\t\t<\/div>\n\t\t\t\t\t<\/div>\n\t\t<\/div>\n\t\t\t\t<div class=\"elementor-column elementor-col-50 elementor-top-column elementor-element elementor-element-5040d198\" data-id=\"5040d198\" data-element_type=\"column\">\n\t\t\t<div class=\"elementor-widget-wrap elementor-element-populated\">\n\t\t\t\t\t\t<div class=\"elementor-element elementor-element-61f58498 elementor-widget elementor-widget-image\" data-id=\"61f58498\" data-element_type=\"widget\" data-widget_type=\"image.default\">\n\t\t\t\t<div class=\"elementor-widget-container\">\n\t\t\t\t\t\t\t\t\t\t\t\t\t\t\t\t<a href=\"https:\/\/nurident.com\/de\/wp-content\/uploads\/2022\/11\/nurident24-4.webp\" data-elementor-open-lightbox=\"yes\" data-elementor-lightbox-title=\"nurident24 (4)\" data-e-action-hash=\"#elementor-action%3Aaction%3Dlightbox%26settings%3DeyJpZCI6OTAxNSwidXJsIjoiaHR0cHM6XC9cL251cmlkZW50LmNvbVwvZGVcL3dwLWNvbnRlbnRcL3VwbG9hZHNcLzIwMjJcLzExXC9udXJpZGVudDI0LTQud2VicCJ9\">\n\t\t\t\t\t\t\t<img loading=\"lazy\" decoding=\"async\" width=\"1200\" height=\"700\" src=\"https:\/\/nurident.com\/de\/wp-content\/uploads\/2022\/11\/nurident24-4.webp\" class=\"elementor-animation-grow attachment-full size-full wp-image-9015\" alt=\"\" srcset=\"https:\/\/nurident.com\/de\/wp-content\/uploads\/2022\/11\/nurident24-4.webp 1200w, https:\/\/nurident.com\/de\/wp-content\/uploads\/2022\/11\/nurident24-4-300x175.webp 300w, https:\/\/nurident.com\/de\/wp-content\/uploads\/2022\/11\/nurident24-4-1024x597.webp 1024w, https:\/\/nurident.com\/de\/wp-content\/uploads\/2022\/11\/nurident24-4-768x448.webp 768w\" sizes=\"(max-width: 1200px) 100vw, 1200px\" \/>\t\t\t\t\t\t\t\t<\/a>\n\t\t\t\t\t\t\t\t\t\t\t\t\t\t\t<\/div>\n\t\t\t\t<\/div>\n\t\t\t\t<div class=\"elementor-element elementor-element-5c890b6b elementor-widget elementor-widget-text-editor\" data-id=\"5c890b6b\" data-element_type=\"widget\" data-widget_type=\"text-editor.default\">\n\t\t\t\t<div class=\"elementor-widget-container\">\n\t\t\t\t\t\t\t\t\t<div class=\"col-md-6 box-pic\"><main id=\"main\"><div class=\"container\"><div class=\"row\"><div class=\"col-md-12 second-titrb text-center\"><div class=\"row firstday\"><div class=\"col-md-6 box-pic\"><p class=\"detail-cases\" data-explain=\"1\">8- Eine komplette Ver\u00e4nderung in 6 Tagen in Nurident.<\/p><\/div><\/div><\/div><\/div><\/div><\/main><\/div>\t\t\t\t\t\t\t\t<\/div>\n\t\t\t\t<\/div>\n\t\t\t\t\t<\/div>\n\t\t<\/div>\n\t\t\t\t\t<\/div>\n\t\t<\/section>\n\t\t\t\t<\/div>\n\t\t","protected":false},"excerpt":{"rendered":"<p>Kostenlose Angebotsanfrage Behandelnder Arzt: Dr. Nuri Der Patient ist 62 Jahre alt. Zu den klinischen Befunden geh\u00f6ren: Chronische Parodontitis, Beeintr\u00e4chtigung der Funktion, Okkluzion und \u00c4sthetik. Begleiterkrankung &#8211; Diabetes. Der Behandlungsplan beinhaltet: Extraktion aller Z\u00e4hne, einsetzen von 12 sofort-belastbaren basalen und kompressiven Zahnimplantaten in den Oberkiefer und 10 sofort-belastbaren basalen und kompressiven Zahnimplantaten in den Unterkiefer, [&hellip;]<\/p>\n","protected":false},"author":1,"featured_media":0,"parent":7338,"menu_order":0,"comment_status":"closed","ping_status":"closed","template":"","meta":{"footnotes":""},"class_list":["post-13933","page","type-page","status-publish","hentry"],"_links":{"self":[{"href":"https:\/\/nurident.com\/de\/wp-json\/wp\/v2\/pages\/13933","targetHints":{"allow":["GET"]}}],"collection":[{"href":"https:\/\/nurident.com\/de\/wp-json\/wp\/v2\/pages"}],"about":[{"href":"https:\/\/nurident.com\/de\/wp-json\/wp\/v2\/types\/page"}],"author":[{"embeddable":true,"href":"https:\/\/nurident.com\/de\/wp-json\/wp\/v2\/users\/1"}],"replies":[{"embeddable":true,"href":"https:\/\/nurident.com\/de\/wp-json\/wp\/v2\/comments?post=13933"}],"version-history":[{"count":9,"href":"https:\/\/nurident.com\/de\/wp-json\/wp\/v2\/pages\/13933\/revisions"}],"predecessor-version":[{"id":21104,"href":"https:\/\/nurident.com\/de\/wp-json\/wp\/v2\/pages\/13933\/revisions\/21104"}],"up":[{"embeddable":true,"href":"https:\/\/nurident.com\/de\/wp-json\/wp\/v2\/pages\/7338"}],"wp:attachment":[{"href":"https:\/\/nurident.com\/de\/wp-json\/wp\/v2\/media?parent=13933"}],"curies":[{"name":"wp","href":"https:\/\/api.w.org\/{rel}","templated":true}]}}