{"id":13715,"date":"2022-11-09T15:08:05","date_gmt":"2022-11-09T15:08:05","guid":{"rendered":"https:\/\/nurigroup.eu\/?page_id=13715"},"modified":"2022-11-20T11:40:39","modified_gmt":"2022-11-20T11:40:39","slug":"20-2","status":"publish","type":"page","link":"https:\/\/nurident.com\/de\/detail-fall\/20-2\/","title":{"rendered":"20"},"content":{"rendered":"\t\t<div data-elementor-type=\"wp-page\" data-elementor-id=\"13715\" class=\"elementor elementor-13715\" data-elementor-post-type=\"page\">\n\t\t\t\t\t\t<section class=\"elementor-section elementor-top-section elementor-element elementor-element-77a6cac7 elementor-section-boxed elementor-section-height-default elementor-section-height-default\" data-id=\"77a6cac7\" data-element_type=\"section\">\n\t\t\t\t\t\t<div class=\"elementor-container elementor-column-gap-default\">\n\t\t\t\t\t<div class=\"elementor-column elementor-col-50 elementor-top-column elementor-element elementor-element-6a6190f4\" data-id=\"6a6190f4\" data-element_type=\"column\">\n\t\t\t<div class=\"elementor-widget-wrap elementor-element-populated\">\n\t\t\t\t\t\t<div class=\"elementor-element elementor-element-2fcdbacf elementor-widget elementor-widget-image\" data-id=\"2fcdbacf\" data-element_type=\"widget\" data-widget_type=\"image.default\">\n\t\t\t\t<div class=\"elementor-widget-container\">\n\t\t\t\t\t\t\t\t\t\t\t\t\t\t\t\t<a href=\"https:\/\/nurident.com\/wp-content\/uploads\/2022\/11\/nurident20-1.webp\" data-elementor-open-lightbox=\"yes\" data-elementor-lightbox-title=\"nurident20 (1)\" data-e-action-hash=\"#elementor-action%3Aaction%3Dlightbox%26settings%3DeyJpZCI6ODk2MiwidXJsIjoiaHR0cHM6XC9cL251cmlkZW50LmNvbVwvZGVcL3dwLWNvbnRlbnRcL3VwbG9hZHNcLzIwMjJcLzExXC9udXJpZGVudDIwLTEud2VicCJ9\">\n\t\t\t\t\t\t\t<img fetchpriority=\"high\" decoding=\"async\" width=\"1050\" height=\"789\" src=\"https:\/\/nurident.com\/de\/wp-content\/uploads\/2022\/11\/nurident20-1.webp\" class=\"attachment-full size-full wp-image-8962\" alt=\"\" srcset=\"https:\/\/nurident.com\/de\/wp-content\/uploads\/2022\/11\/nurident20-1.webp 1050w, https:\/\/nurident.com\/de\/wp-content\/uploads\/2022\/11\/nurident20-1-300x225.webp 300w, https:\/\/nurident.com\/de\/wp-content\/uploads\/2022\/11\/nurident20-1-1024x769.webp 1024w, https:\/\/nurident.com\/de\/wp-content\/uploads\/2022\/11\/nurident20-1-768x577.webp 768w\" sizes=\"(max-width: 1050px) 100vw, 1050px\" \/>\t\t\t\t\t\t\t\t<\/a>\n\t\t\t\t\t\t\t\t\t\t\t\t\t\t\t<\/div>\n\t\t\t\t<\/div>\n\t\t\t\t<div class=\"elementor-element elementor-element-36aab286 elementor-align-justify elementor-hidden-desktop elementor-hidden-mobile elementor-widget elementor-widget-button\" data-id=\"36aab286\" data-element_type=\"widget\" data-widget_type=\"button.default\">\n\t\t\t\t<div class=\"elementor-widget-container\">\n\t\t\t\t\t\t\t\t\t<div class=\"elementor-button-wrapper\">\n\t\t\t\t\t<a class=\"elementor-button elementor-button-link elementor-size-md\" href=\"https:\/\/nurident.com\/de\/kontak\/\">\n\t\t\t\t\t\t<span class=\"elementor-button-content-wrapper\">\n\t\t\t\t\t\t\t\t\t<span class=\"elementor-button-text\">Kostenlose Angebotsanfrage<\/span>\n\t\t\t\t\t<\/span>\n\t\t\t\t\t<\/a>\n\t\t\t\t<\/div>\n\t\t\t\t\t\t\t\t<\/div>\n\t\t\t\t<\/div>\n\t\t\t\t<div class=\"elementor-element elementor-element-60435296 elementor-hidden-desktop elementor-hidden-mobile elementor-widget elementor-widget-heading\" data-id=\"60435296\" data-element_type=\"widget\" data-widget_type=\"heading.default\">\n\t\t\t\t<div class=\"elementor-widget-container\">\n\t\t\t\t\t<h2 class=\"elementor-heading-title elementor-size-default\">Behandelnder Arzt: Dr. Nuri\n\n<\/h2>\t\t\t\t<\/div>\n\t\t\t\t<\/div>\n\t\t\t\t\t<\/div>\n\t\t<\/div>\n\t\t\t\t<div class=\"elementor-column elementor-col-50 elementor-top-column elementor-element elementor-element-6231da6e\" data-id=\"6231da6e\" data-element_type=\"column\">\n\t\t\t<div class=\"elementor-widget-wrap elementor-element-populated\">\n\t\t\t\t\t\t<div class=\"elementor-element elementor-element-7907cd16 elementor-widget elementor-widget-text-editor\" data-id=\"7907cd16\" data-element_type=\"widget\" data-widget_type=\"text-editor.default\">\n\t\t\t\t<div class=\"elementor-widget-container\">\n\t\t\t\t\t\t\t\t\t<p>Die Kiefer des 38- j\u00e4hrigen Patients sind teilweise zahnlos. Der klinische Befund umfasst eine schwere Parodontitis mit Grad 3-Mobilit\u00e4t der verf\u00fcgbaren Z\u00e4hne und schwerer Atrophie. Der Patient ist Raucher. Der Behandlungsplan beinhaltet: Extraktion aller Z\u00e4hne, einsetzen von 9 sofort-belastbaren bi-kortikalen Zahnimplantaten in den Oberkiefer und 8 sofort-belastbaren bi-kortikalen Zahnimplantaten in den Unterkiefer, Reparaturvorg\u00e4nge von Weich- und Hartgewebe und Platzierung von\u202f<b>\u00a0Metall-Keramik-Konstruktionen\u00a0<\/b>auf die Zahnimplantate.<b>\u00a0Dauer der Behandlung: 3 Tage.<\/b><\/p>\t\t\t\t\t\t\t\t<\/div>\n\t\t\t\t<\/div>\n\t\t\t\t<div class=\"elementor-element elementor-element-629a7892 elementor-hidden-tablet elementor-widget elementor-widget-heading\" data-id=\"629a7892\" data-element_type=\"widget\" data-widget_type=\"heading.default\">\n\t\t\t\t<div class=\"elementor-widget-container\">\n\t\t\t\t\t<h2 class=\"elementor-heading-title elementor-size-default\">Behandelnder Arzt: Dr. Nuri\n\n<\/h2>\t\t\t\t<\/div>\n\t\t\t\t<\/div>\n\t\t\t\t<div class=\"elementor-element elementor-element-6499d24b elementor-align-justify elementor-hidden-tablet elementor-widget elementor-widget-button\" data-id=\"6499d24b\" data-element_type=\"widget\" data-widget_type=\"button.default\">\n\t\t\t\t<div class=\"elementor-widget-container\">\n\t\t\t\t\t\t\t\t\t<div class=\"elementor-button-wrapper\">\n\t\t\t\t\t<a class=\"elementor-button elementor-button-link elementor-size-md\" href=\"https:\/\/nurident.com\/de\/kontak\/\">\n\t\t\t\t\t\t<span class=\"elementor-button-content-wrapper\">\n\t\t\t\t\t\t\t\t\t<span class=\"elementor-button-text\">Kostenlose Angebotsanfrage<\/span>\n\t\t\t\t\t<\/span>\n\t\t\t\t\t<\/a>\n\t\t\t\t<\/div>\n\t\t\t\t\t\t\t\t<\/div>\n\t\t\t\t<\/div>\n\t\t\t\t\t<\/div>\n\t\t<\/div>\n\t\t\t\t\t<\/div>\n\t\t<\/section>\n\t\t\t\t<section class=\"elementor-section elementor-top-section elementor-element elementor-element-6d2d7b73 elementor-section-boxed elementor-section-height-default elementor-section-height-default\" data-id=\"6d2d7b73\" data-element_type=\"section\">\n\t\t\t\t\t\t<div class=\"elementor-container elementor-column-gap-default\">\n\t\t\t\t\t<div class=\"elementor-column elementor-col-50 elementor-top-column elementor-element elementor-element-2362097c\" data-id=\"2362097c\" data-element_type=\"column\">\n\t\t\t<div class=\"elementor-widget-wrap elementor-element-populated\">\n\t\t\t\t\t\t<div class=\"elementor-element elementor-element-7a630905 elementor-widget elementor-widget-image\" data-id=\"7a630905\" data-element_type=\"widget\" data-widget_type=\"image.default\">\n\t\t\t\t<div class=\"elementor-widget-container\">\n\t\t\t\t\t\t\t\t\t\t\t\t\t\t\t\t<a href=\"https:\/\/nurident.com\/wp-content\/uploads\/2022\/11\/nurident20-9.webp\" data-elementor-open-lightbox=\"yes\" data-elementor-lightbox-title=\"nurident20 (9)\" data-e-action-hash=\"#elementor-action%3Aaction%3Dlightbox%26settings%3DeyJpZCI6ODk3MCwidXJsIjoiaHR0cHM6XC9cL251cmlkZW50LmNvbVwvZGVcL3dwLWNvbnRlbnRcL3VwbG9hZHNcLzIwMjJcLzExXC9udXJpZGVudDIwLTkud2VicCJ9\">\n\t\t\t\t\t\t\t<img decoding=\"async\" width=\"1200\" height=\"700\" src=\"https:\/\/nurident.com\/de\/wp-content\/uploads\/2022\/11\/nurident20-9.webp\" class=\"elementor-animation-grow attachment-full size-full wp-image-8970\" alt=\"\" srcset=\"https:\/\/nurident.com\/de\/wp-content\/uploads\/2022\/11\/nurident20-9.webp 1200w, https:\/\/nurident.com\/de\/wp-content\/uploads\/2022\/11\/nurident20-9-300x175.webp 300w, https:\/\/nurident.com\/de\/wp-content\/uploads\/2022\/11\/nurident20-9-1024x597.webp 1024w, https:\/\/nurident.com\/de\/wp-content\/uploads\/2022\/11\/nurident20-9-768x448.webp 768w\" sizes=\"(max-width: 1200px) 100vw, 1200px\" \/>\t\t\t\t\t\t\t\t<\/a>\n\t\t\t\t\t\t\t\t\t\t\t\t\t\t\t<\/div>\n\t\t\t\t<\/div>\n\t\t\t\t<div class=\"elementor-element elementor-element-2b403af7 elementor-widget elementor-widget-text-editor\" data-id=\"2b403af7\" data-element_type=\"widget\" data-widget_type=\"text-editor.default\">\n\t\t\t\t<div class=\"elementor-widget-container\">\n\t\t\t\t\t\t\t\t\t<div class=\"col-md-6 box-pic\"><div class=\"col-md-6 box-pic\"><p class=\"detail-cases\" data-explain=\"1\">1-Eine komplette Wiederherstellung des L\u00e4chelns in 3 Tagen in Zahnklinik Nurident.<\/p><\/div><\/div>\t\t\t\t\t\t\t\t<\/div>\n\t\t\t\t<\/div>\n\t\t\t\t\t<\/div>\n\t\t<\/div>\n\t\t\t\t<div class=\"elementor-column elementor-col-50 elementor-top-column elementor-element elementor-element-65b1990b\" data-id=\"65b1990b\" data-element_type=\"column\">\n\t\t\t<div class=\"elementor-widget-wrap elementor-element-populated\">\n\t\t\t\t\t\t<div class=\"elementor-element elementor-element-5b0ed885 elementor-widget elementor-widget-image\" data-id=\"5b0ed885\" data-element_type=\"widget\" data-widget_type=\"image.default\">\n\t\t\t\t<div class=\"elementor-widget-container\">\n\t\t\t\t\t\t\t\t\t\t\t\t\t\t\t\t<a href=\"https:\/\/nurident.com\/wp-content\/uploads\/2022\/11\/nurident20-2.webp\" data-elementor-open-lightbox=\"yes\" data-elementor-lightbox-title=\"nurident20 (2)\" data-e-action-hash=\"#elementor-action%3Aaction%3Dlightbox%26settings%3DeyJpZCI6ODk2MywidXJsIjoiaHR0cHM6XC9cL251cmlkZW50LmNvbVwvZGVcL3dwLWNvbnRlbnRcL3VwbG9hZHNcLzIwMjJcLzExXC9udXJpZGVudDIwLTIud2VicCJ9\">\n\t\t\t\t\t\t\t<img decoding=\"async\" width=\"1200\" height=\"700\" src=\"https:\/\/nurident.com\/de\/wp-content\/uploads\/2022\/11\/nurident20-2.webp\" class=\"elementor-animation-grow attachment-full size-full wp-image-8963\" alt=\"\" srcset=\"https:\/\/nurident.com\/de\/wp-content\/uploads\/2022\/11\/nurident20-2.webp 1200w, https:\/\/nurident.com\/de\/wp-content\/uploads\/2022\/11\/nurident20-2-300x175.webp 300w, https:\/\/nurident.com\/de\/wp-content\/uploads\/2022\/11\/nurident20-2-1024x597.webp 1024w, https:\/\/nurident.com\/de\/wp-content\/uploads\/2022\/11\/nurident20-2-768x448.webp 768w\" sizes=\"(max-width: 1200px) 100vw, 1200px\" \/>\t\t\t\t\t\t\t\t<\/a>\n\t\t\t\t\t\t\t\t\t\t\t\t\t\t\t<\/div>\n\t\t\t\t<\/div>\n\t\t\t\t<div class=\"elementor-element elementor-element-4fcfaf52 elementor-widget elementor-widget-text-editor\" data-id=\"4fcfaf52\" data-element_type=\"widget\" data-widget_type=\"text-editor.default\">\n\t\t\t\t<div class=\"elementor-widget-container\">\n\t\t\t\t\t\t\t\t\t<div class=\"col-md-6 box-pic\"><div class=\"col-md-6 box-pic\"><p class=\"detail-cases\" data-explain=\"1\">2- Vor Beginn der Behandlung.<\/p><\/div><\/div>\t\t\t\t\t\t\t\t<\/div>\n\t\t\t\t<\/div>\n\t\t\t\t\t<\/div>\n\t\t<\/div>\n\t\t\t\t\t<\/div>\n\t\t<\/section>\n\t\t\t\t<section class=\"elementor-section elementor-top-section elementor-element elementor-element-4a227fc2 elementor-section-boxed elementor-section-height-default elementor-section-height-default\" data-id=\"4a227fc2\" data-element_type=\"section\">\n\t\t\t\t\t\t<div class=\"elementor-container elementor-column-gap-default\">\n\t\t\t\t\t<div class=\"elementor-column elementor-col-50 elementor-top-column elementor-element elementor-element-a5fd13e\" data-id=\"a5fd13e\" data-element_type=\"column\">\n\t\t\t<div class=\"elementor-widget-wrap elementor-element-populated\">\n\t\t\t\t\t\t<div class=\"elementor-element elementor-element-39997c52 elementor-widget elementor-widget-image\" data-id=\"39997c52\" data-element_type=\"widget\" data-widget_type=\"image.default\">\n\t\t\t\t<div class=\"elementor-widget-container\">\n\t\t\t\t\t\t\t\t\t\t\t\t\t\t\t\t<a href=\"https:\/\/nurident.com\/wp-content\/uploads\/2022\/11\/nurident20-8.webp\" data-elementor-open-lightbox=\"yes\" data-elementor-lightbox-title=\"nurident20 (8)\" data-e-action-hash=\"#elementor-action%3Aaction%3Dlightbox%26settings%3DeyJpZCI6ODk2OSwidXJsIjoiaHR0cHM6XC9cL251cmlkZW50LmNvbVwvZGVcL3dwLWNvbnRlbnRcL3VwbG9hZHNcLzIwMjJcLzExXC9udXJpZGVudDIwLTgud2VicCJ9\">\n\t\t\t\t\t\t\t<img loading=\"lazy\" decoding=\"async\" width=\"1200\" height=\"700\" src=\"https:\/\/nurident.com\/de\/wp-content\/uploads\/2022\/11\/nurident20-8.webp\" class=\"elementor-animation-grow attachment-full size-full wp-image-8969\" alt=\"\" srcset=\"https:\/\/nurident.com\/de\/wp-content\/uploads\/2022\/11\/nurident20-8.webp 1200w, https:\/\/nurident.com\/de\/wp-content\/uploads\/2022\/11\/nurident20-8-300x175.webp 300w, https:\/\/nurident.com\/de\/wp-content\/uploads\/2022\/11\/nurident20-8-1024x597.webp 1024w, https:\/\/nurident.com\/de\/wp-content\/uploads\/2022\/11\/nurident20-8-768x448.webp 768w\" sizes=\"(max-width: 1200px) 100vw, 1200px\" \/>\t\t\t\t\t\t\t\t<\/a>\n\t\t\t\t\t\t\t\t\t\t\t\t\t\t\t<\/div>\n\t\t\t\t<\/div>\n\t\t\t\t<div class=\"elementor-element elementor-element-4a04e55b elementor-widget elementor-widget-text-editor\" data-id=\"4a04e55b\" data-element_type=\"widget\" data-widget_type=\"text-editor.default\">\n\t\t\t\t<div class=\"elementor-widget-container\">\n\t\t\t\t\t\t\t\t\t<div class=\"col-md-6 box-pic\"><div class=\"col-md-6 box-pic\"><p class=\"detail-cases\" data-explain=\"1\">3- Oberkiefer (Maxilla).<\/p><\/div><\/div>\t\t\t\t\t\t\t\t<\/div>\n\t\t\t\t<\/div>\n\t\t\t\t\t<\/div>\n\t\t<\/div>\n\t\t\t\t<div class=\"elementor-column elementor-col-50 elementor-top-column elementor-element elementor-element-31f1bb23\" data-id=\"31f1bb23\" data-element_type=\"column\">\n\t\t\t<div class=\"elementor-widget-wrap elementor-element-populated\">\n\t\t\t\t\t\t<div class=\"elementor-element elementor-element-73817113 elementor-widget elementor-widget-image\" data-id=\"73817113\" data-element_type=\"widget\" data-widget_type=\"image.default\">\n\t\t\t\t<div class=\"elementor-widget-container\">\n\t\t\t\t\t\t\t\t\t\t\t\t\t\t\t\t<a href=\"https:\/\/nurident.com\/wp-content\/uploads\/2022\/11\/nurident20-3.webp\" data-elementor-open-lightbox=\"yes\" data-elementor-lightbox-title=\"nurident20 (3)\" data-e-action-hash=\"#elementor-action%3Aaction%3Dlightbox%26settings%3DeyJpZCI6ODk2NCwidXJsIjoiaHR0cHM6XC9cL251cmlkZW50LmNvbVwvZGVcL3dwLWNvbnRlbnRcL3VwbG9hZHNcLzIwMjJcLzExXC9udXJpZGVudDIwLTMud2VicCJ9\">\n\t\t\t\t\t\t\t<img loading=\"lazy\" decoding=\"async\" width=\"1200\" height=\"700\" src=\"https:\/\/nurident.com\/de\/wp-content\/uploads\/2022\/11\/nurident20-3.webp\" class=\"elementor-animation-grow attachment-full size-full wp-image-8964\" alt=\"\" srcset=\"https:\/\/nurident.com\/de\/wp-content\/uploads\/2022\/11\/nurident20-3.webp 1200w, https:\/\/nurident.com\/de\/wp-content\/uploads\/2022\/11\/nurident20-3-300x175.webp 300w, https:\/\/nurident.com\/de\/wp-content\/uploads\/2022\/11\/nurident20-3-1024x597.webp 1024w, https:\/\/nurident.com\/de\/wp-content\/uploads\/2022\/11\/nurident20-3-768x448.webp 768w\" sizes=\"(max-width: 1200px) 100vw, 1200px\" \/>\t\t\t\t\t\t\t\t<\/a>\n\t\t\t\t\t\t\t\t\t\t\t\t\t\t\t<\/div>\n\t\t\t\t<\/div>\n\t\t\t\t<div class=\"elementor-element elementor-element-35e72bf3 elementor-widget elementor-widget-text-editor\" data-id=\"35e72bf3\" data-element_type=\"widget\" data-widget_type=\"text-editor.default\">\n\t\t\t\t<div class=\"elementor-widget-container\">\n\t\t\t\t\t\t\t\t\t<div class=\"col-md-6 box-pic\"><div class=\"col-md-6 box-pic\"><p class=\"detail-cases\" data-explain=\"1\">4- Unterkifer (mandibula).<\/p><\/div><\/div>\t\t\t\t\t\t\t\t<\/div>\n\t\t\t\t<\/div>\n\t\t\t\t\t<\/div>\n\t\t<\/div>\n\t\t\t\t\t<\/div>\n\t\t<\/section>\n\t\t\t\t<section class=\"elementor-section elementor-top-section elementor-element elementor-element-6b809a9a elementor-section-boxed elementor-section-height-default elementor-section-height-default\" data-id=\"6b809a9a\" data-element_type=\"section\">\n\t\t\t\t\t\t<div class=\"elementor-container elementor-column-gap-default\">\n\t\t\t\t\t<div class=\"elementor-column elementor-col-50 elementor-top-column elementor-element elementor-element-34d26113\" data-id=\"34d26113\" data-element_type=\"column\">\n\t\t\t<div class=\"elementor-widget-wrap elementor-element-populated\">\n\t\t\t\t\t\t<div class=\"elementor-element elementor-element-9bf5299 elementor-widget elementor-widget-image\" data-id=\"9bf5299\" data-element_type=\"widget\" data-widget_type=\"image.default\">\n\t\t\t\t<div class=\"elementor-widget-container\">\n\t\t\t\t\t\t\t\t\t\t\t\t\t\t\t\t<a href=\"https:\/\/nurident.com\/wp-content\/uploads\/2022\/11\/nurident20-7.webp\" data-elementor-open-lightbox=\"yes\" data-elementor-lightbox-title=\"nurident20 (7)\" data-e-action-hash=\"#elementor-action%3Aaction%3Dlightbox%26settings%3DeyJpZCI6ODk2OCwidXJsIjoiaHR0cHM6XC9cL251cmlkZW50LmNvbVwvZGVcL3dwLWNvbnRlbnRcL3VwbG9hZHNcLzIwMjJcLzExXC9udXJpZGVudDIwLTcud2VicCJ9\">\n\t\t\t\t\t\t\t<img loading=\"lazy\" decoding=\"async\" width=\"1200\" height=\"700\" src=\"https:\/\/nurident.com\/de\/wp-content\/uploads\/2022\/11\/nurident20-7.webp\" class=\"elementor-animation-grow attachment-full size-full wp-image-8968\" alt=\"\" srcset=\"https:\/\/nurident.com\/de\/wp-content\/uploads\/2022\/11\/nurident20-7.webp 1200w, https:\/\/nurident.com\/de\/wp-content\/uploads\/2022\/11\/nurident20-7-300x175.webp 300w, https:\/\/nurident.com\/de\/wp-content\/uploads\/2022\/11\/nurident20-7-1024x597.webp 1024w, https:\/\/nurident.com\/de\/wp-content\/uploads\/2022\/11\/nurident20-7-768x448.webp 768w\" sizes=\"(max-width: 1200px) 100vw, 1200px\" \/>\t\t\t\t\t\t\t\t<\/a>\n\t\t\t\t\t\t\t\t\t\t\t\t\t\t\t<\/div>\n\t\t\t\t<\/div>\n\t\t\t\t<div class=\"elementor-element elementor-element-6c02ada1 elementor-widget elementor-widget-text-editor\" data-id=\"6c02ada1\" data-element_type=\"widget\" data-widget_type=\"text-editor.default\">\n\t\t\t\t<div class=\"elementor-widget-container\">\n\t\t\t\t\t\t\t\t\t<div class=\"col-md-6 box-pic\"><div class=\"col-md-6 box-pic\"><p class=\"detail-cases\" data-explain=\"1\">5- OPG vor der Behandlung.<\/p><\/div><\/div>\t\t\t\t\t\t\t\t<\/div>\n\t\t\t\t<\/div>\n\t\t\t\t\t<\/div>\n\t\t<\/div>\n\t\t\t\t<div class=\"elementor-column elementor-col-50 elementor-top-column elementor-element elementor-element-7cabcb2c\" data-id=\"7cabcb2c\" data-element_type=\"column\">\n\t\t\t<div class=\"elementor-widget-wrap elementor-element-populated\">\n\t\t\t\t\t\t<div class=\"elementor-element elementor-element-2342dc69 elementor-widget elementor-widget-image\" data-id=\"2342dc69\" data-element_type=\"widget\" data-widget_type=\"image.default\">\n\t\t\t\t<div class=\"elementor-widget-container\">\n\t\t\t\t\t\t\t\t\t\t\t\t\t\t\t\t<a href=\"https:\/\/nurident.com\/wp-content\/uploads\/2022\/11\/nurident20-6.webp\" data-elementor-open-lightbox=\"yes\" data-elementor-lightbox-title=\"nurident20 (6)\" data-e-action-hash=\"#elementor-action%3Aaction%3Dlightbox%26settings%3DeyJpZCI6ODk2NywidXJsIjoiaHR0cHM6XC9cL251cmlkZW50LmNvbVwvZGVcL3dwLWNvbnRlbnRcL3VwbG9hZHNcLzIwMjJcLzExXC9udXJpZGVudDIwLTYud2VicCJ9\">\n\t\t\t\t\t\t\t<img loading=\"lazy\" decoding=\"async\" width=\"1200\" height=\"700\" src=\"https:\/\/nurident.com\/de\/wp-content\/uploads\/2022\/11\/nurident20-6.webp\" class=\"elementor-animation-grow attachment-full size-full wp-image-8967\" alt=\"\" srcset=\"https:\/\/nurident.com\/de\/wp-content\/uploads\/2022\/11\/nurident20-6.webp 1200w, https:\/\/nurident.com\/de\/wp-content\/uploads\/2022\/11\/nurident20-6-300x175.webp 300w, https:\/\/nurident.com\/de\/wp-content\/uploads\/2022\/11\/nurident20-6-1024x597.webp 1024w, https:\/\/nurident.com\/de\/wp-content\/uploads\/2022\/11\/nurident20-6-768x448.webp 768w\" sizes=\"(max-width: 1200px) 100vw, 1200px\" \/>\t\t\t\t\t\t\t\t<\/a>\n\t\t\t\t\t\t\t\t\t\t\t\t\t\t\t<\/div>\n\t\t\t\t<\/div>\n\t\t\t\t<div class=\"elementor-element elementor-element-42dc7901 elementor-widget elementor-widget-text-editor\" data-id=\"42dc7901\" data-element_type=\"widget\" data-widget_type=\"text-editor.default\">\n\t\t\t\t<div class=\"elementor-widget-container\">\n\t\t\t\t\t\t\t\t\t<div class=\"col-md-6 box-pic\"><div class=\"col-md-6 box-pic\"><p class=\"detail-cases\" data-explain=\"1\">6- OPG nach dem Einsetzen der sofort-belastbaren bi-kortikalen Zahnimplantate.<\/p><\/div><\/div>\t\t\t\t\t\t\t\t<\/div>\n\t\t\t\t<\/div>\n\t\t\t\t\t<\/div>\n\t\t<\/div>\n\t\t\t\t\t<\/div>\n\t\t<\/section>\n\t\t\t\t<section class=\"elementor-section elementor-top-section elementor-element elementor-element-4a1ee5d4 elementor-section-boxed elementor-section-height-default elementor-section-height-default\" data-id=\"4a1ee5d4\" data-element_type=\"section\">\n\t\t\t\t\t\t<div class=\"elementor-container elementor-column-gap-default\">\n\t\t\t\t\t<div class=\"elementor-column elementor-col-50 elementor-top-column elementor-element elementor-element-5af9ba33\" data-id=\"5af9ba33\" data-element_type=\"column\">\n\t\t\t<div class=\"elementor-widget-wrap elementor-element-populated\">\n\t\t\t\t\t\t<div class=\"elementor-element elementor-element-733dba11 elementor-widget elementor-widget-image\" data-id=\"733dba11\" data-element_type=\"widget\" data-widget_type=\"image.default\">\n\t\t\t\t<div class=\"elementor-widget-container\">\n\t\t\t\t\t\t\t\t\t\t\t\t\t\t\t\t<a href=\"https:\/\/nurident.com\/wp-content\/uploads\/2022\/11\/nurident20-5.webp\" data-elementor-open-lightbox=\"yes\" data-elementor-lightbox-title=\"nurident20 (5)\" data-e-action-hash=\"#elementor-action%3Aaction%3Dlightbox%26settings%3DeyJpZCI6ODk2NiwidXJsIjoiaHR0cHM6XC9cL251cmlkZW50LmNvbVwvZGVcL3dwLWNvbnRlbnRcL3VwbG9hZHNcLzIwMjJcLzExXC9udXJpZGVudDIwLTUud2VicCJ9\">\n\t\t\t\t\t\t\t<img loading=\"lazy\" decoding=\"async\" width=\"1200\" height=\"700\" src=\"https:\/\/nurident.com\/de\/wp-content\/uploads\/2022\/11\/nurident20-5.webp\" class=\"elementor-animation-grow attachment-full size-full wp-image-8966\" alt=\"\" srcset=\"https:\/\/nurident.com\/de\/wp-content\/uploads\/2022\/11\/nurident20-5.webp 1200w, https:\/\/nurident.com\/de\/wp-content\/uploads\/2022\/11\/nurident20-5-300x175.webp 300w, https:\/\/nurident.com\/de\/wp-content\/uploads\/2022\/11\/nurident20-5-1024x597.webp 1024w, https:\/\/nurident.com\/de\/wp-content\/uploads\/2022\/11\/nurident20-5-768x448.webp 768w\" sizes=\"(max-width: 1200px) 100vw, 1200px\" \/>\t\t\t\t\t\t\t\t<\/a>\n\t\t\t\t\t\t\t\t\t\t\t\t\t\t\t<\/div>\n\t\t\t\t<\/div>\n\t\t\t\t<div class=\"elementor-element elementor-element-2c15f601 elementor-widget elementor-widget-text-editor\" data-id=\"2c15f601\" data-element_type=\"widget\" data-widget_type=\"text-editor.default\">\n\t\t\t\t<div class=\"elementor-widget-container\">\n\t\t\t\t\t\t\t\t\t<div class=\"col-md-6 box-pic\"><div class=\"col-md-6 box-pic\"><p class=\"detail-cases\" data-explain=\"1\">7- L\u00e4cheln vor Beginn der Behandlung.<\/p><\/div><\/div>\t\t\t\t\t\t\t\t<\/div>\n\t\t\t\t<\/div>\n\t\t\t\t\t<\/div>\n\t\t<\/div>\n\t\t\t\t<div class=\"elementor-column elementor-col-50 elementor-top-column elementor-element elementor-element-7b01adf3\" data-id=\"7b01adf3\" data-element_type=\"column\">\n\t\t\t<div class=\"elementor-widget-wrap elementor-element-populated\">\n\t\t\t\t\t\t<div class=\"elementor-element elementor-element-cc3c8d0 elementor-widget elementor-widget-image\" data-id=\"cc3c8d0\" data-element_type=\"widget\" data-widget_type=\"image.default\">\n\t\t\t\t<div class=\"elementor-widget-container\">\n\t\t\t\t\t\t\t\t\t\t\t\t\t\t\t\t<a href=\"https:\/\/nurident.com\/wp-content\/uploads\/2022\/11\/nurident20-4.webp\" data-elementor-open-lightbox=\"yes\" data-elementor-lightbox-title=\"nurident20 (4)\" data-e-action-hash=\"#elementor-action%3Aaction%3Dlightbox%26settings%3DeyJpZCI6ODk2NSwidXJsIjoiaHR0cHM6XC9cL251cmlkZW50LmNvbVwvZGVcL3dwLWNvbnRlbnRcL3VwbG9hZHNcLzIwMjJcLzExXC9udXJpZGVudDIwLTQud2VicCJ9\">\n\t\t\t\t\t\t\t<img loading=\"lazy\" decoding=\"async\" width=\"1200\" height=\"700\" src=\"https:\/\/nurident.com\/de\/wp-content\/uploads\/2022\/11\/nurident20-4.webp\" class=\"elementor-animation-grow attachment-full size-full wp-image-8965\" alt=\"\" srcset=\"https:\/\/nurident.com\/de\/wp-content\/uploads\/2022\/11\/nurident20-4.webp 1200w, https:\/\/nurident.com\/de\/wp-content\/uploads\/2022\/11\/nurident20-4-300x175.webp 300w, https:\/\/nurident.com\/de\/wp-content\/uploads\/2022\/11\/nurident20-4-1024x597.webp 1024w, https:\/\/nurident.com\/de\/wp-content\/uploads\/2022\/11\/nurident20-4-768x448.webp 768w\" sizes=\"(max-width: 1200px) 100vw, 1200px\" \/>\t\t\t\t\t\t\t\t<\/a>\n\t\t\t\t\t\t\t\t\t\t\t\t\t\t\t<\/div>\n\t\t\t\t<\/div>\n\t\t\t\t<div class=\"elementor-element elementor-element-21e0788e elementor-widget elementor-widget-text-editor\" data-id=\"21e0788e\" data-element_type=\"widget\" data-widget_type=\"text-editor.default\">\n\t\t\t\t<div class=\"elementor-widget-container\">\n\t\t\t\t\t\t\t\t\t<div class=\"col-md-6 box-pic\"><main id=\"main\"><div class=\"container\"><div class=\"row\"><div class=\"col-md-12 second-titrb text-center\"><div class=\"row firstday\"><div class=\"col-md-6 box-pic\"><p class=\"detail-cases\" data-explain=\"1\">8- L\u00e4cheln nach der Behandlung in Nurident.<\/p><\/div><\/div><\/div><\/div><\/div><\/main><\/div>\t\t\t\t\t\t\t\t<\/div>\n\t\t\t\t<\/div>\n\t\t\t\t\t<\/div>\n\t\t<\/div>\n\t\t\t\t\t<\/div>\n\t\t<\/section>\n\t\t\t\t<\/div>\n\t\t","protected":false},"excerpt":{"rendered":"<p>Kostenlose Angebotsanfrage Behandelnder Arzt: Dr. Nuri Die Kiefer des 38- j\u00e4hrigen Patients sind teilweise zahnlos. Der klinische Befund umfasst eine schwere Parodontitis mit Grad 3-Mobilit\u00e4t der verf\u00fcgbaren Z\u00e4hne und schwerer Atrophie. Der Patient ist Raucher. Der Behandlungsplan beinhaltet: Extraktion aller Z\u00e4hne, einsetzen von 9 sofort-belastbaren bi-kortikalen Zahnimplantaten in den Oberkiefer und 8 sofort-belastbaren bi-kortikalen Zahnimplantaten [&hellip;]<\/p>\n","protected":false},"author":1,"featured_media":0,"parent":7338,"menu_order":0,"comment_status":"closed","ping_status":"closed","template":"","meta":{"footnotes":""},"class_list":["post-13715","page","type-page","status-publish","hentry"],"_links":{"self":[{"href":"https:\/\/nurident.com\/de\/wp-json\/wp\/v2\/pages\/13715","targetHints":{"allow":["GET"]}}],"collection":[{"href":"https:\/\/nurident.com\/de\/wp-json\/wp\/v2\/pages"}],"about":[{"href":"https:\/\/nurident.com\/de\/wp-json\/wp\/v2\/types\/page"}],"author":[{"embeddable":true,"href":"https:\/\/nurident.com\/de\/wp-json\/wp\/v2\/users\/1"}],"replies":[{"embeddable":true,"href":"https:\/\/nurident.com\/de\/wp-json\/wp\/v2\/comments?post=13715"}],"version-history":[{"count":6,"href":"https:\/\/nurident.com\/de\/wp-json\/wp\/v2\/pages\/13715\/revisions"}],"predecessor-version":[{"id":21068,"href":"https:\/\/nurident.com\/de\/wp-json\/wp\/v2\/pages\/13715\/revisions\/21068"}],"up":[{"embeddable":true,"href":"https:\/\/nurident.com\/de\/wp-json\/wp\/v2\/pages\/7338"}],"wp:attachment":[{"href":"https:\/\/nurident.com\/de\/wp-json\/wp\/v2\/media?parent=13715"}],"curies":[{"name":"wp","href":"https:\/\/api.w.org\/{rel}","templated":true}]}}