{"id":13441,"date":"2022-11-09T09:16:09","date_gmt":"2022-11-09T09:16:09","guid":{"rendered":"https:\/\/nurigroup.eu\/?page_id=13441"},"modified":"2022-11-20T11:11:06","modified_gmt":"2022-11-20T11:11:06","slug":"8-2","status":"publish","type":"page","link":"https:\/\/nurident.com\/de\/detail-fall\/8-2\/","title":{"rendered":"8"},"content":{"rendered":"\t\t<div data-elementor-type=\"wp-page\" data-elementor-id=\"13441\" class=\"elementor elementor-13441\" data-elementor-post-type=\"page\">\n\t\t\t\t\t\t<section class=\"elementor-section elementor-top-section elementor-element elementor-element-7b96bfb9 elementor-section-boxed elementor-section-height-default elementor-section-height-default\" data-id=\"7b96bfb9\" data-element_type=\"section\">\n\t\t\t\t\t\t<div class=\"elementor-container elementor-column-gap-default\">\n\t\t\t\t\t<div class=\"elementor-column elementor-col-50 elementor-top-column elementor-element elementor-element-68091d76\" data-id=\"68091d76\" data-element_type=\"column\">\n\t\t\t<div class=\"elementor-widget-wrap elementor-element-populated\">\n\t\t\t\t\t\t<div class=\"elementor-element elementor-element-1bac6c2c elementor-widget elementor-widget-image\" data-id=\"1bac6c2c\" data-element_type=\"widget\" data-widget_type=\"image.default\">\n\t\t\t\t<div class=\"elementor-widget-container\">\n\t\t\t\t\t\t\t\t\t\t\t\t\t\t\t\t<a href=\"https:\/\/nurident.com\/wp-content\/uploads\/2022\/11\/nurident8-1.webp\" data-elementor-open-lightbox=\"yes\" data-elementor-lightbox-title=\"nurident8 (1)\" data-e-action-hash=\"#elementor-action%3Aaction%3Dlightbox%26settings%3DeyJpZCI6ODg1MywidXJsIjoiaHR0cHM6XC9cL251cmlkZW50LmNvbVwvZGVcL3dwLWNvbnRlbnRcL3VwbG9hZHNcLzIwMjJcLzExXC9udXJpZGVudDgtMS53ZWJwIn0%3D\">\n\t\t\t\t\t\t\t<img fetchpriority=\"high\" decoding=\"async\" width=\"1050\" height=\"789\" src=\"https:\/\/nurident.com\/de\/wp-content\/uploads\/2022\/11\/nurident8-1.webp\" class=\"attachment-full size-full wp-image-8853\" alt=\"\" srcset=\"https:\/\/nurident.com\/de\/wp-content\/uploads\/2022\/11\/nurident8-1.webp 1050w, https:\/\/nurident.com\/de\/wp-content\/uploads\/2022\/11\/nurident8-1-300x225.webp 300w, https:\/\/nurident.com\/de\/wp-content\/uploads\/2022\/11\/nurident8-1-1024x769.webp 1024w, https:\/\/nurident.com\/de\/wp-content\/uploads\/2022\/11\/nurident8-1-768x577.webp 768w\" sizes=\"(max-width: 1050px) 100vw, 1050px\" \/>\t\t\t\t\t\t\t\t<\/a>\n\t\t\t\t\t\t\t\t\t\t\t\t\t\t\t<\/div>\n\t\t\t\t<\/div>\n\t\t\t\t<div class=\"elementor-element elementor-element-2f16b4bf elementor-align-justify elementor-hidden-desktop elementor-hidden-mobile elementor-widget elementor-widget-button\" data-id=\"2f16b4bf\" data-element_type=\"widget\" data-widget_type=\"button.default\">\n\t\t\t\t<div class=\"elementor-widget-container\">\n\t\t\t\t\t\t\t\t\t<div class=\"elementor-button-wrapper\">\n\t\t\t\t\t<a class=\"elementor-button elementor-button-link elementor-size-md\" href=\"https:\/\/nurident.com\/de\/kontak\/\">\n\t\t\t\t\t\t<span class=\"elementor-button-content-wrapper\">\n\t\t\t\t\t\t\t\t\t<span class=\"elementor-button-text\">Kostenlose Angebotsanfrage<\/span>\n\t\t\t\t\t<\/span>\n\t\t\t\t\t<\/a>\n\t\t\t\t<\/div>\n\t\t\t\t\t\t\t\t<\/div>\n\t\t\t\t<\/div>\n\t\t\t\t<div class=\"elementor-element elementor-element-54b07ff1 elementor-hidden-desktop elementor-hidden-mobile elementor-widget elementor-widget-heading\" data-id=\"54b07ff1\" data-element_type=\"widget\" data-widget_type=\"heading.default\">\n\t\t\t\t<div class=\"elementor-widget-container\">\n\t\t\t\t\t<h2 class=\"elementor-heading-title elementor-size-default\">Treating doctor: Dr. Nuri and his team\n\n<\/h2>\t\t\t\t<\/div>\n\t\t\t\t<\/div>\n\t\t\t\t\t<\/div>\n\t\t<\/div>\n\t\t\t\t<div class=\"elementor-column elementor-col-50 elementor-top-column elementor-element elementor-element-633cf3db\" data-id=\"633cf3db\" data-element_type=\"column\">\n\t\t\t<div class=\"elementor-widget-wrap elementor-element-populated\">\n\t\t\t\t\t\t<div class=\"elementor-element elementor-element-49d519 elementor-widget elementor-widget-text-editor\" data-id=\"49d519\" data-element_type=\"widget\" data-widget_type=\"text-editor.default\">\n\t\t\t\t<div class=\"elementor-widget-container\">\n\t\t\t\t\t\t\t\t\t<p>Ein 44-j\u00e4hriger Patient mit Abrieb bestehender nat\u00fcrlicher Z\u00e4hne und Zahnfleischrezession im Frontalbereich von Zahn 31 im Unterkiefer, beeintr\u00e4chtigter \u00c4sthetik und verminderter Okklusion. Der Behandlungsplan beinhaltet: Entnahme eines Weichgewebetransplantats vom Gaumen und Transplantation im Frontalbereich, Devitalisierung aller nat\u00fcrlichen Z\u00e4hne im Ober- und Unterkiefer und Abschleifen dieser f\u00fcr die Metall-Keramik-Konstruktionen hergestellt durch einen\u202f<b>\u00a0Laser IPS e. Max Ceram.\u00a0<\/b>Ziel der Behandlung: Wiederherstellung der \u00c4sthetik und Funktion der Z\u00e4hne.<b>\u00a0Dauer der Behandlung: 6 Tage.<\/b><\/p>\t\t\t\t\t\t\t\t<\/div>\n\t\t\t\t<\/div>\n\t\t\t\t<div class=\"elementor-element elementor-element-1f573e8c elementor-hidden-tablet elementor-widget elementor-widget-heading\" data-id=\"1f573e8c\" data-element_type=\"widget\" data-widget_type=\"heading.default\">\n\t\t\t\t<div class=\"elementor-widget-container\">\n\t\t\t\t\t<h2 class=\"elementor-heading-title elementor-size-default\">Treating doctor: Dr. Nuri and his team\n\n<\/h2>\t\t\t\t<\/div>\n\t\t\t\t<\/div>\n\t\t\t\t<div class=\"elementor-element elementor-element-5522526d elementor-align-justify elementor-hidden-tablet elementor-widget elementor-widget-button\" data-id=\"5522526d\" data-element_type=\"widget\" data-widget_type=\"button.default\">\n\t\t\t\t<div class=\"elementor-widget-container\">\n\t\t\t\t\t\t\t\t\t<div class=\"elementor-button-wrapper\">\n\t\t\t\t\t<a class=\"elementor-button elementor-button-link elementor-size-md\" href=\"https:\/\/nurident.com\/de\/kontak\/\">\n\t\t\t\t\t\t<span class=\"elementor-button-content-wrapper\">\n\t\t\t\t\t\t\t\t\t<span class=\"elementor-button-text\">Kostenlose Angebotsanfrage<\/span>\n\t\t\t\t\t<\/span>\n\t\t\t\t\t<\/a>\n\t\t\t\t<\/div>\n\t\t\t\t\t\t\t\t<\/div>\n\t\t\t\t<\/div>\n\t\t\t\t\t<\/div>\n\t\t<\/div>\n\t\t\t\t\t<\/div>\n\t\t<\/section>\n\t\t\t\t<section class=\"elementor-section elementor-top-section elementor-element elementor-element-3136c877 elementor-section-boxed elementor-section-height-default elementor-section-height-default\" data-id=\"3136c877\" data-element_type=\"section\">\n\t\t\t\t\t\t<div class=\"elementor-container elementor-column-gap-default\">\n\t\t\t\t\t<div class=\"elementor-column elementor-col-50 elementor-top-column elementor-element elementor-element-4214d5b3\" data-id=\"4214d5b3\" data-element_type=\"column\">\n\t\t\t<div class=\"elementor-widget-wrap elementor-element-populated\">\n\t\t\t\t\t\t<div class=\"elementor-element elementor-element-30f85cc3 elementor-widget elementor-widget-image\" data-id=\"30f85cc3\" data-element_type=\"widget\" data-widget_type=\"image.default\">\n\t\t\t\t<div class=\"elementor-widget-container\">\n\t\t\t\t\t\t\t\t\t\t\t\t\t\t\t\t<a href=\"https:\/\/nurident.com\/wp-content\/uploads\/2022\/11\/nurident8-4.webp\" data-elementor-open-lightbox=\"yes\" data-elementor-lightbox-title=\"nurident8 (4)\" data-e-action-hash=\"#elementor-action%3Aaction%3Dlightbox%26settings%3DeyJpZCI6MTM0NzIsInVybCI6Imh0dHBzOlwvXC9udXJpZGVudC5jb21cL2RlXC93cC1jb250ZW50XC91cGxvYWRzXC8yMDIyXC8xMVwvbnVyaWRlbnQ4LTQud2VicCJ9\">\n\t\t\t\t\t\t\t<img decoding=\"async\" width=\"1200\" height=\"700\" src=\"https:\/\/nurident.com\/de\/wp-content\/uploads\/2022\/11\/nurident8-4.webp\" class=\"elementor-animation-grow attachment-full size-full wp-image-13472\" alt=\"\" srcset=\"https:\/\/nurident.com\/de\/wp-content\/uploads\/2022\/11\/nurident8-4.webp 1200w, https:\/\/nurident.com\/de\/wp-content\/uploads\/2022\/11\/nurident8-4-300x175.webp 300w, https:\/\/nurident.com\/de\/wp-content\/uploads\/2022\/11\/nurident8-4-1024x597.webp 1024w, https:\/\/nurident.com\/de\/wp-content\/uploads\/2022\/11\/nurident8-4-768x448.webp 768w\" sizes=\"(max-width: 1200px) 100vw, 1200px\" \/>\t\t\t\t\t\t\t\t<\/a>\n\t\t\t\t\t\t\t\t\t\t\t\t\t\t\t<\/div>\n\t\t\t\t<\/div>\n\t\t\t\t<div class=\"elementor-element elementor-element-17a66dac elementor-widget elementor-widget-text-editor\" data-id=\"17a66dac\" data-element_type=\"widget\" data-widget_type=\"text-editor.default\">\n\t\t\t\t<div class=\"elementor-widget-container\">\n\t\t\t\t\t\t\t\t\t<div class=\"col-md-6 box-pic\"><div class=\"col-md-6 box-pic\"><div class=\"col-md-6 box-pic\"><p class=\"detail-cases\" data-explain=\"1\">1- Nach der Behandlung mit Metall-Keramik-Konstruktionen hergestellt durch einen Laser IPS e. Max Ceram.<\/p><\/div><\/div><\/div>\t\t\t\t\t\t\t\t<\/div>\n\t\t\t\t<\/div>\n\t\t\t\t\t<\/div>\n\t\t<\/div>\n\t\t\t\t<div class=\"elementor-column elementor-col-50 elementor-top-column elementor-element elementor-element-7e8445ef\" data-id=\"7e8445ef\" data-element_type=\"column\">\n\t\t\t<div class=\"elementor-widget-wrap elementor-element-populated\">\n\t\t\t\t\t\t<div class=\"elementor-element elementor-element-113d64cc elementor-widget elementor-widget-image\" data-id=\"113d64cc\" data-element_type=\"widget\" data-widget_type=\"image.default\">\n\t\t\t\t<div class=\"elementor-widget-container\">\n\t\t\t\t\t\t\t\t\t\t\t\t\t\t\t\t<a href=\"https:\/\/nurident.com\/wp-content\/uploads\/2022\/11\/nurident8-6.webp\" data-elementor-open-lightbox=\"yes\" data-elementor-lightbox-title=\"nurident8 (6)\" data-e-action-hash=\"#elementor-action%3Aaction%3Dlightbox%26settings%3DeyJpZCI6MTM0NzQsInVybCI6Imh0dHBzOlwvXC9udXJpZGVudC5jb21cL2RlXC93cC1jb250ZW50XC91cGxvYWRzXC8yMDIyXC8xMVwvbnVyaWRlbnQ4LTYud2VicCJ9\">\n\t\t\t\t\t\t\t<img decoding=\"async\" width=\"1200\" height=\"700\" src=\"https:\/\/nurident.com\/de\/wp-content\/uploads\/2022\/11\/nurident8-6.webp\" class=\"elementor-animation-grow attachment-full size-full wp-image-13474\" alt=\"\" srcset=\"https:\/\/nurident.com\/de\/wp-content\/uploads\/2022\/11\/nurident8-6.webp 1200w, https:\/\/nurident.com\/de\/wp-content\/uploads\/2022\/11\/nurident8-6-300x175.webp 300w, https:\/\/nurident.com\/de\/wp-content\/uploads\/2022\/11\/nurident8-6-1024x597.webp 1024w, https:\/\/nurident.com\/de\/wp-content\/uploads\/2022\/11\/nurident8-6-768x448.webp 768w\" sizes=\"(max-width: 1200px) 100vw, 1200px\" \/>\t\t\t\t\t\t\t\t<\/a>\n\t\t\t\t\t\t\t\t\t\t\t\t\t\t\t<\/div>\n\t\t\t\t<\/div>\n\t\t\t\t<div class=\"elementor-element elementor-element-5630dc24 elementor-widget elementor-widget-text-editor\" data-id=\"5630dc24\" data-element_type=\"widget\" data-widget_type=\"text-editor.default\">\n\t\t\t\t<div class=\"elementor-widget-container\">\n\t\t\t\t\t\t\t\t\t<div class=\"col-md-6 box-pic\"><div class=\"col-md-6 box-pic\"><p class=\"detail-cases\" data-explain=\"1\">2- Vor Beginn der Behandlung.<\/p><\/div><\/div>\t\t\t\t\t\t\t\t<\/div>\n\t\t\t\t<\/div>\n\t\t\t\t\t<\/div>\n\t\t<\/div>\n\t\t\t\t\t<\/div>\n\t\t<\/section>\n\t\t\t\t<section class=\"elementor-section elementor-top-section elementor-element elementor-element-f8e0afb elementor-section-boxed elementor-section-height-default elementor-section-height-default\" data-id=\"f8e0afb\" data-element_type=\"section\">\n\t\t\t\t\t\t<div class=\"elementor-container elementor-column-gap-default\">\n\t\t\t\t\t<div class=\"elementor-column elementor-col-50 elementor-top-column elementor-element elementor-element-6415baf7\" data-id=\"6415baf7\" data-element_type=\"column\">\n\t\t\t<div class=\"elementor-widget-wrap elementor-element-populated\">\n\t\t\t\t\t\t<div class=\"elementor-element elementor-element-7e86afd4 elementor-widget elementor-widget-image\" data-id=\"7e86afd4\" data-element_type=\"widget\" data-widget_type=\"image.default\">\n\t\t\t\t<div class=\"elementor-widget-container\">\n\t\t\t\t\t\t\t\t\t\t\t\t\t\t\t\t<a href=\"https:\/\/nurident.com\/wp-content\/uploads\/2022\/11\/nurident8-7.webp\" data-elementor-open-lightbox=\"yes\" data-elementor-lightbox-title=\"nurident8 (7)\" data-e-action-hash=\"#elementor-action%3Aaction%3Dlightbox%26settings%3DeyJpZCI6MTM0NzUsInVybCI6Imh0dHBzOlwvXC9udXJpZGVudC5jb21cL2RlXC93cC1jb250ZW50XC91cGxvYWRzXC8yMDIyXC8xMVwvbnVyaWRlbnQ4LTcud2VicCJ9\">\n\t\t\t\t\t\t\t<img loading=\"lazy\" decoding=\"async\" width=\"1200\" height=\"700\" src=\"https:\/\/nurident.com\/de\/wp-content\/uploads\/2022\/11\/nurident8-7.webp\" class=\"elementor-animation-grow attachment-full size-full wp-image-13475\" alt=\"\" srcset=\"https:\/\/nurident.com\/de\/wp-content\/uploads\/2022\/11\/nurident8-7.webp 1200w, https:\/\/nurident.com\/de\/wp-content\/uploads\/2022\/11\/nurident8-7-300x175.webp 300w, https:\/\/nurident.com\/de\/wp-content\/uploads\/2022\/11\/nurident8-7-1024x597.webp 1024w, https:\/\/nurident.com\/de\/wp-content\/uploads\/2022\/11\/nurident8-7-768x448.webp 768w\" sizes=\"(max-width: 1200px) 100vw, 1200px\" \/>\t\t\t\t\t\t\t\t<\/a>\n\t\t\t\t\t\t\t\t\t\t\t\t\t\t\t<\/div>\n\t\t\t\t<\/div>\n\t\t\t\t<div class=\"elementor-element elementor-element-7a68aba8 elementor-widget elementor-widget-text-editor\" data-id=\"7a68aba8\" data-element_type=\"widget\" data-widget_type=\"text-editor.default\">\n\t\t\t\t<div class=\"elementor-widget-container\">\n\t\t\t\t\t\t\t\t\t<div class=\"col-md-6 box-pic\"><div class=\"col-md-6 box-pic\"><div class=\"col-md-6 box-pic\"><p class=\"detail-cases\" data-explain=\"1\">3- OPG nach der endodontischen Behandlung und Platzierung der Kronen, hergestellt durch einen Laser IPS e. Max Ceram.<\/p><\/div><\/div><\/div>\t\t\t\t\t\t\t\t<\/div>\n\t\t\t\t<\/div>\n\t\t\t\t\t<\/div>\n\t\t<\/div>\n\t\t\t\t<div class=\"elementor-column elementor-col-50 elementor-top-column elementor-element elementor-element-4f80da33\" data-id=\"4f80da33\" data-element_type=\"column\">\n\t\t\t<div class=\"elementor-widget-wrap elementor-element-populated\">\n\t\t\t\t\t\t<div class=\"elementor-element elementor-element-5768beaa elementor-widget elementor-widget-image\" data-id=\"5768beaa\" data-element_type=\"widget\" data-widget_type=\"image.default\">\n\t\t\t\t<div class=\"elementor-widget-container\">\n\t\t\t\t\t\t\t\t\t\t\t\t\t\t\t\t<a href=\"https:\/\/nurident.com\/wp-content\/uploads\/2022\/11\/nurident8-3.webp\" data-elementor-open-lightbox=\"yes\" data-elementor-lightbox-title=\"nurident8 (3)\" data-e-action-hash=\"#elementor-action%3Aaction%3Dlightbox%26settings%3DeyJpZCI6MTM0NzEsInVybCI6Imh0dHBzOlwvXC9udXJpZGVudC5jb21cL2RlXC93cC1jb250ZW50XC91cGxvYWRzXC8yMDIyXC8xMVwvbnVyaWRlbnQ4LTMud2VicCJ9\">\n\t\t\t\t\t\t\t<img loading=\"lazy\" decoding=\"async\" width=\"1200\" height=\"700\" src=\"https:\/\/nurident.com\/de\/wp-content\/uploads\/2022\/11\/nurident8-3.webp\" class=\"elementor-animation-grow attachment-full size-full wp-image-13471\" alt=\"\" srcset=\"https:\/\/nurident.com\/de\/wp-content\/uploads\/2022\/11\/nurident8-3.webp 1200w, https:\/\/nurident.com\/de\/wp-content\/uploads\/2022\/11\/nurident8-3-300x175.webp 300w, https:\/\/nurident.com\/de\/wp-content\/uploads\/2022\/11\/nurident8-3-1024x597.webp 1024w, https:\/\/nurident.com\/de\/wp-content\/uploads\/2022\/11\/nurident8-3-768x448.webp 768w\" sizes=\"(max-width: 1200px) 100vw, 1200px\" \/>\t\t\t\t\t\t\t\t<\/a>\n\t\t\t\t\t\t\t\t\t\t\t\t\t\t\t<\/div>\n\t\t\t\t<\/div>\n\t\t\t\t<div class=\"elementor-element elementor-element-552453d4 elementor-widget elementor-widget-text-editor\" data-id=\"552453d4\" data-element_type=\"widget\" data-widget_type=\"text-editor.default\">\n\t\t\t\t<div class=\"elementor-widget-container\">\n\t\t\t\t\t\t\t\t\t<div class=\"col-md-6 box-pic\"><div class=\"col-md-6 box-pic\"><div class=\"col-md-6 box-pic\"><p class=\"detail-cases\" data-explain=\"1\">4- Zementierung der Matall-Keramik-Konstruktion mit \u00e4sthetischer Keramik IPS e. Max Ceram im Oberkiefer.<\/p><\/div><\/div><\/div>\t\t\t\t\t\t\t\t<\/div>\n\t\t\t\t<\/div>\n\t\t\t\t\t<\/div>\n\t\t<\/div>\n\t\t\t\t\t<\/div>\n\t\t<\/section>\n\t\t\t\t<section class=\"elementor-section elementor-top-section elementor-element elementor-element-56c705b2 elementor-section-boxed elementor-section-height-default elementor-section-height-default\" data-id=\"56c705b2\" data-element_type=\"section\">\n\t\t\t\t\t\t<div class=\"elementor-container elementor-column-gap-default\">\n\t\t\t\t\t<div class=\"elementor-column elementor-col-50 elementor-top-column elementor-element elementor-element-17eda532\" data-id=\"17eda532\" data-element_type=\"column\">\n\t\t\t<div class=\"elementor-widget-wrap elementor-element-populated\">\n\t\t\t\t\t\t<div class=\"elementor-element elementor-element-64521916 elementor-widget elementor-widget-image\" data-id=\"64521916\" data-element_type=\"widget\" data-widget_type=\"image.default\">\n\t\t\t\t<div class=\"elementor-widget-container\">\n\t\t\t\t\t\t\t\t\t\t\t\t\t\t\t\t<a href=\"https:\/\/nurident.com\/wp-content\/uploads\/2022\/11\/nurident8-3.webp\" data-elementor-open-lightbox=\"yes\" data-elementor-lightbox-title=\"nurident8 (3)\" data-e-action-hash=\"#elementor-action%3Aaction%3Dlightbox%26settings%3DeyJpZCI6MTM0NzEsInVybCI6Imh0dHBzOlwvXC9udXJpZGVudC5jb21cL2RlXC93cC1jb250ZW50XC91cGxvYWRzXC8yMDIyXC8xMVwvbnVyaWRlbnQ4LTMud2VicCJ9\">\n\t\t\t\t\t\t\t<img loading=\"lazy\" decoding=\"async\" width=\"1200\" height=\"700\" src=\"https:\/\/nurident.com\/de\/wp-content\/uploads\/2022\/11\/nurident8-3.webp\" class=\"elementor-animation-grow attachment-full size-full wp-image-13471\" alt=\"\" srcset=\"https:\/\/nurident.com\/de\/wp-content\/uploads\/2022\/11\/nurident8-3.webp 1200w, https:\/\/nurident.com\/de\/wp-content\/uploads\/2022\/11\/nurident8-3-300x175.webp 300w, https:\/\/nurident.com\/de\/wp-content\/uploads\/2022\/11\/nurident8-3-1024x597.webp 1024w, https:\/\/nurident.com\/de\/wp-content\/uploads\/2022\/11\/nurident8-3-768x448.webp 768w\" sizes=\"(max-width: 1200px) 100vw, 1200px\" \/>\t\t\t\t\t\t\t\t<\/a>\n\t\t\t\t\t\t\t\t\t\t\t\t\t\t\t<\/div>\n\t\t\t\t<\/div>\n\t\t\t\t<div class=\"elementor-element elementor-element-325ce00d elementor-widget elementor-widget-text-editor\" data-id=\"325ce00d\" data-element_type=\"widget\" data-widget_type=\"text-editor.default\">\n\t\t\t\t<div class=\"elementor-widget-container\">\n\t\t\t\t\t\t\t\t\t<div class=\"col-md-6 box-pic\"><div class=\"col-md-6 box-pic\"><div class=\"col-md-6 box-pic\"><p class=\"detail-cases\" data-explain=\"1\">5- Zementierung der Matall-Keramik-Konstruktion mit \u00e4sthetischer Keramik IPS e. Max Ceram im Unterkiefer.<\/p><\/div><\/div><\/div>\t\t\t\t\t\t\t\t<\/div>\n\t\t\t\t<\/div>\n\t\t\t\t\t<\/div>\n\t\t<\/div>\n\t\t\t\t<div class=\"elementor-column elementor-col-50 elementor-top-column elementor-element elementor-element-6b8d828a\" data-id=\"6b8d828a\" data-element_type=\"column\">\n\t\t\t<div class=\"elementor-widget-wrap elementor-element-populated\">\n\t\t\t\t\t\t<div class=\"elementor-element elementor-element-30dc0972 elementor-widget elementor-widget-image\" data-id=\"30dc0972\" data-element_type=\"widget\" data-widget_type=\"image.default\">\n\t\t\t\t<div class=\"elementor-widget-container\">\n\t\t\t\t\t\t\t\t\t\t\t\t\t\t\t\t<a href=\"https:\/\/nurident.com\/wp-content\/uploads\/2022\/11\/nurident8-5.webp\" data-elementor-open-lightbox=\"yes\" data-elementor-lightbox-title=\"nurident8 (5)\" data-e-action-hash=\"#elementor-action%3Aaction%3Dlightbox%26settings%3DeyJpZCI6MTM0NzMsInVybCI6Imh0dHBzOlwvXC9udXJpZGVudC5jb21cL2RlXC93cC1jb250ZW50XC91cGxvYWRzXC8yMDIyXC8xMVwvbnVyaWRlbnQ4LTUud2VicCJ9\">\n\t\t\t\t\t\t\t<img loading=\"lazy\" decoding=\"async\" width=\"1200\" height=\"700\" src=\"https:\/\/nurident.com\/de\/wp-content\/uploads\/2022\/11\/nurident8-5.webp\" class=\"elementor-animation-grow attachment-full size-full wp-image-13473\" alt=\"\" srcset=\"https:\/\/nurident.com\/de\/wp-content\/uploads\/2022\/11\/nurident8-5.webp 1200w, https:\/\/nurident.com\/de\/wp-content\/uploads\/2022\/11\/nurident8-5-300x175.webp 300w, https:\/\/nurident.com\/de\/wp-content\/uploads\/2022\/11\/nurident8-5-1024x597.webp 1024w, https:\/\/nurident.com\/de\/wp-content\/uploads\/2022\/11\/nurident8-5-768x448.webp 768w\" sizes=\"(max-width: 1200px) 100vw, 1200px\" \/>\t\t\t\t\t\t\t\t<\/a>\n\t\t\t\t\t\t\t\t\t\t\t\t\t\t\t<\/div>\n\t\t\t\t<\/div>\n\t\t\t\t<div class=\"elementor-element elementor-element-5d412b8c elementor-widget elementor-widget-text-editor\" data-id=\"5d412b8c\" data-element_type=\"widget\" data-widget_type=\"text-editor.default\">\n\t\t\t\t<div class=\"elementor-widget-container\">\n\t\t\t\t\t\t\t\t\t<div class=\"col-md-6 box-pic\"><main id=\"main\"><div class=\"container\"><div class=\"row\"><div class=\"col-md-12 second-titrb text-center\"><div class=\"row firstday\"><div class=\"col-md-6 box-pic\"><p class=\"detail-cases\" data-explain=\"1\">6- Komplette Ver\u00e4nderung in Nurident.<\/p><\/div><\/div><\/div><\/div><\/div><\/main><\/div>\t\t\t\t\t\t\t\t<\/div>\n\t\t\t\t<\/div>\n\t\t\t\t\t<\/div>\n\t\t<\/div>\n\t\t\t\t\t<\/div>\n\t\t<\/section>\n\t\t\t\t<\/div>\n\t\t","protected":false},"excerpt":{"rendered":"<p>Kostenlose Angebotsanfrage Treating doctor: Dr. Nuri and his team Ein 44-j\u00e4hriger Patient mit Abrieb bestehender nat\u00fcrlicher Z\u00e4hne und Zahnfleischrezession im Frontalbereich von Zahn 31 im Unterkiefer, beeintr\u00e4chtigter \u00c4sthetik und verminderter Okklusion. Der Behandlungsplan beinhaltet: Entnahme eines Weichgewebetransplantats vom Gaumen und Transplantation im Frontalbereich, Devitalisierung aller nat\u00fcrlichen Z\u00e4hne im Ober- und Unterkiefer und Abschleifen dieser f\u00fcr [&hellip;]<\/p>\n","protected":false},"author":1,"featured_media":0,"parent":7338,"menu_order":0,"comment_status":"closed","ping_status":"closed","template":"","meta":{"footnotes":""},"class_list":["post-13441","page","type-page","status-publish","hentry"],"_links":{"self":[{"href":"https:\/\/nurident.com\/de\/wp-json\/wp\/v2\/pages\/13441","targetHints":{"allow":["GET"]}}],"collection":[{"href":"https:\/\/nurident.com\/de\/wp-json\/wp\/v2\/pages"}],"about":[{"href":"https:\/\/nurident.com\/de\/wp-json\/wp\/v2\/types\/page"}],"author":[{"embeddable":true,"href":"https:\/\/nurident.com\/de\/wp-json\/wp\/v2\/users\/1"}],"replies":[{"embeddable":true,"href":"https:\/\/nurident.com\/de\/wp-json\/wp\/v2\/comments?post=13441"}],"version-history":[{"count":6,"href":"https:\/\/nurident.com\/de\/wp-json\/wp\/v2\/pages\/13441\/revisions"}],"predecessor-version":[{"id":20980,"href":"https:\/\/nurident.com\/de\/wp-json\/wp\/v2\/pages\/13441\/revisions\/20980"}],"up":[{"embeddable":true,"href":"https:\/\/nurident.com\/de\/wp-json\/wp\/v2\/pages\/7338"}],"wp:attachment":[{"href":"https:\/\/nurident.com\/de\/wp-json\/wp\/v2\/media?parent=13441"}],"curies":[{"name":"wp","href":"https:\/\/api.w.org\/{rel}","templated":true}]}}