{"id":13369,"date":"2022-11-09T08:59:22","date_gmt":"2022-11-09T08:59:22","guid":{"rendered":"https:\/\/nurigroup.eu\/?page_id=13369"},"modified":"2022-11-20T11:04:32","modified_gmt":"2022-11-20T11:04:32","slug":"5-2","status":"publish","type":"page","link":"https:\/\/nurident.com\/de\/detail-fall\/5-2\/","title":{"rendered":"5"},"content":{"rendered":"\t\t<div data-elementor-type=\"wp-page\" data-elementor-id=\"13369\" class=\"elementor elementor-13369\" data-elementor-post-type=\"page\">\n\t\t\t\t\t\t<section class=\"elementor-section elementor-top-section elementor-element elementor-element-29727020 elementor-section-boxed elementor-section-height-default elementor-section-height-default\" data-id=\"29727020\" data-element_type=\"section\">\n\t\t\t\t\t\t<div class=\"elementor-container elementor-column-gap-default\">\n\t\t\t\t\t<div class=\"elementor-column elementor-col-50 elementor-top-column elementor-element elementor-element-4c4af7c8\" data-id=\"4c4af7c8\" data-element_type=\"column\">\n\t\t\t<div class=\"elementor-widget-wrap elementor-element-populated\">\n\t\t\t\t\t\t<div class=\"elementor-element elementor-element-5570d969 elementor-widget elementor-widget-image\" data-id=\"5570d969\" data-element_type=\"widget\" data-widget_type=\"image.default\">\n\t\t\t\t<div class=\"elementor-widget-container\">\n\t\t\t\t\t\t\t\t\t\t\t\t\t\t\t\t<a href=\"https:\/\/nurident.com\/wp-content\/uploads\/2022\/11\/nurident5-1.webp\" data-elementor-open-lightbox=\"yes\" data-elementor-lightbox-title=\"nurident5 (1)\" data-e-action-hash=\"#elementor-action%3Aaction%3Dlightbox%26settings%3DeyJpZCI6ODg1MCwidXJsIjoiaHR0cHM6XC9cL251cmlkZW50LmNvbVwvZGVcL3dwLWNvbnRlbnRcL3VwbG9hZHNcLzIwMjJcLzExXC9udXJpZGVudDUtMS53ZWJwIn0%3D\">\n\t\t\t\t\t\t\t<img fetchpriority=\"high\" decoding=\"async\" width=\"1050\" height=\"789\" src=\"https:\/\/nurident.com\/de\/wp-content\/uploads\/2022\/11\/nurident5-1.webp\" class=\"attachment-full size-full wp-image-8850\" alt=\"\" srcset=\"https:\/\/nurident.com\/de\/wp-content\/uploads\/2022\/11\/nurident5-1.webp 1050w, https:\/\/nurident.com\/de\/wp-content\/uploads\/2022\/11\/nurident5-1-300x225.webp 300w, https:\/\/nurident.com\/de\/wp-content\/uploads\/2022\/11\/nurident5-1-1024x769.webp 1024w, https:\/\/nurident.com\/de\/wp-content\/uploads\/2022\/11\/nurident5-1-768x577.webp 768w\" sizes=\"(max-width: 1050px) 100vw, 1050px\" \/>\t\t\t\t\t\t\t\t<\/a>\n\t\t\t\t\t\t\t\t\t\t\t\t\t\t\t<\/div>\n\t\t\t\t<\/div>\n\t\t\t\t<div class=\"elementor-element elementor-element-47e70d33 elementor-align-justify elementor-hidden-desktop elementor-hidden-mobile elementor-widget elementor-widget-button\" data-id=\"47e70d33\" data-element_type=\"widget\" data-widget_type=\"button.default\">\n\t\t\t\t<div class=\"elementor-widget-container\">\n\t\t\t\t\t\t\t\t\t<div class=\"elementor-button-wrapper\">\n\t\t\t\t\t<a class=\"elementor-button elementor-button-link elementor-size-md\" href=\"https:\/\/nurident.com\/de\/kontak\/\">\n\t\t\t\t\t\t<span class=\"elementor-button-content-wrapper\">\n\t\t\t\t\t\t\t\t\t<span class=\"elementor-button-text\">Kostenlose Angebotsanfrage<\/span>\n\t\t\t\t\t<\/span>\n\t\t\t\t\t<\/a>\n\t\t\t\t<\/div>\n\t\t\t\t\t\t\t\t<\/div>\n\t\t\t\t<\/div>\n\t\t\t\t<div class=\"elementor-element elementor-element-7655c33f elementor-hidden-desktop elementor-hidden-mobile elementor-widget elementor-widget-heading\" data-id=\"7655c33f\" data-element_type=\"widget\" data-widget_type=\"heading.default\">\n\t\t\t\t<div class=\"elementor-widget-container\">\n\t\t\t\t\t<h2 class=\"elementor-heading-title elementor-size-default\">Behandelnder Arzt: Dr. Nuri\n\n<\/h2>\t\t\t\t<\/div>\n\t\t\t\t<\/div>\n\t\t\t\t\t<\/div>\n\t\t<\/div>\n\t\t\t\t<div class=\"elementor-column elementor-col-50 elementor-top-column elementor-element elementor-element-19fd9076\" data-id=\"19fd9076\" data-element_type=\"column\">\n\t\t\t<div class=\"elementor-widget-wrap elementor-element-populated\">\n\t\t\t\t\t\t<div class=\"elementor-element elementor-element-3f22660b elementor-widget elementor-widget-text-editor\" data-id=\"3f22660b\" data-element_type=\"widget\" data-widget_type=\"text-editor.default\">\n\t\t\t\t<div class=\"elementor-widget-container\">\n\t\t\t\t\t\t\t\t\t<p>Die Patientin ist 45 Jahre alt. Klinischer Befund: vollst\u00e4ndig zahnlose und stark atrophierte Kiefer. Beeintr\u00e4chtigte \u00c4sthetik, Okklusion und Funktion. Der Behandlungsplan beinhaltet: einsetzen von 12 sofort-belastbaren bi-kortikalen Zahnimplantaten der Marke BasalFix in den Oberkiefer und 8 sofort-belastbaren b-kortikalen Zahnimplantaten der Marke BasalFix in den Unterkiefer und Prothetik durch\u00a0<b>Laser mit \u00e4sthetischer Keramik IPS e. Max Ceram.\u00a0<\/b>Wiederherstellung der \u00c4sthetik, Okklusion und Funktion. Kein Sinuslift und keine Knochenaugmentation.\u00a0<b>Dauer der Behandlung: 6 Tage<\/b><\/p>\t\t\t\t\t\t\t\t<\/div>\n\t\t\t\t<\/div>\n\t\t\t\t<div class=\"elementor-element elementor-element-3ca35dbb elementor-hidden-tablet elementor-widget elementor-widget-heading\" data-id=\"3ca35dbb\" data-element_type=\"widget\" data-widget_type=\"heading.default\">\n\t\t\t\t<div class=\"elementor-widget-container\">\n\t\t\t\t\t<h2 class=\"elementor-heading-title elementor-size-default\">Behandelnder Arzt: Dr. Nuri\n\n<\/h2>\t\t\t\t<\/div>\n\t\t\t\t<\/div>\n\t\t\t\t<div class=\"elementor-element elementor-element-73da54f8 elementor-align-justify elementor-hidden-tablet elementor-widget elementor-widget-button\" data-id=\"73da54f8\" data-element_type=\"widget\" data-widget_type=\"button.default\">\n\t\t\t\t<div class=\"elementor-widget-container\">\n\t\t\t\t\t\t\t\t\t<div class=\"elementor-button-wrapper\">\n\t\t\t\t\t<a class=\"elementor-button elementor-button-link elementor-size-md\" href=\"https:\/\/nurident.com\/de\/kontak\/\">\n\t\t\t\t\t\t<span class=\"elementor-button-content-wrapper\">\n\t\t\t\t\t\t\t\t\t<span class=\"elementor-button-text\">Kostenlose Angebotsanfrage<\/span>\n\t\t\t\t\t<\/span>\n\t\t\t\t\t<\/a>\n\t\t\t\t<\/div>\n\t\t\t\t\t\t\t\t<\/div>\n\t\t\t\t<\/div>\n\t\t\t\t\t<\/div>\n\t\t<\/div>\n\t\t\t\t\t<\/div>\n\t\t<\/section>\n\t\t\t\t<section class=\"elementor-section elementor-top-section elementor-element elementor-element-2a42367 elementor-section-boxed elementor-section-height-default elementor-section-height-default\" data-id=\"2a42367\" data-element_type=\"section\">\n\t\t\t\t\t\t<div class=\"elementor-container elementor-column-gap-default\">\n\t\t\t\t\t<div class=\"elementor-column elementor-col-50 elementor-top-column elementor-element elementor-element-55b1c32d\" data-id=\"55b1c32d\" data-element_type=\"column\">\n\t\t\t<div class=\"elementor-widget-wrap elementor-element-populated\">\n\t\t\t\t\t\t<div class=\"elementor-element elementor-element-4604c805 elementor-widget elementor-widget-image\" data-id=\"4604c805\" data-element_type=\"widget\" data-widget_type=\"image.default\">\n\t\t\t\t<div class=\"elementor-widget-container\">\n\t\t\t\t\t\t\t\t\t\t\t\t\t\t\t\t<a href=\"https:\/\/nurident.com\/wp-content\/uploads\/2022\/11\/nurident5-5.webp\" data-elementor-open-lightbox=\"yes\" data-elementor-lightbox-title=\"nurident5 (5)\" data-e-action-hash=\"#elementor-action%3Aaction%3Dlightbox%26settings%3DeyJpZCI6MTMzODAsInVybCI6Imh0dHBzOlwvXC9udXJpZGVudC5jb21cL2RlXC93cC1jb250ZW50XC91cGxvYWRzXC8yMDIyXC8xMVwvbnVyaWRlbnQ1LTUud2VicCJ9\">\n\t\t\t\t\t\t\t<img decoding=\"async\" width=\"1200\" height=\"700\" src=\"https:\/\/nurident.com\/de\/wp-content\/uploads\/2022\/11\/nurident5-5.webp\" class=\"elementor-animation-grow attachment-full size-full wp-image-13380\" alt=\"\" srcset=\"https:\/\/nurident.com\/de\/wp-content\/uploads\/2022\/11\/nurident5-5.webp 1200w, https:\/\/nurident.com\/de\/wp-content\/uploads\/2022\/11\/nurident5-5-300x175.webp 300w, https:\/\/nurident.com\/de\/wp-content\/uploads\/2022\/11\/nurident5-5-1024x597.webp 1024w, https:\/\/nurident.com\/de\/wp-content\/uploads\/2022\/11\/nurident5-5-768x448.webp 768w\" sizes=\"(max-width: 1200px) 100vw, 1200px\" \/>\t\t\t\t\t\t\t\t<\/a>\n\t\t\t\t\t\t\t\t\t\t\t\t\t\t\t<\/div>\n\t\t\t\t<\/div>\n\t\t\t\t<div class=\"elementor-element elementor-element-4a363972 elementor-widget elementor-widget-text-editor\" data-id=\"4a363972\" data-element_type=\"widget\" data-widget_type=\"text-editor.default\">\n\t\t\t\t<div class=\"elementor-widget-container\">\n\t\t\t\t\t\t\t\t\t<div class=\"col-md-6 box-pic\"><div class=\"col-md-6 box-pic\"><div class=\"col-md-6 box-pic\"><p class=\"detail-cases\" data-explain=\"1\">1- Nach der Behandlung mit sofort-belastbaren Zahnimplantaten der Marke BasalFix und Prothetik durch Laser mit \u00e4sthetischer Keramik IPS e. Max Ceram.<\/p><\/div><\/div><\/div>\t\t\t\t\t\t\t\t<\/div>\n\t\t\t\t<\/div>\n\t\t\t\t\t<\/div>\n\t\t<\/div>\n\t\t\t\t<div class=\"elementor-column elementor-col-50 elementor-top-column elementor-element elementor-element-2f1c13b4\" data-id=\"2f1c13b4\" data-element_type=\"column\">\n\t\t\t<div class=\"elementor-widget-wrap elementor-element-populated\">\n\t\t\t\t\t\t<div class=\"elementor-element elementor-element-31b2fdb3 elementor-widget elementor-widget-image\" data-id=\"31b2fdb3\" data-element_type=\"widget\" data-widget_type=\"image.default\">\n\t\t\t\t<div class=\"elementor-widget-container\">\n\t\t\t\t\t\t\t\t\t\t\t\t\t\t\t\t<a href=\"https:\/\/nurident.com\/wp-content\/uploads\/2022\/11\/nurident5-3.webp\" data-elementor-open-lightbox=\"yes\" data-elementor-lightbox-title=\"nurident5 (3)\" data-e-action-hash=\"#elementor-action%3Aaction%3Dlightbox%26settings%3DeyJpZCI6MTMzNzgsInVybCI6Imh0dHBzOlwvXC9udXJpZGVudC5jb21cL2RlXC93cC1jb250ZW50XC91cGxvYWRzXC8yMDIyXC8xMVwvbnVyaWRlbnQ1LTMud2VicCJ9\">\n\t\t\t\t\t\t\t<img decoding=\"async\" width=\"1200\" height=\"700\" src=\"https:\/\/nurident.com\/de\/wp-content\/uploads\/2022\/11\/nurident5-3.webp\" class=\"elementor-animation-grow attachment-full size-full wp-image-13378\" alt=\"\" srcset=\"https:\/\/nurident.com\/de\/wp-content\/uploads\/2022\/11\/nurident5-3.webp 1200w, https:\/\/nurident.com\/de\/wp-content\/uploads\/2022\/11\/nurident5-3-300x175.webp 300w, https:\/\/nurident.com\/de\/wp-content\/uploads\/2022\/11\/nurident5-3-1024x597.webp 1024w, https:\/\/nurident.com\/de\/wp-content\/uploads\/2022\/11\/nurident5-3-768x448.webp 768w\" sizes=\"(max-width: 1200px) 100vw, 1200px\" \/>\t\t\t\t\t\t\t\t<\/a>\n\t\t\t\t\t\t\t\t\t\t\t\t\t\t\t<\/div>\n\t\t\t\t<\/div>\n\t\t\t\t<div class=\"elementor-element elementor-element-1bb8cd8a elementor-widget elementor-widget-text-editor\" data-id=\"1bb8cd8a\" data-element_type=\"widget\" data-widget_type=\"text-editor.default\">\n\t\t\t\t<div class=\"elementor-widget-container\">\n\t\t\t\t\t\t\t\t\t<div class=\"col-md-6 box-pic\"><div class=\"col-md-6 box-pic\"><div class=\"col-md-6 box-pic\"><p class=\"detail-cases\" data-explain=\"1\">2- Vor der Behandlung.<\/p><\/div><\/div><\/div>\t\t\t\t\t\t\t\t<\/div>\n\t\t\t\t<\/div>\n\t\t\t\t\t<\/div>\n\t\t<\/div>\n\t\t\t\t\t<\/div>\n\t\t<\/section>\n\t\t\t\t<section class=\"elementor-section elementor-top-section elementor-element elementor-element-1c402ded elementor-section-boxed elementor-section-height-default elementor-section-height-default\" data-id=\"1c402ded\" data-element_type=\"section\">\n\t\t\t\t\t\t<div class=\"elementor-container elementor-column-gap-default\">\n\t\t\t\t\t<div class=\"elementor-column elementor-col-50 elementor-top-column elementor-element elementor-element-1b4e9e74\" data-id=\"1b4e9e74\" data-element_type=\"column\">\n\t\t\t<div class=\"elementor-widget-wrap elementor-element-populated\">\n\t\t\t\t\t\t<div class=\"elementor-element elementor-element-28e29edc elementor-widget elementor-widget-image\" data-id=\"28e29edc\" data-element_type=\"widget\" data-widget_type=\"image.default\">\n\t\t\t\t<div class=\"elementor-widget-container\">\n\t\t\t\t\t\t\t\t\t\t\t\t\t\t\t\t<a href=\"https:\/\/nurident.com\/wp-content\/uploads\/2022\/11\/nurident5-6.webp\" data-elementor-open-lightbox=\"yes\" data-elementor-lightbox-title=\"nurident5 (6)\" data-e-action-hash=\"#elementor-action%3Aaction%3Dlightbox%26settings%3DeyJpZCI6MTMzODEsInVybCI6Imh0dHBzOlwvXC9udXJpZGVudC5jb21cL2RlXC93cC1jb250ZW50XC91cGxvYWRzXC8yMDIyXC8xMVwvbnVyaWRlbnQ1LTYud2VicCJ9\">\n\t\t\t\t\t\t\t<img loading=\"lazy\" decoding=\"async\" width=\"1200\" height=\"700\" src=\"https:\/\/nurident.com\/de\/wp-content\/uploads\/2022\/11\/nurident5-6.webp\" class=\"elementor-animation-grow attachment-full size-full wp-image-13381\" alt=\"\" srcset=\"https:\/\/nurident.com\/de\/wp-content\/uploads\/2022\/11\/nurident5-6.webp 1200w, https:\/\/nurident.com\/de\/wp-content\/uploads\/2022\/11\/nurident5-6-300x175.webp 300w, https:\/\/nurident.com\/de\/wp-content\/uploads\/2022\/11\/nurident5-6-1024x597.webp 1024w, https:\/\/nurident.com\/de\/wp-content\/uploads\/2022\/11\/nurident5-6-768x448.webp 768w\" sizes=\"(max-width: 1200px) 100vw, 1200px\" \/>\t\t\t\t\t\t\t\t<\/a>\n\t\t\t\t\t\t\t\t\t\t\t\t\t\t\t<\/div>\n\t\t\t\t<\/div>\n\t\t\t\t<div class=\"elementor-element elementor-element-7d4ec8a7 elementor-widget elementor-widget-text-editor\" data-id=\"7d4ec8a7\" data-element_type=\"widget\" data-widget_type=\"text-editor.default\">\n\t\t\t\t<div class=\"elementor-widget-container\">\n\t\t\t\t\t\t\t\t\t<div class=\"col-md-6 box-pic\"><div class=\"col-md-6 box-pic\"><div class=\"col-md-6 box-pic\"><p class=\"detail-cases\" data-explain=\"1\">3- Oberkiefer vor der Behandlung.<\/p><\/div><\/div><\/div>\t\t\t\t\t\t\t\t<\/div>\n\t\t\t\t<\/div>\n\t\t\t\t\t<\/div>\n\t\t<\/div>\n\t\t\t\t<div class=\"elementor-column elementor-col-50 elementor-top-column elementor-element elementor-element-6c56553f\" data-id=\"6c56553f\" data-element_type=\"column\">\n\t\t\t<div class=\"elementor-widget-wrap elementor-element-populated\">\n\t\t\t\t\t\t<div class=\"elementor-element elementor-element-267f5880 elementor-widget elementor-widget-image\" data-id=\"267f5880\" data-element_type=\"widget\" data-widget_type=\"image.default\">\n\t\t\t\t<div class=\"elementor-widget-container\">\n\t\t\t\t\t\t\t\t\t\t\t\t\t\t\t\t<a href=\"https:\/\/nurident.com\/wp-content\/uploads\/2022\/11\/nurident5-9.webp\" data-elementor-open-lightbox=\"yes\" data-elementor-lightbox-title=\"nurident5 (9)\" data-e-action-hash=\"#elementor-action%3Aaction%3Dlightbox%26settings%3DeyJpZCI6MTMzODQsInVybCI6Imh0dHBzOlwvXC9udXJpZGVudC5jb21cL2RlXC93cC1jb250ZW50XC91cGxvYWRzXC8yMDIyXC8xMVwvbnVyaWRlbnQ1LTkud2VicCJ9\">\n\t\t\t\t\t\t\t<img loading=\"lazy\" decoding=\"async\" width=\"1200\" height=\"700\" src=\"https:\/\/nurident.com\/de\/wp-content\/uploads\/2022\/11\/nurident5-9.webp\" class=\"elementor-animation-grow attachment-full size-full wp-image-13384\" alt=\"\" srcset=\"https:\/\/nurident.com\/de\/wp-content\/uploads\/2022\/11\/nurident5-9.webp 1200w, https:\/\/nurident.com\/de\/wp-content\/uploads\/2022\/11\/nurident5-9-300x175.webp 300w, https:\/\/nurident.com\/de\/wp-content\/uploads\/2022\/11\/nurident5-9-1024x597.webp 1024w, https:\/\/nurident.com\/de\/wp-content\/uploads\/2022\/11\/nurident5-9-768x448.webp 768w\" sizes=\"(max-width: 1200px) 100vw, 1200px\" \/>\t\t\t\t\t\t\t\t<\/a>\n\t\t\t\t\t\t\t\t\t\t\t\t\t\t\t<\/div>\n\t\t\t\t<\/div>\n\t\t\t\t<div class=\"elementor-element elementor-element-3b31370f elementor-widget elementor-widget-text-editor\" data-id=\"3b31370f\" data-element_type=\"widget\" data-widget_type=\"text-editor.default\">\n\t\t\t\t<div class=\"elementor-widget-container\">\n\t\t\t\t\t\t\t\t\t<div class=\"col-md-6 box-pic\"><div class=\"col-md-6 box-pic\"><p class=\"detail-cases\" data-explain=\"1\">4- Unterkiefer vor der Behandlung.<\/p><\/div><\/div>\t\t\t\t\t\t\t\t<\/div>\n\t\t\t\t<\/div>\n\t\t\t\t\t<\/div>\n\t\t<\/div>\n\t\t\t\t\t<\/div>\n\t\t<\/section>\n\t\t\t\t<section class=\"elementor-section elementor-top-section elementor-element elementor-element-5cb90209 elementor-section-boxed elementor-section-height-default elementor-section-height-default\" data-id=\"5cb90209\" data-element_type=\"section\">\n\t\t\t\t\t\t<div class=\"elementor-container elementor-column-gap-default\">\n\t\t\t\t\t<div class=\"elementor-column elementor-col-50 elementor-top-column elementor-element elementor-element-2911bccc\" data-id=\"2911bccc\" data-element_type=\"column\">\n\t\t\t<div class=\"elementor-widget-wrap elementor-element-populated\">\n\t\t\t\t\t\t<div class=\"elementor-element elementor-element-71e7f6a0 elementor-widget elementor-widget-image\" data-id=\"71e7f6a0\" data-element_type=\"widget\" data-widget_type=\"image.default\">\n\t\t\t\t<div class=\"elementor-widget-container\">\n\t\t\t\t\t\t\t\t\t\t\t\t\t\t\t\t<a href=\"https:\/\/nurident.com\/wp-content\/uploads\/2022\/11\/nurident5-7.webp\" data-elementor-open-lightbox=\"yes\" data-elementor-lightbox-title=\"nurident5 (7)\" data-e-action-hash=\"#elementor-action%3Aaction%3Dlightbox%26settings%3DeyJpZCI6MTMzODIsInVybCI6Imh0dHBzOlwvXC9udXJpZGVudC5jb21cL2RlXC93cC1jb250ZW50XC91cGxvYWRzXC8yMDIyXC8xMVwvbnVyaWRlbnQ1LTcud2VicCJ9\">\n\t\t\t\t\t\t\t<img loading=\"lazy\" decoding=\"async\" width=\"1200\" height=\"700\" src=\"https:\/\/nurident.com\/de\/wp-content\/uploads\/2022\/11\/nurident5-7.webp\" class=\"elementor-animation-grow attachment-full size-full wp-image-13382\" alt=\"\" srcset=\"https:\/\/nurident.com\/de\/wp-content\/uploads\/2022\/11\/nurident5-7.webp 1200w, https:\/\/nurident.com\/de\/wp-content\/uploads\/2022\/11\/nurident5-7-300x175.webp 300w, https:\/\/nurident.com\/de\/wp-content\/uploads\/2022\/11\/nurident5-7-1024x597.webp 1024w, https:\/\/nurident.com\/de\/wp-content\/uploads\/2022\/11\/nurident5-7-768x448.webp 768w\" sizes=\"(max-width: 1200px) 100vw, 1200px\" \/>\t\t\t\t\t\t\t\t<\/a>\n\t\t\t\t\t\t\t\t\t\t\t\t\t\t\t<\/div>\n\t\t\t\t<\/div>\n\t\t\t\t<div class=\"elementor-element elementor-element-3837634b elementor-widget elementor-widget-text-editor\" data-id=\"3837634b\" data-element_type=\"widget\" data-widget_type=\"text-editor.default\">\n\t\t\t\t<div class=\"elementor-widget-container\">\n\t\t\t\t\t\t\t\t\t<div class=\"col-md-6 box-pic\"><div class=\"col-md-6 box-pic\"><p class=\"detail-cases\" data-explain=\"1\">5- Orthopantoogramm vor der Behandlung.<\/p><\/div><\/div>\t\t\t\t\t\t\t\t<\/div>\n\t\t\t\t<\/div>\n\t\t\t\t\t<\/div>\n\t\t<\/div>\n\t\t\t\t<div class=\"elementor-column elementor-col-50 elementor-top-column elementor-element elementor-element-2f094235\" data-id=\"2f094235\" data-element_type=\"column\">\n\t\t\t<div class=\"elementor-widget-wrap elementor-element-populated\">\n\t\t\t\t\t\t<div class=\"elementor-element elementor-element-764c3ac5 elementor-widget elementor-widget-image\" data-id=\"764c3ac5\" data-element_type=\"widget\" data-widget_type=\"image.default\">\n\t\t\t\t<div class=\"elementor-widget-container\">\n\t\t\t\t\t\t\t\t\t\t\t\t\t\t\t\t<a href=\"https:\/\/nurident.com\/wp-content\/uploads\/2022\/11\/nurident5-2.webp\" data-elementor-open-lightbox=\"yes\" data-elementor-lightbox-title=\"nurident5 (2)\" data-e-action-hash=\"#elementor-action%3Aaction%3Dlightbox%26settings%3DeyJpZCI6MTMzNzcsInVybCI6Imh0dHBzOlwvXC9udXJpZGVudC5jb21cL2RlXC93cC1jb250ZW50XC91cGxvYWRzXC8yMDIyXC8xMVwvbnVyaWRlbnQ1LTIud2VicCJ9\">\n\t\t\t\t\t\t\t<img loading=\"lazy\" decoding=\"async\" width=\"1200\" height=\"700\" src=\"https:\/\/nurident.com\/de\/wp-content\/uploads\/2022\/11\/nurident5-2.webp\" class=\"elementor-animation-grow attachment-full size-full wp-image-13377\" alt=\"\" srcset=\"https:\/\/nurident.com\/de\/wp-content\/uploads\/2022\/11\/nurident5-2.webp 1200w, https:\/\/nurident.com\/de\/wp-content\/uploads\/2022\/11\/nurident5-2-300x175.webp 300w, https:\/\/nurident.com\/de\/wp-content\/uploads\/2022\/11\/nurident5-2-1024x597.webp 1024w, https:\/\/nurident.com\/de\/wp-content\/uploads\/2022\/11\/nurident5-2-768x448.webp 768w\" sizes=\"(max-width: 1200px) 100vw, 1200px\" \/>\t\t\t\t\t\t\t\t<\/a>\n\t\t\t\t\t\t\t\t\t\t\t\t\t\t\t<\/div>\n\t\t\t\t<\/div>\n\t\t\t\t<div class=\"elementor-element elementor-element-222dd11f elementor-widget elementor-widget-text-editor\" data-id=\"222dd11f\" data-element_type=\"widget\" data-widget_type=\"text-editor.default\">\n\t\t\t\t<div class=\"elementor-widget-container\">\n\t\t\t\t\t\t\t\t\t<div class=\"col-md-6 box-pic\"><div class=\"col-md-6 box-pic\"><div class=\"col-md-6 box-pic\"><p class=\"detail-cases\" data-explain=\"1\">6- Gesetzte sofort-belastbare Zahnimplantate der Marke Basal-Fix im Ober- und Unterkiefer.<\/p><\/div><\/div><\/div>\t\t\t\t\t\t\t\t<\/div>\n\t\t\t\t<\/div>\n\t\t\t\t\t<\/div>\n\t\t<\/div>\n\t\t\t\t\t<\/div>\n\t\t<\/section>\n\t\t\t\t<section class=\"elementor-section elementor-top-section elementor-element elementor-element-3d04e65f elementor-section-boxed elementor-section-height-default elementor-section-height-default\" data-id=\"3d04e65f\" data-element_type=\"section\">\n\t\t\t\t\t\t<div class=\"elementor-container elementor-column-gap-default\">\n\t\t\t\t\t<div class=\"elementor-column elementor-col-50 elementor-top-column elementor-element elementor-element-292e5fec\" data-id=\"292e5fec\" data-element_type=\"column\">\n\t\t\t<div class=\"elementor-widget-wrap elementor-element-populated\">\n\t\t\t\t\t\t<div class=\"elementor-element elementor-element-30aeeb36 elementor-widget elementor-widget-image\" data-id=\"30aeeb36\" data-element_type=\"widget\" data-widget_type=\"image.default\">\n\t\t\t\t<div class=\"elementor-widget-container\">\n\t\t\t\t\t\t\t\t\t\t\t\t\t\t\t\t<a href=\"https:\/\/nurident.com\/wp-content\/uploads\/2022\/11\/nurident5-4.webp\" data-elementor-open-lightbox=\"yes\" data-elementor-lightbox-title=\"nurident5 (4)\" data-e-action-hash=\"#elementor-action%3Aaction%3Dlightbox%26settings%3DeyJpZCI6MTMzNzksInVybCI6Imh0dHBzOlwvXC9udXJpZGVudC5jb21cL2RlXC93cC1jb250ZW50XC91cGxvYWRzXC8yMDIyXC8xMVwvbnVyaWRlbnQ1LTQud2VicCJ9\">\n\t\t\t\t\t\t\t<img loading=\"lazy\" decoding=\"async\" width=\"1200\" height=\"700\" src=\"https:\/\/nurident.com\/de\/wp-content\/uploads\/2022\/11\/nurident5-4.webp\" class=\"elementor-animation-grow attachment-full size-full wp-image-13379\" alt=\"\" srcset=\"https:\/\/nurident.com\/de\/wp-content\/uploads\/2022\/11\/nurident5-4.webp 1200w, https:\/\/nurident.com\/de\/wp-content\/uploads\/2022\/11\/nurident5-4-300x175.webp 300w, https:\/\/nurident.com\/de\/wp-content\/uploads\/2022\/11\/nurident5-4-1024x597.webp 1024w, https:\/\/nurident.com\/de\/wp-content\/uploads\/2022\/11\/nurident5-4-768x448.webp 768w\" sizes=\"(max-width: 1200px) 100vw, 1200px\" \/>\t\t\t\t\t\t\t\t<\/a>\n\t\t\t\t\t\t\t\t\t\t\t\t\t\t\t<\/div>\n\t\t\t\t<\/div>\n\t\t\t\t<div class=\"elementor-element elementor-element-41cc5b43 elementor-widget elementor-widget-text-editor\" data-id=\"41cc5b43\" data-element_type=\"widget\" data-widget_type=\"text-editor.default\">\n\t\t\t\t<div class=\"elementor-widget-container\">\n\t\t\t\t\t\t\t\t\t<div class=\"col-md-6 box-pic\"><div class=\"col-md-6 box-pic\"><div class=\"col-md-6 box-pic\"><p class=\"detail-cases\" data-explain=\"1\">7- Orthopantomogramm mit gesetzten sofort-belastbaren Zahnimplantaten und zementierten Konstruktionen hergestellt durch Laser mit \u00e4sthetischer Keramik IPS e. Mac Ceram in Nurident.<\/p><\/div><\/div><\/div>\t\t\t\t\t\t\t\t<\/div>\n\t\t\t\t<\/div>\n\t\t\t\t\t<\/div>\n\t\t<\/div>\n\t\t\t\t<div class=\"elementor-column elementor-col-50 elementor-top-column elementor-element elementor-element-42a1b78b\" data-id=\"42a1b78b\" data-element_type=\"column\">\n\t\t\t<div class=\"elementor-widget-wrap elementor-element-populated\">\n\t\t\t\t\t\t<div class=\"elementor-element elementor-element-1d51dd68 elementor-widget elementor-widget-image\" data-id=\"1d51dd68\" data-element_type=\"widget\" data-widget_type=\"image.default\">\n\t\t\t\t<div class=\"elementor-widget-container\">\n\t\t\t\t\t\t\t\t\t\t\t\t\t\t\t\t<a href=\"https:\/\/nurident.com\/wp-content\/uploads\/2022\/11\/nurident5-8.webp\" data-elementor-open-lightbox=\"yes\" data-elementor-lightbox-title=\"nurident5 (8)\" data-e-action-hash=\"#elementor-action%3Aaction%3Dlightbox%26settings%3DeyJpZCI6MTMzODMsInVybCI6Imh0dHBzOlwvXC9udXJpZGVudC5jb21cL2RlXC93cC1jb250ZW50XC91cGxvYWRzXC8yMDIyXC8xMVwvbnVyaWRlbnQ1LTgud2VicCJ9\">\n\t\t\t\t\t\t\t<img loading=\"lazy\" decoding=\"async\" width=\"1200\" height=\"700\" src=\"https:\/\/nurident.com\/de\/wp-content\/uploads\/2022\/11\/nurident5-8.webp\" class=\"elementor-animation-grow attachment-full size-full wp-image-13383\" alt=\"\" srcset=\"https:\/\/nurident.com\/de\/wp-content\/uploads\/2022\/11\/nurident5-8.webp 1200w, https:\/\/nurident.com\/de\/wp-content\/uploads\/2022\/11\/nurident5-8-300x175.webp 300w, https:\/\/nurident.com\/de\/wp-content\/uploads\/2022\/11\/nurident5-8-1024x597.webp 1024w, https:\/\/nurident.com\/de\/wp-content\/uploads\/2022\/11\/nurident5-8-768x448.webp 768w\" sizes=\"(max-width: 1200px) 100vw, 1200px\" \/>\t\t\t\t\t\t\t\t<\/a>\n\t\t\t\t\t\t\t\t\t\t\t\t\t\t\t<\/div>\n\t\t\t\t<\/div>\n\t\t\t\t<div class=\"elementor-element elementor-element-5c1ce3d5 elementor-widget elementor-widget-text-editor\" data-id=\"5c1ce3d5\" data-element_type=\"widget\" data-widget_type=\"text-editor.default\">\n\t\t\t\t<div class=\"elementor-widget-container\">\n\t\t\t\t\t\t\t\t\t<div class=\"col-md-6 box-pic\"><p>8- Eine komplette Ver\u00e4nderung in Zahnklinik Nurident.<\/p><div class=\"container\"><div class=\"row\"><div class=\"col-md-12 second-titrb text-center\"><div class=\"row firstday\"><div class=\"col-md-6 box-pic\"><footer id=\"footer\"><div class=\"footer-top\"><div class=\"container\"><div class=\"row\">\u00a0<\/div><\/div><\/div><\/footer><\/div><\/div><\/div><\/div><\/div><\/div>\t\t\t\t\t\t\t\t<\/div>\n\t\t\t\t<\/div>\n\t\t\t\t\t<\/div>\n\t\t<\/div>\n\t\t\t\t\t<\/div>\n\t\t<\/section>\n\t\t\t\t<\/div>\n\t\t","protected":false},"excerpt":{"rendered":"<p>Kostenlose Angebotsanfrage Behandelnder Arzt: Dr. Nuri Die Patientin ist 45 Jahre alt. Klinischer Befund: vollst\u00e4ndig zahnlose und stark atrophierte Kiefer. Beeintr\u00e4chtigte \u00c4sthetik, Okklusion und Funktion. Der Behandlungsplan beinhaltet: einsetzen von 12 sofort-belastbaren bi-kortikalen Zahnimplantaten der Marke BasalFix in den Oberkiefer und 8 sofort-belastbaren b-kortikalen Zahnimplantaten der Marke BasalFix in den Unterkiefer und Prothetik durch\u00a0Laser mit [&hellip;]<\/p>\n","protected":false},"author":1,"featured_media":0,"parent":7338,"menu_order":0,"comment_status":"closed","ping_status":"closed","template":"","meta":{"footnotes":""},"class_list":["post-13369","page","type-page","status-publish","hentry"],"_links":{"self":[{"href":"https:\/\/nurident.com\/de\/wp-json\/wp\/v2\/pages\/13369","targetHints":{"allow":["GET"]}}],"collection":[{"href":"https:\/\/nurident.com\/de\/wp-json\/wp\/v2\/pages"}],"about":[{"href":"https:\/\/nurident.com\/de\/wp-json\/wp\/v2\/types\/page"}],"author":[{"embeddable":true,"href":"https:\/\/nurident.com\/de\/wp-json\/wp\/v2\/users\/1"}],"replies":[{"embeddable":true,"href":"https:\/\/nurident.com\/de\/wp-json\/wp\/v2\/comments?post=13369"}],"version-history":[{"count":9,"href":"https:\/\/nurident.com\/de\/wp-json\/wp\/v2\/pages\/13369\/revisions"}],"predecessor-version":[{"id":20965,"href":"https:\/\/nurident.com\/de\/wp-json\/wp\/v2\/pages\/13369\/revisions\/20965"}],"up":[{"embeddable":true,"href":"https:\/\/nurident.com\/de\/wp-json\/wp\/v2\/pages\/7338"}],"wp:attachment":[{"href":"https:\/\/nurident.com\/de\/wp-json\/wp\/v2\/media?parent=13369"}],"curies":[{"name":"wp","href":"https:\/\/api.w.org\/{rel}","templated":true}]}}